{"id":730,"date":"2020-05-05T15:51:19","date_gmt":"2020-05-05T13:51:19","guid":{"rendered":"https:\/\/gymnasium-eckhorst.de\/homepage\/?page_id=730"},"modified":"2025-02-26T15:24:42","modified_gmt":"2025-02-26T14:24:42","slug":"schulentwicklung","status":"publish","type":"page","link":"https:\/\/gymnasium-eckhorst.de\/homepage\/schulentwicklung\/","title":{"rendered":"Schulentwicklung"},"content":{"rendered":"\n<div class=\"wp-block-columns alignwide is-layout-flex wp-container-core-columns-is-layout-9d6595d7 wp-block-columns-is-layout-flex\">\n<div class=\"wp-block-column is-layout-flow wp-block-column-is-layout-flow\" style=\"flex-basis:66.66%\">\n<h4 class=\"wp-block-heading\">Unser Auftrag und Selbstverst\u00e4ndnis<\/h4>\n\n\n\n<p>Als Vertreter*innen des Kollegiums und der Schulleitung gestalten wir die Weiterentwicklung unserer Schule im Sinne der formulierten Ziele im Bereich Schulentwicklung mit. Dabei wirken wir als Steuerungsinstanz.<\/p>\n\n\n\n<p>Das SE-Team ist verantwortlich f\u00fcr das Formulieren der Ziele im Bereich Schulentwicklung am Gymnasium Eckhorst Bargteheide. An diesen wird vorrangig im Rahmen von Schulentwicklungstagen vom Kollegium und in anschlie\u00dfenden Projektgruppen gearbeitet. Ziel ist in der Regel eine Beschlussvorlage f\u00fcr die Lehrerkonferenz.<br>Das SE-Team koordiniert die Projekte und begleitet die Projektgruppen w\u00e4hrend des Prozesses, schafft Gelegenheit zu Kommunikation, Meinungsaustausch und Konsensfindung.<br>Das SE-Team f\u00fchlt sich daf\u00fcr verantwortlich, dass von der Lehrerkonferenz eine Bewertung der erarbeiteten Konzepte vorgenommen wird.<\/p>\n\n\n\n<h4 class=\"wp-block-heading\">Begleitung der Projektgruppen<\/h4>\n\n\n\n<p>Das SE-Team begleitet pro Schuljahr mehrere Projektgruppen und setzt dabei Schwerpunkte.<br>Die Bildung der dieser Gruppen erfolgt nach Interesse aus dem Kollegium heraus. Mindestens ein Mitglied des SE-Teams begleitet die Arbeitsgruppe und berichtet im SE-Team \u00fcber den Stand der Arbeits-\/Projektgruppe.<br>Bei Bedarf informiert das SE-Team das Kollegium, die Sch\u00fclerschaft und die Eltern.<br>Nach der Bewertung der Konzepte und positiver Beschlussfassung auf der Lehrerkonferenz begleitet das SE-Team die Umsetzung des Projektes in der Schule.<br>Wir sind als SE-Team davon \u00fcberzeugt, dass die gemeinsam formulierten Ziele dann gut erreicht werden k\u00f6nnen, wenn sie klar beschrieben sind und das Kollegium konsequent beteiligt wird.<\/p>\n<\/div>\n\n\n\n<div class=\"wp-block-column is-layout-flow wp-block-column-is-layout-flow\" style=\"flex-basis:33.33%\">\n<figure class=\"wp-block-image size-large\"><img fetchpriority=\"high\" decoding=\"async\" width=\"1024\" height=\"718\" src=\"https:\/\/gymnasium-eckhorst.de\/homepage\/wp-content\/uploads\/2023\/02\/IMG_5839-1024x718.jpg\" alt=\"\" class=\"wp-image-6151\" srcset=\"https:\/\/gymnasium-eckhorst.de\/homepage\/wp-content\/uploads\/2023\/02\/IMG_5839-1024x718.jpg 1024w, https:\/\/gymnasium-eckhorst.de\/homepage\/wp-content\/uploads\/2023\/02\/IMG_5839-300x210.jpg 300w, https:\/\/gymnasium-eckhorst.de\/homepage\/wp-content\/uploads\/2023\/02\/IMG_5839-768x538.jpg 768w, https:\/\/gymnasium-eckhorst.de\/homepage\/wp-content\/uploads\/2023\/02\/IMG_5839-1536x1077.jpg 1536w, https:\/\/gymnasium-eckhorst.de\/homepage\/wp-content\/uploads\/2023\/02\/IMG_5839-1200x841.jpg 1200w, https:\/\/gymnasium-eckhorst.de\/homepage\/wp-content\/uploads\/2023\/02\/IMG_5839.jpg 1809w\" sizes=\"(max-width: 1024px) 100vw, 1024px\" \/><figcaption class=\"wp-element-caption\">Wer wir sind: Herr Schwarz (Sz) als Mitglied der Schulleitung, Frau Goll (Go), Herr Jacke (Ja), Herr Mewes (Me), Herr Br\u00fcck (Bk), Herr Hoffmann (Ho) und Frau March-Lange (Ma); nicht im Bild: Frau Kyas (Ky)<\/figcaption><\/figure>\n<\/div>\n<\/div>\n\n\n\n<div class=\"wp-block-group alignfull has-background-color has-text-color has-background\" style=\"background-color:#0f598d\"><div class=\"wp-block-group__inner-container is-layout-flow wp-block-group-is-layout-flow\">\n<h3 class=\"wp-block-heading has-text-align-center\">Schulentwicklungstage<\/h3>\n<\/div><\/div>\n\n\n\n<p>Im Schuljahr 2024\/2025 wurden Schulentwicklungstage zu folgenden Themen organisiert:<\/p>\n\n\n\n<ol class=\"wp-block-list\">\n<li>Sensibilisierung zur sexualisierten Gewalt<\/li>\n\n\n\n<li>Unterst\u00fctzungssysteme f\u00fcr belastete Sch\u00fcler*innen<\/li>\n<\/ol>\n\n\n\n<p>Im Schuljahr 2023\/2024 wurden Schulentwicklungstage zu folgenden Themen organisiert:<\/p>\n\n\n\n<ol class=\"wp-block-list\">\n<li>Umsetzung der Experimentierklausel<\/li>\n\n\n\n<li>Unterrichtsentwicklung<\/li>\n<\/ol>\n\n\n\n<p>Im Schuljahr 2022\/2023 wurde ein Schulentwicklungstag zu folgendem Thema organisiert: <\/p>\n\n\n\n<ol class=\"wp-block-list\">\n<li>Achtsamkeit im Schulalltag leben<\/li>\n<\/ol>\n\n\n\n<p>Im Schuljahr 2021\/2022 wurden Schulentwicklungstage zu folgenden Themen organisiert: <\/p>\n\n\n\n<ol class=\"wp-block-list\">\n<li>Umgang mit p\u00e4dagogisch herausforderndem Verhalten<\/li>\n\n\n\n<li>Kollegiale Hospitation \/ itsLearning<\/li>\n<\/ol>\n\n\n\n<p>Im Schuljahr 2020\/2021 wurde ein Schulentwicklungstag zu folgendem Thema organisiert:<\/p>\n\n\n\n<ol style=\"list-style-type:1\" class=\"wp-block-list\">\n<li>Digitaler Unterricht: Impulse und Austausch<\/li>\n<\/ol>\n\n\n\n<p>Im Schuljahr 2019\/2020 wurden Schulentwicklungstage zu folgenden Themen organisiert:<\/p>\n\n\n\n<ol style=\"list-style-type:1\" class=\"wp-block-list\">\n<li>Einf\u00fchrung und Nutzung des elektronischen Klassenbuchs<\/li>\n\n\n\n<li>Grundrechtsklarheit und p\u00e4dagogisches Rollenverst\u00e4ndnis<\/li>\n<\/ol>\n","protected":false},"excerpt":{"rendered":"<p>Unser Auftrag und Selbstverst\u00e4ndnis Als Vertreter*innen des Kollegiums und der Schulleitung gestalten wir die Weiterentwicklung unserer Schule im Sinne der formulierten Ziele im Bereich Schulentwicklung mit. Dabei wirken wir als Steuerungsinstanz. Das SE-Team ist verantwortlich f\u00fcr das Formulieren der Ziele im Bereich Schulentwicklung am Gymnasium Eckhorst Bargteheide. An diesen wird vorrangig im Rahmen von Schulentwicklungstagen [&hellip;]<\/p>\n","protected":false},"author":17,"featured_media":0,"parent":0,"menu_order":0,"comment_status":"closed","ping_status":"closed","template":"","meta":{"footnotes":""},"class_list":["post-730","page","type-page","status-publish","hentry"],"_links":{"self":[{"href":"https:\/\/gymnasium-eckhorst.de\/homepage\/wp-json\/wp\/v2\/pages\/730","targetHints":{"allow":["GET"]}}],"collection":[{"href":"https:\/\/gymnasium-eckhorst.de\/homepage\/wp-json\/wp\/v2\/pages"}],"about":[{"href":"https:\/\/gymnasium-eckhorst.de\/homepage\/wp-json\/wp\/v2\/types\/page"}],"author":[{"embeddable":true,"href":"https:\/\/gymnasium-eckhorst.de\/homepage\/wp-json\/wp\/v2\/users\/17"}],"replies":[{"embeddable":true,"href":"https:\/\/gymnasium-eckhorst.de\/homepage\/wp-json\/wp\/v2\/comments?post=730"}],"version-history":[{"count":14,"href":"https:\/\/gymnasium-eckhorst.de\/homepage\/wp-json\/wp\/v2\/pages\/730\/revisions"}],"predecessor-version":[{"id":16693,"href":"https:\/\/gymnasium-eckhorst.de\/homepage\/wp-json\/wp\/v2\/pages\/730\/revisions\/16693"}],"wp:attachment":[{"href":"https:\/\/gymnasium-eckhorst.de\/homepage\/wp-json\/wp\/v2\/media?parent=730"}],"curies":[{"name":"wp","href":"https:\/\/api.w.org\/{rel}","templated":true}]}}