{"id":7123,"date":"2023-11-28T11:49:47","date_gmt":"2023-11-28T10:49:47","guid":{"rendered":"https:\/\/gymnasium-eckhorst.de\/homepage\/?page_id=7123"},"modified":"2024-07-15T09:13:56","modified_gmt":"2024-07-15T07:13:56","slug":"eckchor-ag","status":"publish","type":"page","link":"https:\/\/gymnasium-eckhorst.de\/homepage\/eckchor-ag\/","title":{"rendered":"EckChor AG"},"content":{"rendered":"\n<p>Singen macht gl\u00fccklich. Wer\u2019s nicht glaubt ist (und alle anderen sind auch) herzlich eingeladen zu unseren Proben am Donnerstag in der 7.\/8. Stunde in E48. Dabei wachsen wir jedes Schuljahr neu als Ensemble zusammen, entwickeln Ideen zur Umsetzung der St\u00fccke, lachen und genie\u00dfen den Kontakt \u00fcber die Jahrg\u00e4nge hinweg. Trotz der langen Schultage, die dann schon hinter uns liegen, ist die Stimmung immer ausgelassen. Singen macht eben gl\u00fccklich.<\/p>\n\n\n\n<p>Wir treten auf bei Schulkonzerten, Abi-Entlassungen oder anderen Feierstunden unserer Schule und fahren einmal im Jahr auf Probenfahrt.<\/p>\n\n\n\n<figure class=\"wp-block-gallery has-nested-images columns-1 is-cropped wp-block-gallery-1 is-layout-flex wp-block-gallery-is-layout-flex\">\n<figure class=\"wp-block-image size-large\"><img fetchpriority=\"high\" decoding=\"async\" width=\"1024\" height=\"736\" data-id=\"7932\" src=\"https:\/\/gymnasium-eckhorst.de\/homepage\/wp-content\/uploads\/2024\/07\/IMG_0504-1024x736.jpg\" alt=\"\" class=\"wp-image-7932\" srcset=\"https:\/\/gymnasium-eckhorst.de\/homepage\/wp-content\/uploads\/2024\/07\/IMG_0504-1024x736.jpg 1024w, https:\/\/gymnasium-eckhorst.de\/homepage\/wp-content\/uploads\/2024\/07\/IMG_0504-300x216.jpg 300w, https:\/\/gymnasium-eckhorst.de\/homepage\/wp-content\/uploads\/2024\/07\/IMG_0504-768x552.jpg 768w, https:\/\/gymnasium-eckhorst.de\/homepage\/wp-content\/uploads\/2024\/07\/IMG_0504-1536x1104.jpg 1536w, https:\/\/gymnasium-eckhorst.de\/homepage\/wp-content\/uploads\/2024\/07\/IMG_0504-2048x1471.jpg 2048w, https:\/\/gymnasium-eckhorst.de\/homepage\/wp-content\/uploads\/2024\/07\/IMG_0504-1200x862.jpg 1200w, https:\/\/gymnasium-eckhorst.de\/homepage\/wp-content\/uploads\/2024\/07\/IMG_0504-1980x1423.jpg 1980w\" sizes=\"(max-width: 1024px) 100vw, 1024px\" \/><\/figure>\n\n\n\n<figure class=\"wp-block-image size-large\"><img decoding=\"async\" width=\"1024\" height=\"736\" data-id=\"7933\" src=\"https:\/\/gymnasium-eckhorst.de\/homepage\/wp-content\/uploads\/2024\/07\/IMG_0511-1024x736.jpg\" alt=\"\" class=\"wp-image-7933\" srcset=\"https:\/\/gymnasium-eckhorst.de\/homepage\/wp-content\/uploads\/2024\/07\/IMG_0511-1024x736.jpg 1024w, https:\/\/gymnasium-eckhorst.de\/homepage\/wp-content\/uploads\/2024\/07\/IMG_0511-300x216.jpg 300w, https:\/\/gymnasium-eckhorst.de\/homepage\/wp-content\/uploads\/2024\/07\/IMG_0511-768x552.jpg 768w, https:\/\/gymnasium-eckhorst.de\/homepage\/wp-content\/uploads\/2024\/07\/IMG_0511-1536x1104.jpg 1536w, https:\/\/gymnasium-eckhorst.de\/homepage\/wp-content\/uploads\/2024\/07\/IMG_0511-2048x1472.jpg 2048w, https:\/\/gymnasium-eckhorst.de\/homepage\/wp-content\/uploads\/2024\/07\/IMG_0511-1200x862.jpg 1200w, https:\/\/gymnasium-eckhorst.de\/homepage\/wp-content\/uploads\/2024\/07\/IMG_0511-1980x1423.jpg 1980w\" sizes=\"(max-width: 1024px) 100vw, 1024px\" \/><\/figure>\n\n\n\n<figure class=\"wp-block-image size-large\"><img decoding=\"async\" width=\"1024\" height=\"768\" data-id=\"7935\" src=\"https:\/\/gymnasium-eckhorst.de\/homepage\/wp-content\/uploads\/2024\/07\/IMG_0515-1024x768.jpg\" alt=\"\" class=\"wp-image-7935\" srcset=\"https:\/\/gymnasium-eckhorst.de\/homepage\/wp-content\/uploads\/2024\/07\/IMG_0515-1024x768.jpg 1024w, https:\/\/gymnasium-eckhorst.de\/homepage\/wp-content\/uploads\/2024\/07\/IMG_0515-300x225.jpg 300w, https:\/\/gymnasium-eckhorst.de\/homepage\/wp-content\/uploads\/2024\/07\/IMG_0515-768x576.jpg 768w, https:\/\/gymnasium-eckhorst.de\/homepage\/wp-content\/uploads\/2024\/07\/IMG_0515-1536x1152.jpg 1536w, https:\/\/gymnasium-eckhorst.de\/homepage\/wp-content\/uploads\/2024\/07\/IMG_0515-2048x1536.jpg 2048w, https:\/\/gymnasium-eckhorst.de\/homepage\/wp-content\/uploads\/2024\/07\/IMG_0515-1200x900.jpg 1200w, https:\/\/gymnasium-eckhorst.de\/homepage\/wp-content\/uploads\/2024\/07\/IMG_0515-1980x1485.jpg 1980w\" sizes=\"(max-width: 1024px) 100vw, 1024px\" \/><\/figure>\n\n\n\n<figure class=\"wp-block-image size-large\"><img loading=\"lazy\" decoding=\"async\" width=\"1024\" height=\"768\" data-id=\"7934\" src=\"https:\/\/gymnasium-eckhorst.de\/homepage\/wp-content\/uploads\/2024\/07\/IMG_0516-1024x768.jpg\" alt=\"\" class=\"wp-image-7934\" srcset=\"https:\/\/gymnasium-eckhorst.de\/homepage\/wp-content\/uploads\/2024\/07\/IMG_0516-1024x768.jpg 1024w, https:\/\/gymnasium-eckhorst.de\/homepage\/wp-content\/uploads\/2024\/07\/IMG_0516-300x225.jpg 300w, https:\/\/gymnasium-eckhorst.de\/homepage\/wp-content\/uploads\/2024\/07\/IMG_0516-768x576.jpg 768w, https:\/\/gymnasium-eckhorst.de\/homepage\/wp-content\/uploads\/2024\/07\/IMG_0516-1536x1152.jpg 1536w, https:\/\/gymnasium-eckhorst.de\/homepage\/wp-content\/uploads\/2024\/07\/IMG_0516-2048x1536.jpg 2048w, https:\/\/gymnasium-eckhorst.de\/homepage\/wp-content\/uploads\/2024\/07\/IMG_0516-1200x900.jpg 1200w, https:\/\/gymnasium-eckhorst.de\/homepage\/wp-content\/uploads\/2024\/07\/IMG_0516-1980x1485.jpg 1980w\" sizes=\"(max-width: 1024px) 100vw, 1024px\" \/><\/figure>\n<\/figure>\n","protected":false},"excerpt":{"rendered":"<p>Singen macht gl\u00fccklich. Wer\u2019s nicht glaubt ist (und alle anderen sind auch) herzlich eingeladen zu unseren Proben am Donnerstag in der 7.\/8. Stunde in E48. Dabei wachsen wir jedes Schuljahr neu als Ensemble zusammen, entwickeln Ideen zur Umsetzung der St\u00fccke, lachen und genie\u00dfen den Kontakt \u00fcber die Jahrg\u00e4nge hinweg. Trotz der langen Schultage, die dann [&hellip;]<\/p>\n","protected":false},"author":17,"featured_media":0,"parent":0,"menu_order":0,"comment_status":"closed","ping_status":"closed","template":"","meta":{"footnotes":""},"class_list":["post-7123","page","type-page","status-publish","hentry"],"_links":{"self":[{"href":"https:\/\/gymnasium-eckhorst.de\/homepage\/wp-json\/wp\/v2\/pages\/7123","targetHints":{"allow":["GET"]}}],"collection":[{"href":"https:\/\/gymnasium-eckhorst.de\/homepage\/wp-json\/wp\/v2\/pages"}],"about":[{"href":"https:\/\/gymnasium-eckhorst.de\/homepage\/wp-json\/wp\/v2\/types\/page"}],"author":[{"embeddable":true,"href":"https:\/\/gymnasium-eckhorst.de\/homepage\/wp-json\/wp\/v2\/users\/17"}],"replies":[{"embeddable":true,"href":"https:\/\/gymnasium-eckhorst.de\/homepage\/wp-json\/wp\/v2\/comments?post=7123"}],"version-history":[{"count":3,"href":"https:\/\/gymnasium-eckhorst.de\/homepage\/wp-json\/wp\/v2\/pages\/7123\/revisions"}],"predecessor-version":[{"id":7936,"href":"https:\/\/gymnasium-eckhorst.de\/homepage\/wp-json\/wp\/v2\/pages\/7123\/revisions\/7936"}],"wp:attachment":[{"href":"https:\/\/gymnasium-eckhorst.de\/homepage\/wp-json\/wp\/v2\/media?parent=7123"}],"curies":[{"name":"wp","href":"https:\/\/api.w.org\/{rel}","templated":true}]}}