{"id":7115,"date":"2023-11-27T15:24:21","date_gmt":"2023-11-27T14:24:21","guid":{"rendered":"https:\/\/gymnasium-eckhorst.de\/homepage\/?page_id=7115"},"modified":"2025-11-13T10:41:58","modified_gmt":"2025-11-13T09:41:58","slug":"praevention","status":"publish","type":"page","link":"https:\/\/gymnasium-eckhorst.de\/homepage\/praevention\/","title":{"rendered":"Pr\u00e4vention"},"content":{"rendered":"\n<p><strong>Unseren Verhaltenskodex finden Sie im Bereich <a href=\"https:\/\/gymnasium-eckhorst.de\/homepage\/downloads\/\" data-type=\"page\" data-id=\"512\">Downloads<\/a> unter &#8222;Sekretariat&#8220;<\/strong>.<\/p>\n\n\n\n<p>Wir verstehen unser Pr\u00e4ventionskonzept als ein offenes, sich entwickelndes Konzept. Die Projekte werden auf die jeweiligen Bed\u00fcrfnisse und Interessen unserer Sch\u00fclerschaft abgestimmt. Hierbei kooperieren wir aktuell mit folgenden Partnern: Beratungszentrum S\u00fcdstormarn, Kreisjugendring, Polizei Bad Oldesloe.<\/p>\n\n\n\n<figure class=\"wp-block-image size-large\"><img fetchpriority=\"high\" decoding=\"async\" width=\"1024\" height=\"571\" src=\"https:\/\/gymnasium-eckhorst.de\/homepage\/wp-content\/uploads\/2023\/11\/praevention-mindmap-1024x571.png\" alt=\"\" class=\"wp-image-7116\" srcset=\"https:\/\/gymnasium-eckhorst.de\/homepage\/wp-content\/uploads\/2023\/11\/praevention-mindmap-1024x571.png 1024w, https:\/\/gymnasium-eckhorst.de\/homepage\/wp-content\/uploads\/2023\/11\/praevention-mindmap-300x167.png 300w, https:\/\/gymnasium-eckhorst.de\/homepage\/wp-content\/uploads\/2023\/11\/praevention-mindmap-768x428.png 768w, https:\/\/gymnasium-eckhorst.de\/homepage\/wp-content\/uploads\/2023\/11\/praevention-mindmap-1200x669.png 1200w, https:\/\/gymnasium-eckhorst.de\/homepage\/wp-content\/uploads\/2023\/11\/praevention-mindmap.png 1537w\" sizes=\"(max-width: 1024px) 100vw, 1024px\" \/><\/figure>\n\n\n\n<p>Zus\u00e4tzlich unterst\u00fctzen die LifeScouts, als weitere Ansprechpartner f\u00fcr die Sch\u00fcler*innen, die Pr\u00e4vention am Gymnasium Eckhorst.<\/p>\n\n\n<div  id=\"_ytid_23282\" class=\"__youtube_prefs__  __youtube_prefs_gdpr__ \" allowfullscreen data-no-lazy=\"1\" data-skipgform_ajax_framebjll=\"\"><p><strong>Wir ben\u00f6tigen Ihre Zustimmung, um Ihnen dieses Video zeigen zu k\u00f6nnen.<\/strong><\/p>\n<p>Wenn Sie dieses Video ansehen, erkl\u00e4ren Sie sich damit einverstanden, Cookies und Daten von Youtube\/Google zu laden, was die \u00dcbermittlung Ihrer IP-Adresse voraussetzt. Genauere Informationen finden Sie hier:<\/p>\n<p><a href=\"https:\/\/policies.google.com\/privacy\" target=\"_blank\" rel=\"noopener\">YouTube\/Google Datenschutzerkl\u00e4rung<\/a><\/p>\n<p>Wenn Sie akzeptieren, wird Ihre Zustimmung \u00fcber einen Cookie gespeichert und die Seite wird neu geladen.<\/p>\n<button type=\"button\" class=\"__youtube_prefs_gdpr__\">Akzeptieren<img decoding=\"async\" src=\"https:\/\/gymnasium-eckhorst.de\/homepage\/wp-content\/plugins\/youtube-embed-plus\/images\/icon-check.png\" alt=\"accept\" data-no-lazy=\"1\" data-skipgform_ajax_framebjll=\"\" \/><\/button><\/div>\n\n\n<figure class=\"wp-block-image size-large\"><img decoding=\"async\" width=\"1024\" height=\"683\" src=\"https:\/\/gymnasium-eckhorst.de\/homepage\/wp-content\/uploads\/2023\/12\/Life-Scouts-1024x683.jpg\" alt=\"\" class=\"wp-image-7133\" srcset=\"https:\/\/gymnasium-eckhorst.de\/homepage\/wp-content\/uploads\/2023\/12\/Life-Scouts-1024x683.jpg 1024w, https:\/\/gymnasium-eckhorst.de\/homepage\/wp-content\/uploads\/2023\/12\/Life-Scouts-300x200.jpg 300w, https:\/\/gymnasium-eckhorst.de\/homepage\/wp-content\/uploads\/2023\/12\/Life-Scouts-768x512.jpg 768w, https:\/\/gymnasium-eckhorst.de\/homepage\/wp-content\/uploads\/2023\/12\/Life-Scouts-1536x1024.jpg 1536w, https:\/\/gymnasium-eckhorst.de\/homepage\/wp-content\/uploads\/2023\/12\/Life-Scouts-2048x1365.jpg 2048w, https:\/\/gymnasium-eckhorst.de\/homepage\/wp-content\/uploads\/2023\/12\/Life-Scouts-1200x800.jpg 1200w, https:\/\/gymnasium-eckhorst.de\/homepage\/wp-content\/uploads\/2023\/12\/Life-Scouts-1980x1320.jpg 1980w\" sizes=\"(max-width: 1024px) 100vw, 1024px\" \/><figcaption class=\"wp-element-caption\">Unsere LifeScouts<\/figcaption><\/figure>\n\n\n\n<p>Wir freuen uns \u00fcber Fragen und Anregungen.<\/p>\n\n\n\n<figure class=\"wp-block-image size-large\"><img decoding=\"async\" width=\"1024\" height=\"768\" src=\"https:\/\/gymnasium-eckhorst.de\/homepage\/wp-content\/uploads\/2023\/03\/6220F9C5-F54B-4BF8-8C37-DE15F1C3D544-1024x768.jpeg\" alt=\"\" class=\"wp-image-6291\" srcset=\"https:\/\/gymnasium-eckhorst.de\/homepage\/wp-content\/uploads\/2023\/03\/6220F9C5-F54B-4BF8-8C37-DE15F1C3D544-1024x768.jpeg 1024w, https:\/\/gymnasium-eckhorst.de\/homepage\/wp-content\/uploads\/2023\/03\/6220F9C5-F54B-4BF8-8C37-DE15F1C3D544-300x225.jpeg 300w, https:\/\/gymnasium-eckhorst.de\/homepage\/wp-content\/uploads\/2023\/03\/6220F9C5-F54B-4BF8-8C37-DE15F1C3D544-768x576.jpeg 768w, https:\/\/gymnasium-eckhorst.de\/homepage\/wp-content\/uploads\/2023\/03\/6220F9C5-F54B-4BF8-8C37-DE15F1C3D544-1536x1152.jpeg 1536w, https:\/\/gymnasium-eckhorst.de\/homepage\/wp-content\/uploads\/2023\/03\/6220F9C5-F54B-4BF8-8C37-DE15F1C3D544-2048x1536.jpeg 2048w, https:\/\/gymnasium-eckhorst.de\/homepage\/wp-content\/uploads\/2023\/03\/6220F9C5-F54B-4BF8-8C37-DE15F1C3D544-1200x900.jpeg 1200w, https:\/\/gymnasium-eckhorst.de\/homepage\/wp-content\/uploads\/2023\/03\/6220F9C5-F54B-4BF8-8C37-DE15F1C3D544-1980x1485.jpeg 1980w\" sizes=\"(max-width: 1024px) 100vw, 1024px\" \/><\/figure>\n\n\n\n<p><em>Das Pr\u00e4ventionsteam (Katja Eppert, Carina Klingenberger und Niels Falkenhain)<\/em><\/p>\n","protected":false},"excerpt":{"rendered":"<p>Unseren Verhaltenskodex finden Sie im Bereich Downloads unter &#8222;Sekretariat&#8220;. Wir verstehen unser Pr\u00e4ventionskonzept als ein offenes, sich entwickelndes Konzept. Die Projekte werden auf die jeweiligen Bed\u00fcrfnisse und Interessen unserer Sch\u00fclerschaft abgestimmt. Hierbei kooperieren wir aktuell mit folgenden Partnern: Beratungszentrum S\u00fcdstormarn, Kreisjugendring, Polizei Bad Oldesloe. Zus\u00e4tzlich unterst\u00fctzen die LifeScouts, als weitere Ansprechpartner f\u00fcr die Sch\u00fcler*innen, die [&hellip;]<\/p>\n","protected":false},"author":17,"featured_media":0,"parent":0,"menu_order":0,"comment_status":"closed","ping_status":"closed","template":"","meta":{"footnotes":""},"class_list":["post-7115","page","type-page","status-publish","hentry"],"_links":{"self":[{"href":"https:\/\/gymnasium-eckhorst.de\/homepage\/wp-json\/wp\/v2\/pages\/7115","targetHints":{"allow":["GET"]}}],"collection":[{"href":"https:\/\/gymnasium-eckhorst.de\/homepage\/wp-json\/wp\/v2\/pages"}],"about":[{"href":"https:\/\/gymnasium-eckhorst.de\/homepage\/wp-json\/wp\/v2\/types\/page"}],"author":[{"embeddable":true,"href":"https:\/\/gymnasium-eckhorst.de\/homepage\/wp-json\/wp\/v2\/users\/17"}],"replies":[{"embeddable":true,"href":"https:\/\/gymnasium-eckhorst.de\/homepage\/wp-json\/wp\/v2\/comments?post=7115"}],"version-history":[{"count":6,"href":"https:\/\/gymnasium-eckhorst.de\/homepage\/wp-json\/wp\/v2\/pages\/7115\/revisions"}],"predecessor-version":[{"id":17638,"href":"https:\/\/gymnasium-eckhorst.de\/homepage\/wp-json\/wp\/v2\/pages\/7115\/revisions\/17638"}],"wp:attachment":[{"href":"https:\/\/gymnasium-eckhorst.de\/homepage\/wp-json\/wp\/v2\/media?parent=7115"}],"curies":[{"name":"wp","href":"https:\/\/api.w.org\/{rel}","templated":true}]}}