{"id":685,"date":"2020-05-05T14:54:57","date_gmt":"2020-05-05T12:54:57","guid":{"rendered":"https:\/\/gymnasium-eckhorst.de\/homepage\/?page_id=685"},"modified":"2022-11-11T16:57:45","modified_gmt":"2022-11-11T15:57:45","slug":"offene-ganztagsschule","status":"publish","type":"page","link":"https:\/\/gymnasium-eckhorst.de\/homepage\/offene-ganztagsschule\/","title":{"rendered":"Offene Ganztagsschule"},"content":{"rendered":"\n<div class=\"wp-block-columns alignwide is-layout-flex wp-container-core-columns-is-layout-9d6595d7 wp-block-columns-is-layout-flex\">\n<div class=\"wp-block-column is-layout-flow wp-block-column-is-layout-flow\" style=\"flex-basis:66.66%\">\n<p><br><br>Die Offene Ganztagsschule (OGS) des Gymnasium Eckhorst ist ein freiwilliges Angebot der Schule und des Schulvereins und dient der F\u00f6rderung und der Betreuung von Sch\u00fcler*innen aller Jahrg\u00e4nge von Montag bis Donnerstag nach dem stundenplanm\u00e4\u00dfigen Unterricht bis 15 Uhr. Eine Betreuung in den Ferien und an Tagen ohne Unterricht (M\u00fcndliches Abitur o.\u00e4.) findet nicht statt. Die Eltern haben die M\u00f6glichkeit flexibel f\u00fcr ganze Nachmittage oder nur f\u00fcr einzelne Kurse ihre Kinder verbindlich f\u00fcr ein Schulhalbjahr anzumelden.<\/p>\n\n\n\n<p>Die offene Ganztagsschule f\u00fchrt Bildung, Erziehung und eine zuverl\u00e4ssige Betreuung zusammen. Die Orientierung an der aktuellen Lebenssituation der Sch\u00fcler*innen (Alter, Geschlecht, schulische und au\u00dferschulische Situation), ist Voraussetzung f\u00fcr die Entwicklung und Weiterf\u00fchrung einer ver\u00e4nderten Lern-, Lehr- und Freizeitkultur unter dem Dach des Eckhorst Gymnasiums. Sie bietet durch ihre F\u00f6rder-, Betreuungs- und Freizeitangebote mehr Bildungsqualit\u00e4t und Chancengleichheit und soll besonders die Eigenverantwortung unserer Sch\u00fcler*innen fr\u00fchzeitig schulen und st\u00e4rken.<\/p>\n<\/div>\n\n\n\n<div class=\"wp-block-column is-layout-flow wp-block-column-is-layout-flow\" style=\"flex-basis:33.33%\"><div class=\"wp-block-image is-style-default\">\n<figure class=\"aligncenter size-large is-resized\"><img fetchpriority=\"high\" decoding=\"async\" src=\"https:\/\/gymnasium-eckhorst.de\/homepage\/wp-content\/uploads\/2020\/05\/phoca_thumb_l_OTG_P1040582_1024.jpg\" alt=\"\" class=\"wp-image-687\" width=\"400\" height=\"300\" srcset=\"https:\/\/gymnasium-eckhorst.de\/homepage\/wp-content\/uploads\/2020\/05\/phoca_thumb_l_OTG_P1040582_1024.jpg 800w, https:\/\/gymnasium-eckhorst.de\/homepage\/wp-content\/uploads\/2020\/05\/phoca_thumb_l_OTG_P1040582_1024-300x225.jpg 300w, https:\/\/gymnasium-eckhorst.de\/homepage\/wp-content\/uploads\/2020\/05\/phoca_thumb_l_OTG_P1040582_1024-768x576.jpg 768w\" sizes=\"(max-width: 400px) 100vw, 400px\" \/><\/figure>\n<\/div><\/div>\n<\/div>\n\n\n\n<div class=\"wp-block-columns alignwide is-layout-flex wp-container-core-columns-is-layout-9d6595d7 wp-block-columns-is-layout-flex\">\n<div class=\"wp-block-column is-layout-flow wp-block-column-is-layout-flow\" style=\"flex-basis:66.66%\">\n<h4 class=\"wp-block-heading\">Zu den Angeboten der OGS geh\u00f6ren:<\/h4>\n\n\n\n<ul class=\"wp-block-list\">\n<li>Mittagsverpflegung (Mensa)<\/li>\n\n\n\n<li>Hausaufgabenbetreuung und F\u00f6rderkurse<\/li>\n\n\n\n<li>Sportliche und gestalterische Aktivit\u00e4ten<\/li>\n\n\n\n<li>Verschiedene Projekte<\/li>\n<\/ul>\n\n\n\n<p>Neben den Angeboten der OGS bieten schulische Arbeitsgemeinschaften wie z. B. Chor, Theater und Sport weitere M\u00f6glichkeiten des Engagements, des Lernens oder der Freizeitgestaltung.<\/p>\n\n\n\n<h4 class=\"wp-block-heading\">Was unterscheidet OGS und AG?<\/h4>\n\n\n\n<p>Die OGS bietet Sch\u00fcler*innen und ihren Eltern Verl\u00e4sslichkeit: Auch wenn ein Kursleiter einmal ausfallen sollte, werden die Sch\u00fclerinnen und Sch\u00fcler betreut. Die OGS findet also immer statt. AGs hingegen k\u00f6nnen durchaus einmal ausfallen, wenn eine Lehrkraft erkrankt oder auf Klassenfahrt ist.<\/p>\n<\/div>\n\n\n\n<div class=\"wp-block-column is-layout-flow wp-block-column-is-layout-flow\" style=\"flex-basis:33.33%\"><div class=\"wp-block-image\">\n<figure class=\"aligncenter size-large is-resized\"><img decoding=\"async\" src=\"https:\/\/gymnasium-eckhorst.de\/homepage\/wp-content\/uploads\/2020\/05\/phoca_thumb_l_OTG_P1040701_1024.jpg\" alt=\"\" class=\"wp-image-692\" width=\"400\" height=\"300\" srcset=\"https:\/\/gymnasium-eckhorst.de\/homepage\/wp-content\/uploads\/2020\/05\/phoca_thumb_l_OTG_P1040701_1024.jpg 800w, https:\/\/gymnasium-eckhorst.de\/homepage\/wp-content\/uploads\/2020\/05\/phoca_thumb_l_OTG_P1040701_1024-300x225.jpg 300w, https:\/\/gymnasium-eckhorst.de\/homepage\/wp-content\/uploads\/2020\/05\/phoca_thumb_l_OTG_P1040701_1024-768x576.jpg 768w\" sizes=\"(max-width: 400px) 100vw, 400px\" \/><\/figure>\n<\/div><\/div>\n<\/div>\n\n\n\n<div class=\"wp-block-group alignfull has-background-color has-text-color has-background\" style=\"background-color:#0f598d\"><div class=\"wp-block-group__inner-container is-layout-flow wp-block-group-is-layout-flow\">\n<h3 class=\"has-text-align-center wp-block-heading\">Die wichtigsten OGS-Kurse<\/h3>\n<\/div><\/div>\n\n\n\n<div class=\"wp-block-columns alignwide is-layout-flex wp-container-core-columns-is-layout-9d6595d7 wp-block-columns-is-layout-flex\">\n<div class=\"wp-block-column is-layout-flow wp-block-column-is-layout-flow\">\n<h4 class=\"wp-block-heading\">Mittagessen, Spa\u00df und Spiel<\/h4>\n\n\n\n<p>Nach einem Unterrichtsvormittag ist nicht jede Sch\u00fcler*in in der Lage, gleich \u201eweiterzumachen\u201c. Im Rahmen des OGS k\u00f6nnen die Sch\u00fcler*innen die Zeit zwischen Unterricht und Kursen selbst\u00e4ndig gestalten: Zu Mittag essen mit Freunden in der Mensa, Mittagssport in der Turnhalle, Spiele im Spieleraum spielen oder in der Bibliothek lesen.<\/p>\n<\/div>\n\n\n\n<div class=\"wp-block-column is-layout-flow wp-block-column-is-layout-flow\">\n<h4 class=\"wp-block-heading\">Hausaufgabenbetreuung<\/h4>\n\n\n\n<p>Als ein besonders wichtiges Angebot sehen wir unsere Hausaufgabenbetreuung. Nicht alle Eltern haben nachmittags die M\u00f6glichkeit, ihre Kinder bei den Hausaufgaben zu betreuen. Wir bieten einen zuverl\u00e4ssigen Rahmen, in dem die Kinder in Ruhe ihre Hausaufgaben machen k\u00f6nnen. Da nicht jeder Tag gleich viel Hausaufgaben beschert, sollen die Sch\u00fcler*innen lernen in dieser Zeit vorausschauend auch Referate und Pr\u00e4sentationen mit Freunden anzufertigen oder Lernstoff f\u00fcr die n\u00e4chste Arbeit wiederholen.<\/p>\n<\/div>\n<\/div>\n\n\n\n<div class=\"wp-block-columns alignwide is-layout-flex wp-container-core-columns-is-layout-9d6595d7 wp-block-columns-is-layout-flex\">\n<div class=\"wp-block-column is-layout-flow wp-block-column-is-layout-flow\">\n<h4 class=\"wp-block-heading\">Coaching-Programm<\/h4>\n\n\n\n<p>Sollte eine Hausaufgabenbetreuung nicht ausreichen, steht im zweiten Halbjahr unser Coaching-Programm zur Verf\u00fcgung. In Kleingruppen werden ganz individuell Hilfestellungen durch Oberstufensch\u00fcler*innen gegeben. Diese stehen in engem Kontakt mit den jeweiligen Fachlehrkr\u00e4ften.<\/p>\n<\/div>\n\n\n\n<div class=\"wp-block-column is-layout-flow wp-block-column-is-layout-flow\">\n<h4 class=\"wp-block-heading\">Projekte<\/h4>\n\n\n\n<p>Je nach Neigung k\u00f6nnen die Sch\u00fcler*innen aus einer Reihe von Projekten w\u00e4hlen: Aquarien und Bienenclub, Kochen und Backen oder Theater sind nur einige Angebote.<\/p>\n<\/div>\n<\/div>\n\n\n<div class=\"wp-block-image is-style-default\">\n<figure class=\"aligncenter size-large is-resized\"><img decoding=\"async\" src=\"https:\/\/gymnasium-eckhorst.de\/homepage\/wp-content\/uploads\/2020\/05\/phoca_thumb_l_OTG_P1040598_1024.jpg\" alt=\"\" class=\"wp-image-691\" width=\"400\" height=\"300\" srcset=\"https:\/\/gymnasium-eckhorst.de\/homepage\/wp-content\/uploads\/2020\/05\/phoca_thumb_l_OTG_P1040598_1024.jpg 800w, https:\/\/gymnasium-eckhorst.de\/homepage\/wp-content\/uploads\/2020\/05\/phoca_thumb_l_OTG_P1040598_1024-300x225.jpg 300w, https:\/\/gymnasium-eckhorst.de\/homepage\/wp-content\/uploads\/2020\/05\/phoca_thumb_l_OTG_P1040598_1024-768x576.jpg 768w\" sizes=\"(max-width: 400px) 100vw, 400px\" \/><\/figure>\n<\/div>\n\n\n<div class=\"wp-block-group alignfull has-background-color has-text-color has-background\" style=\"background-color:#0f598d\"><div class=\"wp-block-group__inner-container is-layout-flow wp-block-group-is-layout-flow\">\n<h3 class=\"has-text-align-center wp-block-heading\">Wie sieht ein \u201eOGS-Tag\u201c aus?<\/h3>\n<\/div><\/div>\n\n\n\n<p><br><br>Beispielhaft soll hier nur ein Tag gezeigt werden:<\/p>\n\n\n\n<figure class=\"wp-block-image size-large\"><img loading=\"lazy\" decoding=\"async\" width=\"977\" height=\"482\" src=\"https:\/\/gymnasium-eckhorst.de\/homepage\/wp-content\/uploads\/2020\/05\/OGS.png\" alt=\"\" class=\"wp-image-686\" srcset=\"https:\/\/gymnasium-eckhorst.de\/homepage\/wp-content\/uploads\/2020\/05\/OGS.png 977w, https:\/\/gymnasium-eckhorst.de\/homepage\/wp-content\/uploads\/2020\/05\/OGS-300x148.png 300w, https:\/\/gymnasium-eckhorst.de\/homepage\/wp-content\/uploads\/2020\/05\/OGS-768x379.png 768w\" sizes=\"(max-width: 977px) 100vw, 977px\" \/><\/figure>\n\n\n\n<p>Weitere Informationen \u2013 auch zu den Kosten \u2013 entnehmen Sie bitte unserem Flyer oder Sie wenden sich an den Leiter der OGS, Herrn Meyer (<a href=\"mailto:hermann.meyer@schule-sh.de\" target=\"_blank\" rel=\"noreferrer noopener\">hermann.meyer@schule-sh.de<\/a>)<\/p>\n\n\n\n<p><em>H. Meyer, 1.12.2019<\/em><\/p>\n\n\n\n<p>weiter zu: <a href=\"https:\/\/gymnasium-eckhorst.de\/homepage\/foerdern-und-fordern\/\">F\u00f6rdern und Fordern<\/a><\/p>\n","protected":false},"excerpt":{"rendered":"<p>Die Offene Ganztagsschule (OGS) des Gymnasium Eckhorst ist ein freiwilliges Angebot der Schule und des Schulvereins und dient der F\u00f6rderung und der Betreuung von Sch\u00fcler*innen aller Jahrg\u00e4nge von Montag bis Donnerstag nach dem stundenplanm\u00e4\u00dfigen Unterricht bis 15 Uhr. Eine Betreuung in den Ferien und an Tagen ohne Unterricht (M\u00fcndliches Abitur o.\u00e4.) findet nicht statt. Die [&hellip;]<\/p>\n","protected":false},"author":17,"featured_media":0,"parent":0,"menu_order":0,"comment_status":"closed","ping_status":"closed","template":"","meta":{"footnotes":""},"class_list":["post-685","page","type-page","status-publish","hentry"],"_links":{"self":[{"href":"https:\/\/gymnasium-eckhorst.de\/homepage\/wp-json\/wp\/v2\/pages\/685","targetHints":{"allow":["GET"]}}],"collection":[{"href":"https:\/\/gymnasium-eckhorst.de\/homepage\/wp-json\/wp\/v2\/pages"}],"about":[{"href":"https:\/\/gymnasium-eckhorst.de\/homepage\/wp-json\/wp\/v2\/types\/page"}],"author":[{"embeddable":true,"href":"https:\/\/gymnasium-eckhorst.de\/homepage\/wp-json\/wp\/v2\/users\/17"}],"replies":[{"embeddable":true,"href":"https:\/\/gymnasium-eckhorst.de\/homepage\/wp-json\/wp\/v2\/comments?post=685"}],"version-history":[{"count":9,"href":"https:\/\/gymnasium-eckhorst.de\/homepage\/wp-json\/wp\/v2\/pages\/685\/revisions"}],"predecessor-version":[{"id":5425,"href":"https:\/\/gymnasium-eckhorst.de\/homepage\/wp-json\/wp\/v2\/pages\/685\/revisions\/5425"}],"wp:attachment":[{"href":"https:\/\/gymnasium-eckhorst.de\/homepage\/wp-json\/wp\/v2\/media?parent=685"}],"curies":[{"name":"wp","href":"https:\/\/api.w.org\/{rel}","templated":true}]}}