{"id":6548,"date":"2023-06-02T14:01:54","date_gmt":"2023-06-02T12:01:54","guid":{"rendered":"https:\/\/gymnasium-eckhorst.de\/homepage\/?page_id=6548"},"modified":"2023-06-02T14:01:54","modified_gmt":"2023-06-02T12:01:54","slug":"personalrat","status":"publish","type":"page","link":"https:\/\/gymnasium-eckhorst.de\/homepage\/personalrat\/","title":{"rendered":"Personalrat"},"content":{"rendered":"\n<p>Der Personalrat vetritt die Interessen des Personals gegen\u00fcber der Schulleitung. Er besteht aktuell aus f\u00fcnf Lehrkr\u00e4ften.<\/p>\n\n\n\n<figure class=\"wp-block-image size-full\"><img fetchpriority=\"high\" decoding=\"async\" width=\"600\" height=\"450\" src=\"https:\/\/gymnasium-eckhorst.de\/homepage\/wp-content\/uploads\/2023\/06\/personalrat.jpg\" alt=\"\" class=\"wp-image-6549\" srcset=\"https:\/\/gymnasium-eckhorst.de\/homepage\/wp-content\/uploads\/2023\/06\/personalrat.jpg 600w, https:\/\/gymnasium-eckhorst.de\/homepage\/wp-content\/uploads\/2023\/06\/personalrat-300x225.jpg 300w\" sizes=\"(max-width: 600px) 100vw, 600px\" \/><\/figure>\n","protected":false},"excerpt":{"rendered":"<p>Der Personalrat vetritt die Interessen des Personals gegen\u00fcber der Schulleitung. Er besteht aktuell aus f\u00fcnf Lehrkr\u00e4ften.<\/p>\n","protected":false},"author":17,"featured_media":0,"parent":0,"menu_order":0,"comment_status":"closed","ping_status":"closed","template":"","meta":{"footnotes":""},"class_list":["post-6548","page","type-page","status-publish","hentry"],"_links":{"self":[{"href":"https:\/\/gymnasium-eckhorst.de\/homepage\/wp-json\/wp\/v2\/pages\/6548","targetHints":{"allow":["GET"]}}],"collection":[{"href":"https:\/\/gymnasium-eckhorst.de\/homepage\/wp-json\/wp\/v2\/pages"}],"about":[{"href":"https:\/\/gymnasium-eckhorst.de\/homepage\/wp-json\/wp\/v2\/types\/page"}],"author":[{"embeddable":true,"href":"https:\/\/gymnasium-eckhorst.de\/homepage\/wp-json\/wp\/v2\/users\/17"}],"replies":[{"embeddable":true,"href":"https:\/\/gymnasium-eckhorst.de\/homepage\/wp-json\/wp\/v2\/comments?post=6548"}],"version-history":[{"count":1,"href":"https:\/\/gymnasium-eckhorst.de\/homepage\/wp-json\/wp\/v2\/pages\/6548\/revisions"}],"predecessor-version":[{"id":6550,"href":"https:\/\/gymnasium-eckhorst.de\/homepage\/wp-json\/wp\/v2\/pages\/6548\/revisions\/6550"}],"wp:attachment":[{"href":"https:\/\/gymnasium-eckhorst.de\/homepage\/wp-json\/wp\/v2\/media?parent=6548"}],"curies":[{"name":"wp","href":"https:\/\/api.w.org\/{rel}","templated":true}]}}