{"id":6541,"date":"2023-06-02T13:52:40","date_gmt":"2023-06-02T11:52:40","guid":{"rendered":"https:\/\/gymnasium-eckhorst.de\/homepage\/?page_id=6541"},"modified":"2024-07-21T15:03:22","modified_gmt":"2024-07-21T13:03:22","slug":"juniorchor-ag","status":"publish","type":"page","link":"https:\/\/gymnasium-eckhorst.de\/homepage\/juniorchor-ag\/","title":{"rendered":"Juniorchor AG"},"content":{"rendered":"\n<figure class=\"wp-block-image size-full\"><img fetchpriority=\"high\" decoding=\"async\" width=\"2464\" height=\"1632\" src=\"https:\/\/gymnasium-eckhorst.de\/homepage\/wp-content\/uploads\/2024\/07\/DSC0369-Benutzerdefiniert.jpeg\" alt=\"\" class=\"wp-image-7950\" srcset=\"https:\/\/gymnasium-eckhorst.de\/homepage\/wp-content\/uploads\/2024\/07\/DSC0369-Benutzerdefiniert.jpeg 2464w, https:\/\/gymnasium-eckhorst.de\/homepage\/wp-content\/uploads\/2024\/07\/DSC0369-Benutzerdefiniert-300x199.jpeg 300w, https:\/\/gymnasium-eckhorst.de\/homepage\/wp-content\/uploads\/2024\/07\/DSC0369-Benutzerdefiniert-1024x678.jpeg 1024w, https:\/\/gymnasium-eckhorst.de\/homepage\/wp-content\/uploads\/2024\/07\/DSC0369-Benutzerdefiniert-768x509.jpeg 768w, https:\/\/gymnasium-eckhorst.de\/homepage\/wp-content\/uploads\/2024\/07\/DSC0369-Benutzerdefiniert-1536x1017.jpeg 1536w, https:\/\/gymnasium-eckhorst.de\/homepage\/wp-content\/uploads\/2024\/07\/DSC0369-Benutzerdefiniert-2048x1356.jpeg 2048w, https:\/\/gymnasium-eckhorst.de\/homepage\/wp-content\/uploads\/2024\/07\/DSC0369-Benutzerdefiniert-1200x795.jpeg 1200w, https:\/\/gymnasium-eckhorst.de\/homepage\/wp-content\/uploads\/2024\/07\/DSC0369-Benutzerdefiniert-1980x1311.jpeg 1980w\" sizes=\"(max-width: 2464px) 100vw, 2464px\" \/><\/figure>\n\n\n\n<p>Im Juniorchor singen gut 30 Sch\u00fclerinnen und Sch\u00fcler der Klassen 5-8. Wir proben montags in der 7. Stunde in Musiksaal 2 und treten regelm\u00e4\u00dfig auf, z.B. bei unseren Schulkonzerten oder beim Tag der offenen T\u00fcr. Einmal im Schuljahr fahren wir auf Probenfahrt.<\/p>\n\n\n\n<p>Am Ende des Schuljahres singen wir immer mit beim gro\u00dfen Chorkonzert \u201e6KUnited\u201c in der Hamburger Barclaycard-Arena, wo wir zusammen mit 6000 Kindern und Jugendlichen&nbsp;und einer professionellen Band einen Konzertabend gestalten, der in Erinnerung bleibt. Etwa ein halbes Jahr vorher beginnen wir mit den Vorbereitungen: Es werden etliche Songtexte und Choreographien einstudiert. Der Konzerttag ist dann das Highlight f\u00fcr den Juniorchor in jedem Schuljahr. Wir erleben, wie mitrei\u00dfend es ist gemeinsam Musik zu machen und sind anschlie\u00dfend stolz darauf so ein Ereignis geschaffen zu haben.<\/p>\n","protected":false},"excerpt":{"rendered":"<p>Im Juniorchor singen gut 30 Sch\u00fclerinnen und Sch\u00fcler der Klassen 5-8. Wir proben montags in der 7. Stunde in Musiksaal 2 und treten regelm\u00e4\u00dfig auf, z.B. bei unseren Schulkonzerten oder beim Tag der offenen T\u00fcr. Einmal im Schuljahr fahren wir auf Probenfahrt. Am Ende des Schuljahres singen wir immer mit beim gro\u00dfen Chorkonzert \u201e6KUnited\u201c in [&hellip;]<\/p>\n","protected":false},"author":17,"featured_media":0,"parent":0,"menu_order":0,"comment_status":"closed","ping_status":"closed","template":"","meta":{"footnotes":""},"class_list":["post-6541","page","type-page","status-publish","hentry"],"_links":{"self":[{"href":"https:\/\/gymnasium-eckhorst.de\/homepage\/wp-json\/wp\/v2\/pages\/6541","targetHints":{"allow":["GET"]}}],"collection":[{"href":"https:\/\/gymnasium-eckhorst.de\/homepage\/wp-json\/wp\/v2\/pages"}],"about":[{"href":"https:\/\/gymnasium-eckhorst.de\/homepage\/wp-json\/wp\/v2\/types\/page"}],"author":[{"embeddable":true,"href":"https:\/\/gymnasium-eckhorst.de\/homepage\/wp-json\/wp\/v2\/users\/17"}],"replies":[{"embeddable":true,"href":"https:\/\/gymnasium-eckhorst.de\/homepage\/wp-json\/wp\/v2\/comments?post=6541"}],"version-history":[{"count":4,"href":"https:\/\/gymnasium-eckhorst.de\/homepage\/wp-json\/wp\/v2\/pages\/6541\/revisions"}],"predecessor-version":[{"id":7952,"href":"https:\/\/gymnasium-eckhorst.de\/homepage\/wp-json\/wp\/v2\/pages\/6541\/revisions\/7952"}],"wp:attachment":[{"href":"https:\/\/gymnasium-eckhorst.de\/homepage\/wp-json\/wp\/v2\/media?parent=6541"}],"curies":[{"name":"wp","href":"https:\/\/api.w.org\/{rel}","templated":true}]}}