{"id":6298,"date":"2023-03-17T13:53:10","date_gmt":"2023-03-17T12:53:10","guid":{"rendered":"https:\/\/gymnasium-eckhorst.de\/homepage\/?page_id=6298"},"modified":"2023-03-17T13:53:10","modified_gmt":"2023-03-17T12:53:10","slug":"juniorband","status":"publish","type":"page","link":"https:\/\/gymnasium-eckhorst.de\/homepage\/juniorband\/","title":{"rendered":"Juniorband"},"content":{"rendered":"\n<p>Du hast Spa\u00df an der Musik und spielst ein Instrument? Super, dann ist die Juniorband bestimmt was f\u00fcr dich! Die Juniorband richtet sich an musikbegeisterte Sch\u00fcler*innen aus den 5. und 6. Klassen. Es wird sich ein Lied ausgesucht und dieses dann mit allen einstudiert und geprobt. Einige St\u00fccke werden auf dem Sommer- oder Winterkonzert aufgef\u00fchrt. Laut einem Teilnehmer bringt es am meisten Spa\u00df, mit allen zusammenzuspielen und zu h\u00f6ren, dass sich die Arbeit gelohnt hat. Neue Teilnehmer*innen sind herzlich willkommen.<\/p>\n\n\n\n<figure class=\"wp-block-gallery has-nested-images columns-default is-cropped wp-block-gallery-1 is-layout-flex wp-block-gallery-is-layout-flex\">\n<figure class=\"wp-block-image size-large\"><img fetchpriority=\"high\" decoding=\"async\" width=\"768\" height=\"1024\" data-id=\"6301\" src=\"https:\/\/gymnasium-eckhorst.de\/homepage\/wp-content\/uploads\/2023\/03\/asset2-768x1024.jpg\" alt=\"\" class=\"wp-image-6301\" srcset=\"https:\/\/gymnasium-eckhorst.de\/homepage\/wp-content\/uploads\/2023\/03\/asset2-768x1024.jpg 768w, https:\/\/gymnasium-eckhorst.de\/homepage\/wp-content\/uploads\/2023\/03\/asset2-225x300.jpg 225w, https:\/\/gymnasium-eckhorst.de\/homepage\/wp-content\/uploads\/2023\/03\/asset2-1152x1536.jpg 1152w, https:\/\/gymnasium-eckhorst.de\/homepage\/wp-content\/uploads\/2023\/03\/asset2-1536x2048.jpg 1536w, https:\/\/gymnasium-eckhorst.de\/homepage\/wp-content\/uploads\/2023\/03\/asset2-1200x1600.jpg 1200w, https:\/\/gymnasium-eckhorst.de\/homepage\/wp-content\/uploads\/2023\/03\/asset2-1980x2640.jpg 1980w, https:\/\/gymnasium-eckhorst.de\/homepage\/wp-content\/uploads\/2023\/03\/asset2-scaled.jpg 1920w\" sizes=\"(max-width: 768px) 100vw, 768px\" \/><\/figure>\n\n\n\n<figure class=\"wp-block-image size-large\"><img decoding=\"async\" width=\"768\" height=\"1024\" data-id=\"6302\" src=\"https:\/\/gymnasium-eckhorst.de\/homepage\/wp-content\/uploads\/2023\/03\/asset3-768x1024.jpg\" alt=\"\" class=\"wp-image-6302\" srcset=\"https:\/\/gymnasium-eckhorst.de\/homepage\/wp-content\/uploads\/2023\/03\/asset3-768x1024.jpg 768w, https:\/\/gymnasium-eckhorst.de\/homepage\/wp-content\/uploads\/2023\/03\/asset3-225x300.jpg 225w, https:\/\/gymnasium-eckhorst.de\/homepage\/wp-content\/uploads\/2023\/03\/asset3-1152x1536.jpg 1152w, https:\/\/gymnasium-eckhorst.de\/homepage\/wp-content\/uploads\/2023\/03\/asset3-1536x2048.jpg 1536w, https:\/\/gymnasium-eckhorst.de\/homepage\/wp-content\/uploads\/2023\/03\/asset3-1200x1600.jpg 1200w, https:\/\/gymnasium-eckhorst.de\/homepage\/wp-content\/uploads\/2023\/03\/asset3-1980x2640.jpg 1980w, https:\/\/gymnasium-eckhorst.de\/homepage\/wp-content\/uploads\/2023\/03\/asset3-scaled.jpg 1920w\" sizes=\"(max-width: 768px) 100vw, 768px\" \/><\/figure>\n\n\n\n<figure class=\"wp-block-image size-large\"><img decoding=\"async\" width=\"768\" height=\"1024\" data-id=\"6300\" src=\"https:\/\/gymnasium-eckhorst.de\/homepage\/wp-content\/uploads\/2023\/03\/asset-768x1024.jpg\" alt=\"\" class=\"wp-image-6300\" srcset=\"https:\/\/gymnasium-eckhorst.de\/homepage\/wp-content\/uploads\/2023\/03\/asset-768x1024.jpg 768w, https:\/\/gymnasium-eckhorst.de\/homepage\/wp-content\/uploads\/2023\/03\/asset-225x300.jpg 225w, https:\/\/gymnasium-eckhorst.de\/homepage\/wp-content\/uploads\/2023\/03\/asset-1152x1536.jpg 1152w, https:\/\/gymnasium-eckhorst.de\/homepage\/wp-content\/uploads\/2023\/03\/asset-1536x2048.jpg 1536w, https:\/\/gymnasium-eckhorst.de\/homepage\/wp-content\/uploads\/2023\/03\/asset-1200x1600.jpg 1200w, https:\/\/gymnasium-eckhorst.de\/homepage\/wp-content\/uploads\/2023\/03\/asset-1980x2640.jpg 1980w, https:\/\/gymnasium-eckhorst.de\/homepage\/wp-content\/uploads\/2023\/03\/asset-scaled.jpg 1920w\" sizes=\"(max-width: 768px) 100vw, 768px\" \/><\/figure>\n<\/figure>\n","protected":false},"excerpt":{"rendered":"<p>Du hast Spa\u00df an der Musik und spielst ein Instrument? Super, dann ist die Juniorband bestimmt was f\u00fcr dich! Die Juniorband richtet sich an musikbegeisterte Sch\u00fcler*innen aus den 5. und 6. Klassen. Es wird sich ein Lied ausgesucht und dieses dann mit allen einstudiert und geprobt. Einige St\u00fccke werden auf dem Sommer- oder Winterkonzert aufgef\u00fchrt. [&hellip;]<\/p>\n","protected":false},"author":17,"featured_media":0,"parent":0,"menu_order":0,"comment_status":"closed","ping_status":"closed","template":"","meta":{"footnotes":""},"class_list":["post-6298","page","type-page","status-publish","hentry"],"_links":{"self":[{"href":"https:\/\/gymnasium-eckhorst.de\/homepage\/wp-json\/wp\/v2\/pages\/6298","targetHints":{"allow":["GET"]}}],"collection":[{"href":"https:\/\/gymnasium-eckhorst.de\/homepage\/wp-json\/wp\/v2\/pages"}],"about":[{"href":"https:\/\/gymnasium-eckhorst.de\/homepage\/wp-json\/wp\/v2\/types\/page"}],"author":[{"embeddable":true,"href":"https:\/\/gymnasium-eckhorst.de\/homepage\/wp-json\/wp\/v2\/users\/17"}],"replies":[{"embeddable":true,"href":"https:\/\/gymnasium-eckhorst.de\/homepage\/wp-json\/wp\/v2\/comments?post=6298"}],"version-history":[{"count":1,"href":"https:\/\/gymnasium-eckhorst.de\/homepage\/wp-json\/wp\/v2\/pages\/6298\/revisions"}],"predecessor-version":[{"id":6303,"href":"https:\/\/gymnasium-eckhorst.de\/homepage\/wp-json\/wp\/v2\/pages\/6298\/revisions\/6303"}],"wp:attachment":[{"href":"https:\/\/gymnasium-eckhorst.de\/homepage\/wp-json\/wp\/v2\/media?parent=6298"}],"curies":[{"name":"wp","href":"https:\/\/api.w.org\/{rel}","templated":true}]}}