{"id":618,"date":"2020-05-05T10:03:13","date_gmt":"2020-05-05T08:03:13","guid":{"rendered":"https:\/\/gymnasium-eckhorst.de\/homepage\/?page_id=618"},"modified":"2025-06-13T13:44:10","modified_gmt":"2025-06-13T11:44:10","slug":"musikzweig","status":"publish","type":"page","link":"https:\/\/gymnasium-eckhorst.de\/homepage\/musikzweig\/","title":{"rendered":"Musikzweig"},"content":{"rendered":"<div  id=\"_ytid_82130\" class=\"__youtube_prefs__  __youtube_prefs_gdpr__ \" allowfullscreen data-no-lazy=\"1\" data-skipgform_ajax_framebjll=\"\"><p><strong>Wir ben\u00f6tigen Ihre Zustimmung, um Ihnen dieses Video zeigen zu k\u00f6nnen.<\/strong><\/p>\n<p>Wenn Sie dieses Video ansehen, erkl\u00e4ren Sie sich damit einverstanden, Cookies und Daten von Youtube\/Google zu laden, was die \u00dcbermittlung Ihrer IP-Adresse voraussetzt. Genauere Informationen finden Sie hier:<\/p>\n<p><a href=\"https:\/\/policies.google.com\/privacy\" target=\"_blank\" rel=\"noopener\">YouTube\/Google Datenschutzerkl\u00e4rung<\/a><\/p>\n<p>Wenn Sie akzeptieren, wird Ihre Zustimmung \u00fcber einen Cookie gespeichert und die Seite wird neu geladen.<\/p>\n<button type=\"button\" class=\"__youtube_prefs_gdpr__\">Akzeptieren<img decoding=\"async\" src=\"https:\/\/gymnasium-eckhorst.de\/homepage\/wp-content\/plugins\/youtube-embed-plus\/images\/icon-check.png\" alt=\"accept\" data-no-lazy=\"1\" data-skipgform_ajax_framebjll=\"\" \/><\/button><\/div>\n\n\n<div class=\"wp-block-columns alignwide is-layout-flex wp-container-core-columns-is-layout-9d6595d7 wp-block-columns-is-layout-flex\">\n<div class=\"wp-block-column is-layout-flow wp-block-column-is-layout-flow\">\n<p>Das gemeinsame Singen und Musizieren bringt viele Vorteile, die auch durch Studien belegt sind: Praktischer Musikunterricht schult die allgemei\u00adnen Grundbedingungen des Lernens (Konzen\u00adtrations- und Aufnahmef\u00e4higkeit, Motivation, Kreativit\u00e4t). Das gemeinsame \u00dcben in einem En\u00adsemble bzw. die \u00dcbeprozesse (aufeinander h\u00f6\u00adren, aufeinander warten, miteinander musizieren etc.) st\u00e4rken das Sozialverhalten und es entwickelt sich ein positives Gruppenklima. Dar\u00fcber hinaus ist Musikmachen Ausdruck eines menschlichen Grundbed\u00fcrfnisses. Dies er\u00f6ffnet elementare Gestaltungsm\u00f6glichkeiten, wirkt sich positiv auf die Pers\u00f6nlichkeitsentwicklung der Sch\u00fcler*innen aus und bildet die we\u00adsentliche Basis f\u00fcr ein weitreichendes Musik\u00adverst\u00e4ndnis.<\/p>\n<\/div>\n\n\n\n<div class=\"wp-block-column is-layout-flow wp-block-column-is-layout-flow\">\n<p>Diese Erkenntnisse haben uns bewogen, in der Schule einen Musikzweig einzurichten. Die Sch\u00fcler*innen haben innerhalb des Musikzweiges die M\u00f6glichkeit sich f\u00fcr die <strong>Musikklasse<\/strong> oder die <strong>Bl\u00e4serklasse<\/strong> zu entscheiden. Bei beiden Schwerpunkten steht selbstverst\u00e4ndlich der praktische Umgang mit Musik im Vordergrund. Die Musikklasse richtet sich an alle Sch\u00fcler*innen, die schon mindestens ein Jahr lang Instrumentenunterricht erhalten haben. Die Bl\u00e4serklasse richtet sich an alle Sch\u00fcler*innen, die ein Blasinstrument neu erlernen m\u00f6chten \u2013 dazu sind keine Vorkenntnisse n\u00f6tig. Weitere Informationen zu den beiden Schwerpunkten finden Sie unter den entsprechenden Verlinkungen.<\/p>\n<\/div>\n<\/div>\n\n\n\n<div class=\"wp-block-columns is-layout-flex wp-container-core-columns-is-layout-9d6595d7 wp-block-columns-is-layout-flex\">\n<div class=\"wp-block-column is-layout-flow wp-block-column-is-layout-flow\">\n<div class=\"wp-block-buttons is-content-justification-center is-layout-flex wp-container-core-buttons-is-layout-16018d1d wp-block-buttons-is-layout-flex\">\n<div class=\"wp-block-button\"><a class=\"wp-block-button__link has-background-color has-text-color has-background wp-element-button\" href=\"https:\/\/gymnasium-eckhorst.de\/homepage\/musikklasse\/\" style=\"background-color:#0f598d\" rel=\"\">Musikklasse<\/a><\/div>\n<\/div>\n<\/div>\n\n\n\n<div class=\"wp-block-column is-layout-flow wp-block-column-is-layout-flow\">\n<div class=\"wp-block-buttons is-content-justification-center is-layout-flex wp-container-core-buttons-is-layout-16018d1d wp-block-buttons-is-layout-flex\">\n<div class=\"wp-block-button\"><a class=\"wp-block-button__link has-background-color has-text-color has-background wp-element-button\" href=\"https:\/\/gymnasium-eckhorst.de\/homepage\/blaeserklasse\/\" style=\"background-color:#0f598d\">Bl\u00e4serklasse<\/a><\/div>\n<\/div>\n<\/div>\n<\/div>\n\n\n\n<div class=\"wp-block-columns alignwide is-layout-flex wp-container-core-columns-is-layout-9d6595d7 wp-block-columns-is-layout-flex\">\n<div class=\"wp-block-column is-layout-flow wp-block-column-is-layout-flow\">\n<h4 class=\"wp-block-heading\"><strong>Stundenverteilung<\/strong><\/h4>\n\n\n\n<p>Die Kinder im Musikzweig haben verst\u00e4rkten Musikunterricht, der nah am Instrument stattfindet. In allen Jahrg\u00e4ngen erhalten die Kinder eine zus\u00e4tzliche Wochenstunde Musik, die ausschlie\u00dflich der Praxis vorbehalten ist. Daraus ergibt sich, dass sie in den Jahrg\u00e4ngen 5 \u2013 8 dreist\u00fcndig Musikunterricht erhalten und in den Jahrg\u00e4ngen 9 und 10 zweist\u00fcndig (G9). Au\u00dferdem erg\u00e4nzt die empfohlene Teilnahme an einer Musik-AG sowie Praxistage und Exkursionen (z. B. Elbphilharmonie, 6k United!) das Konzept des Musikzweiges. Die Sch\u00fcler*innen haben die freie Wahl, an welcher AG sie teilnehmen m\u00f6chten. Ein Stundenplan in der 5. Klasse k\u00f6nnte wie folgt aussehen (28+2 Wochenstunden):<\/p>\n<\/div>\n\n\n\n<div class=\"wp-block-column is-layout-flow wp-block-column-is-layout-flow\"><div class=\"wp-block-image\">\n<figure class=\"aligncenter size-large is-resized\"><img fetchpriority=\"high\" decoding=\"async\" width=\"608\" height=\"406\" src=\"https:\/\/gymnasium-eckhorst.de\/homepage\/wp-content\/uploads\/2020\/10\/Musikzweig_Lucia.png\" alt=\"\" class=\"wp-image-2287\" style=\"width:456px;height:305px\" srcset=\"https:\/\/gymnasium-eckhorst.de\/homepage\/wp-content\/uploads\/2020\/10\/Musikzweig_Lucia.png 608w, https:\/\/gymnasium-eckhorst.de\/homepage\/wp-content\/uploads\/2020\/10\/Musikzweig_Lucia-300x200.png 300w\" sizes=\"(max-width: 608px) 100vw, 608px\" \/><\/figure>\n<\/div><\/div>\n<\/div>\n\n\n\n<figure class=\"wp-block-table is-style-regular\"><table><thead><tr><th><\/th><th>Montag<\/th><th>Dienstag<\/th><th>Mittwoch<\/th><th>Donnerstag<\/th><th>Freitag<\/th><\/tr><\/thead><tbody><tr><td>1. Std.<\/td><td>Geographie<\/td><td>Deutsch<\/td><td>Religion\/Philo.<\/td><td>Deutsch<\/td><td>Biologie<\/td><\/tr><tr><td>2. Std.<\/td><td><strong>Musik<\/strong><\/td><td>Sport<\/td><td>Religion\/Philo.<\/td><td>Deutsch<\/td><td>Biologie<\/td><\/tr><tr><td>3. Std.<\/td><td>Klassenrat<\/td><td>Englisch<\/td><td><strong>Musik<\/strong><\/td><td>Mathe<\/td><td>Geographie<\/td><\/tr><tr><td>4. Std.<\/td><td>Englisch<\/td><td>Englisch<\/td><td><strong>Musik<\/strong><\/td><td>Mathe<\/td><td>Englisch<\/td><\/tr><tr><td>5. Std.<\/td><td>Mathe<\/td><td>Kunst<\/td><td>Deutsch<\/td><td>Sport<\/td><td>Mathe<\/td><\/tr><tr><td>6. Std.<\/td><td>Mathe<\/td><td>Kunst<\/td><td>&nbsp;<\/td><td>Sport<\/td><td>&nbsp;<\/td><\/tr><tr><td>7. Std.<\/td><td>&nbsp;<\/td><td>&nbsp;<\/td><td>&nbsp;<\/td><td><strong>Musik-AG<\/strong><\/td><td>&nbsp;<\/td><\/tr><\/tbody><\/table><\/figure>\n\n\n\n<div class=\"wp-block-group alignfull has-background-color has-text-color has-background\" style=\"background-color:#0f598d\"><div class=\"wp-block-group__inner-container is-layout-flow wp-block-group-is-layout-flow\">\n<h3 class=\"wp-block-heading has-text-align-center\" id=\"musikags\">Musik-AGs<\/h3>\n<\/div><\/div>\n\n\n\n<figure class=\"wp-block-table alignwide\"><table><thead><tr><th>AG<\/th><th>Information<\/th><\/tr><\/thead><tbody><tr><td><strong>Bands<\/strong><strong><\/strong><\/td><td>Sch\u00fclerinnen und Sch\u00fcler, die ein Instrument spielen, sind herzlich eingeladen, St\u00fccke aus dem Bereich Rock &amp; Pop gemeinsam in einer Band zu spielen.<\/td><\/tr><tr><td><strong>B\u00fchnentechnik<\/strong><\/td><td>Ab der 8. Klasse kann diese AG besucht werden, in der der Umgang mit Mikrophonen, dem Mischpult und der Verst\u00e4rkeranlage ge\u00fcbt wird und die Beleuchtungsanlage betreut und bei entsprechenden Anl\u00e4ssen eingesetzt wird.<\/td><\/tr><tr><td><strong>Chor<\/strong><strong><\/strong><\/td><td>Sch\u00fclerinnen und Sch\u00fcler singen leichte mehrstimmige S\u00e4tze aus dem popul\u00e4ren und klassischen Bereich und treten bei Schulkonzerten auf.<\/td><\/tr><tr><td><strong>Orchester<\/strong><\/td><td>Am Orchester des Gymnasiums Eckhorst k\u00f6nnen alle Sch\u00fclerinnen und Sch\u00fcler und auch deren Eltern teilnehmen, die ein Orchesterinstrument mindestens ein Jahr lang spielen.<\/td><\/tr><\/tbody><\/table><figcaption class=\"wp-element-caption\">Wann und f\u00fcr welche Jahrg\u00e4nge die AGs stattfinden, finden sie bei der <a href=\"https:\/\/gymnasium-eckhorst.de\/homepage\/ags\/\" data-type=\"link\" data-id=\"https:\/\/gymnasium-eckhorst.de\/homepage\/ags\/\">AG-\u00dcbersicht<\/a>.<br>Eine Teilnahme an den unterschiedlichen Musik-AGs der Schule ist selbstverst\u00e4ndlich f\u00fcr alle Sch\u00fcler*innen des Gymnasiums m\u00f6g\u00adlich.<\/figcaption><\/figure>\n\n\n\n<figure class=\"wp-block-gallery has-nested-images columns-1 is-cropped wp-block-gallery-1 is-layout-flex wp-block-gallery-is-layout-flex\">\n<figure class=\"wp-block-image size-large\"><img decoding=\"async\" width=\"1011\" height=\"673\" data-id=\"7454\" src=\"https:\/\/gymnasium-eckhorst.de\/homepage\/wp-content\/uploads\/2024\/02\/Screenshot-2024-02-28-at-17-53-12-Homepage_Musikzweig.pdf.png\" alt=\"\" class=\"wp-image-7454\" srcset=\"https:\/\/gymnasium-eckhorst.de\/homepage\/wp-content\/uploads\/2024\/02\/Screenshot-2024-02-28-at-17-53-12-Homepage_Musikzweig.pdf.png 1011w, https:\/\/gymnasium-eckhorst.de\/homepage\/wp-content\/uploads\/2024\/02\/Screenshot-2024-02-28-at-17-53-12-Homepage_Musikzweig.pdf-300x200.png 300w, https:\/\/gymnasium-eckhorst.de\/homepage\/wp-content\/uploads\/2024\/02\/Screenshot-2024-02-28-at-17-53-12-Homepage_Musikzweig.pdf-768x511.png 768w\" sizes=\"(max-width: 1011px) 100vw, 1011px\" \/><\/figure>\n\n\n\n<figure class=\"wp-block-image size-large\"><img decoding=\"async\" width=\"1011\" height=\"671\" data-id=\"7455\" src=\"https:\/\/gymnasium-eckhorst.de\/homepage\/wp-content\/uploads\/2024\/02\/Screenshot-2024-02-28-at-17-53-36-Homepage_Musikzweig.pdf.png\" alt=\"\" class=\"wp-image-7455\" srcset=\"https:\/\/gymnasium-eckhorst.de\/homepage\/wp-content\/uploads\/2024\/02\/Screenshot-2024-02-28-at-17-53-36-Homepage_Musikzweig.pdf.png 1011w, https:\/\/gymnasium-eckhorst.de\/homepage\/wp-content\/uploads\/2024\/02\/Screenshot-2024-02-28-at-17-53-36-Homepage_Musikzweig.pdf-300x199.png 300w, https:\/\/gymnasium-eckhorst.de\/homepage\/wp-content\/uploads\/2024\/02\/Screenshot-2024-02-28-at-17-53-36-Homepage_Musikzweig.pdf-768x510.png 768w\" sizes=\"(max-width: 1011px) 100vw, 1011px\" \/><\/figure>\n\n\n\n<figure class=\"wp-block-image size-large\"><img loading=\"lazy\" decoding=\"async\" width=\"1010\" height=\"676\" data-id=\"7456\" src=\"https:\/\/gymnasium-eckhorst.de\/homepage\/wp-content\/uploads\/2024\/02\/Screenshot-2024-02-28-at-17-53-51-Homepage_Musikzweig.pdf.png\" alt=\"\" class=\"wp-image-7456\" srcset=\"https:\/\/gymnasium-eckhorst.de\/homepage\/wp-content\/uploads\/2024\/02\/Screenshot-2024-02-28-at-17-53-51-Homepage_Musikzweig.pdf.png 1010w, https:\/\/gymnasium-eckhorst.de\/homepage\/wp-content\/uploads\/2024\/02\/Screenshot-2024-02-28-at-17-53-51-Homepage_Musikzweig.pdf-300x201.png 300w, https:\/\/gymnasium-eckhorst.de\/homepage\/wp-content\/uploads\/2024\/02\/Screenshot-2024-02-28-at-17-53-51-Homepage_Musikzweig.pdf-768x514.png 768w\" sizes=\"(max-width: 1010px) 100vw, 1010px\" \/><\/figure>\n<\/figure>\n","protected":false},"excerpt":{"rendered":"<p>Das gemeinsame Singen und Musizieren bringt viele Vorteile, die auch durch Studien belegt sind: Praktischer Musikunterricht schult die allgemei\u00adnen Grundbedingungen des Lernens (Konzen\u00adtrations- und Aufnahmef\u00e4higkeit, Motivation, Kreativit\u00e4t). Das gemeinsame \u00dcben in einem En\u00adsemble bzw. die \u00dcbeprozesse (aufeinander h\u00f6\u00adren, aufeinander warten, miteinander musizieren etc.) st\u00e4rken das Sozialverhalten und es entwickelt sich ein positives Gruppenklima. Dar\u00fcber hinaus [&hellip;]<\/p>\n","protected":false},"author":17,"featured_media":0,"parent":0,"menu_order":0,"comment_status":"closed","ping_status":"closed","template":"","meta":{"footnotes":""},"class_list":["post-618","page","type-page","status-publish","hentry"],"_links":{"self":[{"href":"https:\/\/gymnasium-eckhorst.de\/homepage\/wp-json\/wp\/v2\/pages\/618","targetHints":{"allow":["GET"]}}],"collection":[{"href":"https:\/\/gymnasium-eckhorst.de\/homepage\/wp-json\/wp\/v2\/pages"}],"about":[{"href":"https:\/\/gymnasium-eckhorst.de\/homepage\/wp-json\/wp\/v2\/types\/page"}],"author":[{"embeddable":true,"href":"https:\/\/gymnasium-eckhorst.de\/homepage\/wp-json\/wp\/v2\/users\/17"}],"replies":[{"embeddable":true,"href":"https:\/\/gymnasium-eckhorst.de\/homepage\/wp-json\/wp\/v2\/comments?post=618"}],"version-history":[{"count":13,"href":"https:\/\/gymnasium-eckhorst.de\/homepage\/wp-json\/wp\/v2\/pages\/618\/revisions"}],"predecessor-version":[{"id":17132,"href":"https:\/\/gymnasium-eckhorst.de\/homepage\/wp-json\/wp\/v2\/pages\/618\/revisions\/17132"}],"wp:attachment":[{"href":"https:\/\/gymnasium-eckhorst.de\/homepage\/wp-json\/wp\/v2\/media?parent=618"}],"curies":[{"name":"wp","href":"https:\/\/api.w.org\/{rel}","templated":true}]}}