{"id":504,"date":"2020-04-29T16:32:08","date_gmt":"2020-04-29T14:32:08","guid":{"rendered":"http:\/\/gymnasium-eckhorst.de\/homepage\/?page_id=504"},"modified":"2025-09-03T22:20:19","modified_gmt":"2025-09-03T20:20:19","slug":"gymvo2024","status":"publish","type":"page","link":"https:\/\/gymnasium-eckhorst.de\/homepage\/gymvo2024\/","title":{"rendered":"GymVO 2024"},"content":{"rendered":"\n<h4 class=\"wp-block-heading\">Landesverordnung \u00fcber Gymnasien (GymVO) vom 11. September 2024<\/h4>\n\n\n\n<p>Die Verordnung f\u00fcr die Sekundarstufe I an Gymnasien (GymVO), regelt die Versetzung und das Aufsteigen der Sch\u00fclerinnen und Sch\u00fcler in der Unter- und Mittelstufe.<\/p>\n\n\n\n<p>Die anh\u00e4ngige PDF-Datei gibt hierzu einen \u00dcberblick f\u00fcr die Mittelstufe.<\/p>\n\n\n\n<p><a href=\"https:\/\/gymnasium-eckhorst.de\/homepage\/wp-content\/uploads\/2025\/09\/GymVO-2024.pdf\" data-type=\"attachment\" data-id=\"17379\" target=\"_blank\" rel=\"noreferrer noopener\">GymVO 2024<\/a><\/p>\n\n\n\n<p>Ma\u00dfgeblich bleibt aber der Gesetzestext, der unter folgendem Link zu finden ist:&nbsp;<a target=\"_blank\" href=\"http:\/\/www.gesetze-rechtsprechung.sh.juris.de\/jportal\/?quelle=jlink&amp;query=GymVersV+SH&amp;psml=bsshoprod.psml&amp;max=true\" rel=\"noreferrer noopener\">gesetze-rechtsprechung.sh.juris<\/a><\/p>\n\n\n\n<p><em>Imke Wulfmeyer, 01.08.2025<\/em><\/p>\n","protected":false},"excerpt":{"rendered":"<p>Landesverordnung \u00fcber Gymnasien (GymVO) vom 11. September 2024 Die Verordnung f\u00fcr die Sekundarstufe I an Gymnasien (GymVO), regelt die Versetzung und das Aufsteigen der Sch\u00fclerinnen und Sch\u00fcler in der Unter- und Mittelstufe. Die anh\u00e4ngige PDF-Datei gibt hierzu einen \u00dcberblick f\u00fcr die Mittelstufe. GymVO 2024 Ma\u00dfgeblich bleibt aber der Gesetzestext, der unter folgendem Link zu finden [&hellip;]<\/p>\n","protected":false},"author":17,"featured_media":0,"parent":0,"menu_order":0,"comment_status":"closed","ping_status":"closed","template":"","meta":{"footnotes":""},"class_list":["post-504","page","type-page","status-publish","hentry"],"_links":{"self":[{"href":"https:\/\/gymnasium-eckhorst.de\/homepage\/wp-json\/wp\/v2\/pages\/504","targetHints":{"allow":["GET"]}}],"collection":[{"href":"https:\/\/gymnasium-eckhorst.de\/homepage\/wp-json\/wp\/v2\/pages"}],"about":[{"href":"https:\/\/gymnasium-eckhorst.de\/homepage\/wp-json\/wp\/v2\/types\/page"}],"author":[{"embeddable":true,"href":"https:\/\/gymnasium-eckhorst.de\/homepage\/wp-json\/wp\/v2\/users\/17"}],"replies":[{"embeddable":true,"href":"https:\/\/gymnasium-eckhorst.de\/homepage\/wp-json\/wp\/v2\/comments?post=504"}],"version-history":[{"count":6,"href":"https:\/\/gymnasium-eckhorst.de\/homepage\/wp-json\/wp\/v2\/pages\/504\/revisions"}],"predecessor-version":[{"id":17380,"href":"https:\/\/gymnasium-eckhorst.de\/homepage\/wp-json\/wp\/v2\/pages\/504\/revisions\/17380"}],"wp:attachment":[{"href":"https:\/\/gymnasium-eckhorst.de\/homepage\/wp-json\/wp\/v2\/media?parent=504"}],"curies":[{"name":"wp","href":"https:\/\/api.w.org\/{rel}","templated":true}]}}