{"id":4438,"date":"2022-04-01T09:10:03","date_gmt":"2022-04-01T07:10:03","guid":{"rendered":"https:\/\/gymnasium-eckhorst.de\/homepage\/?page_id=4438"},"modified":"2022-11-11T16:46:22","modified_gmt":"2022-11-11T15:46:22","slug":"geschichten-und-spiele-programmieren-mit-scratch","status":"publish","type":"page","link":"https:\/\/gymnasium-eckhorst.de\/homepage\/geschichten-und-spiele-programmieren-mit-scratch\/","title":{"rendered":"Geschichten und Spiele programmieren mit Scratch"},"content":{"rendered":"\n<p><br><br>Programmieren ist langweilig? Man muss ewig Programmiersprachen lernen, die aus kryptischen Zeichen bestehen? Alles Quatsch!<br>Das haben die Sch\u00fcler*innen in diesem Projekt selbst erfahren d\u00fcrfen. Nachdem in der ersten Woche grundlegende Strategien des Programmierens und die Programmieroberfl\u00e4che Scratch erkundet wurden, haben sie in der zweiten Woche in Kleingruppen eigene Spiele entwickelt. <br>Eine \u00dcbersicht der Spiele findet sich unten. Auf die Spielseite gelangt man durch einen Klick auf das jeweilige Vorschaubild. Das Spiel wird dann mit einem Klick auf die gr\u00fcne Fahne gestartet.<\/p>\n\n\n\n<div class=\"wp-block-columns alignwide is-layout-flex wp-container-core-columns-is-layout-9d6595d7 wp-block-columns-is-layout-flex\">\n<div class=\"wp-block-column is-layout-flow wp-block-column-is-layout-flow\">\n<h4 class=\"has-text-align-center wp-block-heading\">Labyrinth<\/h4>\n\n\n\n<figure class=\"wp-block-image size-full\"><a href=\"https:\/\/scratch.mit.edu\/projects\/666848070\" target=\"_blank\" rel=\"noopener\"><img fetchpriority=\"high\" decoding=\"async\" width=\"720\" height=\"537\" src=\"https:\/\/gymnasium-eckhorst.de\/homepage\/wp-content\/uploads\/2022\/04\/labyrinth.png\" alt=\"\" class=\"wp-image-4439\" srcset=\"https:\/\/gymnasium-eckhorst.de\/homepage\/wp-content\/uploads\/2022\/04\/labyrinth.png 720w, https:\/\/gymnasium-eckhorst.de\/homepage\/wp-content\/uploads\/2022\/04\/labyrinth-300x224.png 300w\" sizes=\"(max-width: 720px) 100vw, 720px\" \/><\/a><figcaption class=\"wp-element-caption\">von Nele, Deborah und Friederike<\/figcaption><\/figure>\n<\/div>\n\n\n\n<div class=\"wp-block-column is-layout-flow wp-block-column-is-layout-flow\">\n<h4 class=\"has-text-align-center wp-block-heading\">Dasher Duels<\/h4>\n\n\n\n<figure class=\"wp-block-image size-full\"><a href=\"https:\/\/scratch.mit.edu\/projects\/665093403\" target=\"_blank\" rel=\"noopener\"><img decoding=\"async\" width=\"724\" height=\"538\" src=\"https:\/\/gymnasium-eckhorst.de\/homepage\/wp-content\/uploads\/2022\/04\/dasher-duels.png\" alt=\"\" class=\"wp-image-4440\" srcset=\"https:\/\/gymnasium-eckhorst.de\/homepage\/wp-content\/uploads\/2022\/04\/dasher-duels.png 724w, https:\/\/gymnasium-eckhorst.de\/homepage\/wp-content\/uploads\/2022\/04\/dasher-duels-300x223.png 300w\" sizes=\"(max-width: 724px) 100vw, 724px\" \/><\/a><figcaption class=\"wp-element-caption\">von Linus, Tobias und Tristan<\/figcaption><\/figure>\n<\/div>\n\n\n\n<div class=\"wp-block-column is-layout-flow wp-block-column-is-layout-flow\">\n<h4 class=\"has-text-align-center wp-block-heading\">EscapeRoom<\/h4>\n\n\n\n<figure class=\"wp-block-image size-full\"><a href=\"https:\/\/scratch.mit.edu\/projects\/668159452\" target=\"_blank\" rel=\"noopener\"><img decoding=\"async\" width=\"718\" height=\"537\" src=\"https:\/\/gymnasium-eckhorst.de\/homepage\/wp-content\/uploads\/2022\/04\/escape.png\" alt=\"\" class=\"wp-image-4446\" srcset=\"https:\/\/gymnasium-eckhorst.de\/homepage\/wp-content\/uploads\/2022\/04\/escape.png 718w, https:\/\/gymnasium-eckhorst.de\/homepage\/wp-content\/uploads\/2022\/04\/escape-300x224.png 300w\" sizes=\"(max-width: 718px) 100vw, 718px\" \/><\/a><figcaption class=\"wp-element-caption\">von Eric, Johanna und Erik<\/figcaption><\/figure>\n<\/div>\n\n\n\n<div class=\"wp-block-column is-layout-flow wp-block-column-is-layout-flow\">\n<h4 class=\"has-text-align-center wp-block-heading\">Platformer<\/h4>\n\n\n\n<figure class=\"wp-block-image size-full\"><a href=\"https:\/\/scratch.mit.edu\/projects\/668912775\" target=\"_blank\" rel=\"noopener\"><img loading=\"lazy\" decoding=\"async\" width=\"721\" height=\"541\" src=\"https:\/\/gymnasium-eckhorst.de\/homepage\/wp-content\/uploads\/2022\/04\/platformer.png\" alt=\"\" class=\"wp-image-4445\" srcset=\"https:\/\/gymnasium-eckhorst.de\/homepage\/wp-content\/uploads\/2022\/04\/platformer.png 721w, https:\/\/gymnasium-eckhorst.de\/homepage\/wp-content\/uploads\/2022\/04\/platformer-300x225.png 300w\" sizes=\"(max-width: 721px) 100vw, 721px\" \/><\/a><figcaption class=\"wp-element-caption\">von Alexandra, Carlotta und Linh<\/figcaption><\/figure>\n<\/div>\n<\/div>\n\n\n\n<div class=\"wp-block-columns alignwide is-layout-flex wp-container-core-columns-is-layout-9d6595d7 wp-block-columns-is-layout-flex\">\n<div class=\"wp-block-column is-layout-flow wp-block-column-is-layout-flow\">\n<h4 class=\"has-text-align-center wp-block-heading\">A Hero&#8217;s Adventure<\/h4>\n\n\n\n<figure class=\"wp-block-image size-full\"><a href=\"https:\/\/scratch.mit.edu\/projects\/663063903\" target=\"_blank\" rel=\"noopener\"><img loading=\"lazy\" decoding=\"async\" width=\"718\" height=\"538\" src=\"https:\/\/gymnasium-eckhorst.de\/homepage\/wp-content\/uploads\/2022\/04\/hero.png\" alt=\"\" class=\"wp-image-4444\" srcset=\"https:\/\/gymnasium-eckhorst.de\/homepage\/wp-content\/uploads\/2022\/04\/hero.png 718w, https:\/\/gymnasium-eckhorst.de\/homepage\/wp-content\/uploads\/2022\/04\/hero-300x225.png 300w\" sizes=\"(max-width: 718px) 100vw, 718px\" \/><\/a><figcaption class=\"wp-element-caption\">von Nicklas, Luca und David<\/figcaption><\/figure>\n<\/div>\n\n\n\n<div class=\"wp-block-column is-layout-flow wp-block-column-is-layout-flow\">\n<h4 class=\"has-text-align-center wp-block-heading\">His Prisoner<\/h4>\n\n\n\n<figure class=\"wp-block-image size-full\"><a href=\"https:\/\/scratch.mit.edu\/projects\/663159470\" target=\"_blank\" rel=\"noopener\"><img loading=\"lazy\" decoding=\"async\" width=\"717\" height=\"538\" src=\"https:\/\/gymnasium-eckhorst.de\/homepage\/wp-content\/uploads\/2022\/04\/his-prisoner.png\" alt=\"\" class=\"wp-image-4442\" srcset=\"https:\/\/gymnasium-eckhorst.de\/homepage\/wp-content\/uploads\/2022\/04\/his-prisoner.png 717w, https:\/\/gymnasium-eckhorst.de\/homepage\/wp-content\/uploads\/2022\/04\/his-prisoner-300x225.png 300w\" sizes=\"(max-width: 717px) 100vw, 717px\" \/><\/a><figcaption class=\"wp-element-caption\">von Jakob und Lukas<\/figcaption><\/figure>\n<\/div>\n\n\n\n<div class=\"wp-block-column is-layout-flow wp-block-column-is-layout-flow\">\n<h4 class=\"has-text-align-center wp-block-heading\">Chicken Run<\/h4>\n\n\n\n<figure class=\"wp-block-image size-full\"><a href=\"https:\/\/scratch.mit.edu\/projects\/669493882\" target=\"_blank\" rel=\"noopener\"><img loading=\"lazy\" decoding=\"async\" width=\"720\" height=\"538\" src=\"https:\/\/gymnasium-eckhorst.de\/homepage\/wp-content\/uploads\/2022\/04\/chicken-run.png\" alt=\"\" class=\"wp-image-4443\" srcset=\"https:\/\/gymnasium-eckhorst.de\/homepage\/wp-content\/uploads\/2022\/04\/chicken-run.png 720w, https:\/\/gymnasium-eckhorst.de\/homepage\/wp-content\/uploads\/2022\/04\/chicken-run-300x224.png 300w\" sizes=\"(max-width: 720px) 100vw, 720px\" \/><\/a><figcaption class=\"wp-element-caption\">von Maik und Damian<\/figcaption><\/figure>\n<\/div>\n\n\n\n<div class=\"wp-block-column is-layout-flow wp-block-column-is-layout-flow\"><\/div>\n<\/div>\n","protected":false},"excerpt":{"rendered":"<p>Programmieren ist langweilig? Man muss ewig Programmiersprachen lernen, die aus kryptischen Zeichen bestehen? Alles Quatsch!Das haben die Sch\u00fcler*innen in diesem Projekt selbst erfahren d\u00fcrfen. Nachdem in der ersten Woche grundlegende Strategien des Programmierens und die Programmieroberfl\u00e4che Scratch erkundet wurden, haben sie in der zweiten Woche in Kleingruppen eigene Spiele entwickelt. Eine \u00dcbersicht der Spiele findet [&hellip;]<\/p>\n","protected":false},"author":17,"featured_media":0,"parent":0,"menu_order":0,"comment_status":"closed","ping_status":"closed","template":"","meta":{"footnotes":""},"class_list":["post-4438","page","type-page","status-publish","hentry"],"_links":{"self":[{"href":"https:\/\/gymnasium-eckhorst.de\/homepage\/wp-json\/wp\/v2\/pages\/4438","targetHints":{"allow":["GET"]}}],"collection":[{"href":"https:\/\/gymnasium-eckhorst.de\/homepage\/wp-json\/wp\/v2\/pages"}],"about":[{"href":"https:\/\/gymnasium-eckhorst.de\/homepage\/wp-json\/wp\/v2\/types\/page"}],"author":[{"embeddable":true,"href":"https:\/\/gymnasium-eckhorst.de\/homepage\/wp-json\/wp\/v2\/users\/17"}],"replies":[{"embeddable":true,"href":"https:\/\/gymnasium-eckhorst.de\/homepage\/wp-json\/wp\/v2\/comments?post=4438"}],"version-history":[{"count":7,"href":"https:\/\/gymnasium-eckhorst.de\/homepage\/wp-json\/wp\/v2\/pages\/4438\/revisions"}],"predecessor-version":[{"id":5382,"href":"https:\/\/gymnasium-eckhorst.de\/homepage\/wp-json\/wp\/v2\/pages\/4438\/revisions\/5382"}],"wp:attachment":[{"href":"https:\/\/gymnasium-eckhorst.de\/homepage\/wp-json\/wp\/v2\/media?parent=4438"}],"curies":[{"name":"wp","href":"https:\/\/api.w.org\/{rel}","templated":true}]}}