{"id":4146,"date":"2022-01-17T15:11:25","date_gmt":"2022-01-17T14:11:25","guid":{"rendered":"https:\/\/gymnasium-eckhorst.de\/homepage\/?page_id=4146"},"modified":"2025-11-13T15:59:37","modified_gmt":"2025-11-13T14:59:37","slug":"lerncoaching","status":"publish","type":"page","link":"https:\/\/gymnasium-eckhorst.de\/homepage\/lerncoaching\/","title":{"rendered":"Lerncoaching"},"content":{"rendered":"\n<div class=\"wp-block-columns alignwide is-layout-flex wp-container-core-columns-is-layout-9d6595d7 wp-block-columns-is-layout-flex\">\n<div class=\"wp-block-column is-layout-flow wp-block-column-is-layout-flow\"><div class=\"wp-block-image\">\n<figure class=\"aligncenter size-full\"><img fetchpriority=\"high\" decoding=\"async\" width=\"556\" height=\"299\" src=\"https:\/\/gymnasium-eckhorst.de\/homepage\/wp-content\/uploads\/2022\/01\/LernCoaching.jpeg\" alt=\"\" class=\"wp-image-4147\" srcset=\"https:\/\/gymnasium-eckhorst.de\/homepage\/wp-content\/uploads\/2022\/01\/LernCoaching.jpeg 556w, https:\/\/gymnasium-eckhorst.de\/homepage\/wp-content\/uploads\/2022\/01\/LernCoaching-300x161.jpeg 300w\" sizes=\"(max-width: 556px) 100vw, 556px\" \/><\/figure>\n<\/div>\n\n<div class=\"wp-block-image\">\n<figure class=\"aligncenter size-full\"><img decoding=\"async\" width=\"383\" height=\"287\" src=\"https:\/\/gymnasium-eckhorst.de\/homepage\/wp-content\/uploads\/2022\/01\/Raeuberleiter1.jpeg\" alt=\"\" class=\"wp-image-4148\" srcset=\"https:\/\/gymnasium-eckhorst.de\/homepage\/wp-content\/uploads\/2022\/01\/Raeuberleiter1.jpeg 383w, https:\/\/gymnasium-eckhorst.de\/homepage\/wp-content\/uploads\/2022\/01\/Raeuberleiter1-300x225.jpeg 300w\" sizes=\"(max-width: 383px) 100vw, 383px\" \/><\/figure>\n<\/div>\n\n<div class=\"wp-block-image\">\n<figure class=\"aligncenter size-full\"><img decoding=\"async\" width=\"309\" height=\"355\" src=\"https:\/\/gymnasium-eckhorst.de\/homepage\/wp-content\/uploads\/2022\/01\/Ziellauf1.jpeg\" alt=\"\" class=\"wp-image-4149\" srcset=\"https:\/\/gymnasium-eckhorst.de\/homepage\/wp-content\/uploads\/2022\/01\/Ziellauf1.jpeg 309w, https:\/\/gymnasium-eckhorst.de\/homepage\/wp-content\/uploads\/2022\/01\/Ziellauf1-261x300.jpeg 261w\" sizes=\"(max-width: 309px) 100vw, 309px\" \/><\/figure>\n<\/div><\/div>\n\n\n\n<div class=\"wp-block-column is-layout-flow wp-block-column-is-layout-flow\">\n<p><br><br>Manchmal ist das Lernen erschwert oder man erreicht trotz Vorbereitung nicht die anvisierten pers\u00f6nlichen (Lern-) Ziele.<\/p>\n\n\n\n<p>LernCoaching ist <em>keine<\/em> Nachhilfe, sondern unterst\u00fctzt das eigenverantwortliche Arbeiten der Sch\u00fcler*innen in ihrem Lernprozess. Es zielt darauf ab, dass Sch\u00fcler*innen ihren Lernprozess reflektieren lernen, um entsprechend der eigenen St\u00e4rken (d.h.ressourcenorientiert) sein Selbstmanagement aufzubauen. Es soll Sch\u00fcler*innen bef\u00e4higen, ihre Lernkompetenzen zu erweitern sowie ihre Wissensorganisation individuell und aktiv erzielen zu k\u00f6nnen. <\/p>\n\n\n\n<p>LernCoaching ist eine professionelle Beratung ohne ein Erteilen von Ratschl\u00e4gen. Es ist somit eine l\u00f6sungsorientierte Hilfe zur Selbsthilfe und gilt gleicherma\u00dfen f\u00fcr Sch\u00fcler*innen mit Lerndisposition und Lernhemmung wie auch f\u00fcr besonders begabte Sch\u00fcler*innen und f\u00f6rdert deren intrinsische Motivation. <\/p>\n\n\n\n<p>Der Coaching-Prozess findet in einem gesch\u00fctzten Beratungssetting au\u00dferhalb der Unterrichtszeit in der Schule statt und unterliegt der Freiwilligkeit sowie der aktiven Mitarbeit der Sch\u00fcler*innen. Ferner sind Sch\u00fcler*innen durch die Schweigepflicht des Lerncoaches gegen\u00fcber anderen Sch\u00fcler*innen oder Lehrkr\u00e4ften gesch\u00fctzt.<\/p>\n\n\n\n<p>Unsere <strong>Lerncoaches<\/strong> sind: <br>&#8211; T. Br\u00fcck<br>&#8211; P. Harting<br>&#8211; A. Kubillus <br>&#8211; F. Kyas<br>&#8211; V. L\u00fcthje<br>&#8211; S. March-Lange <br>&#8211; N. Mroz <br>&#8211; T. Thiele<\/p>\n\n\n\n<p>Weitere Informationen finden Sie in unserem Flyer:<\/p>\n\n\n\n<div class=\"wp-block-file\"><a id=\"wp-block-file--media-286e40a9-fb94-41cc-82ff-570b2b741eb5\" href=\"https:\/\/gymnasium-eckhorst.de\/homepage\/wp-content\/uploads\/2023\/03\/Flyer_komplett_1.pdf\">Lerncoaching Flyer<\/a><a href=\"https:\/\/gymnasium-eckhorst.de\/homepage\/wp-content\/uploads\/2023\/03\/Flyer_komplett_1.pdf\" class=\"wp-block-file__button wp-element-button\" download aria-describedby=\"wp-block-file--media-286e40a9-fb94-41cc-82ff-570b2b741eb5\">Herunterladen<\/a><\/div>\n<\/div>\n<\/div>\n","protected":false},"excerpt":{"rendered":"<p>Manchmal ist das Lernen erschwert oder man erreicht trotz Vorbereitung nicht die anvisierten pers\u00f6nlichen (Lern-) Ziele. LernCoaching ist keine Nachhilfe, sondern unterst\u00fctzt das eigenverantwortliche Arbeiten der Sch\u00fcler*innen in ihrem Lernprozess. Es zielt darauf ab, dass Sch\u00fcler*innen ihren Lernprozess reflektieren lernen, um entsprechend der eigenen St\u00e4rken (d.h.ressourcenorientiert) sein Selbstmanagement aufzubauen. Es soll Sch\u00fcler*innen bef\u00e4higen, ihre Lernkompetenzen [&hellip;]<\/p>\n","protected":false},"author":17,"featured_media":0,"parent":0,"menu_order":0,"comment_status":"closed","ping_status":"closed","template":"","meta":{"footnotes":""},"class_list":["post-4146","page","type-page","status-publish","hentry"],"_links":{"self":[{"href":"https:\/\/gymnasium-eckhorst.de\/homepage\/wp-json\/wp\/v2\/pages\/4146","targetHints":{"allow":["GET"]}}],"collection":[{"href":"https:\/\/gymnasium-eckhorst.de\/homepage\/wp-json\/wp\/v2\/pages"}],"about":[{"href":"https:\/\/gymnasium-eckhorst.de\/homepage\/wp-json\/wp\/v2\/types\/page"}],"author":[{"embeddable":true,"href":"https:\/\/gymnasium-eckhorst.de\/homepage\/wp-json\/wp\/v2\/users\/17"}],"replies":[{"embeddable":true,"href":"https:\/\/gymnasium-eckhorst.de\/homepage\/wp-json\/wp\/v2\/comments?post=4146"}],"version-history":[{"count":12,"href":"https:\/\/gymnasium-eckhorst.de\/homepage\/wp-json\/wp\/v2\/pages\/4146\/revisions"}],"predecessor-version":[{"id":17640,"href":"https:\/\/gymnasium-eckhorst.de\/homepage\/wp-json\/wp\/v2\/pages\/4146\/revisions\/17640"}],"wp:attachment":[{"href":"https:\/\/gymnasium-eckhorst.de\/homepage\/wp-json\/wp\/v2\/media?parent=4146"}],"curies":[{"name":"wp","href":"https:\/\/api.w.org\/{rel}","templated":true}]}}