{"id":317,"date":"2020-04-24T14:12:34","date_gmt":"2020-04-24T12:12:34","guid":{"rendered":"http:\/\/gymnasium-eckhorst.de\/homepage\/?page_id=317"},"modified":"2024-10-19T11:40:22","modified_gmt":"2024-10-19T09:40:22","slug":"schuelerinnenvertretung","status":"publish","type":"page","link":"https:\/\/gymnasium-eckhorst.de\/homepage\/schuelerinnenvertretung\/","title":{"rendered":"Sch\u00fcler*innenvertretung"},"content":{"rendered":"\n<div class=\"wp-block-columns alignwide is-layout-flex wp-container-core-columns-is-layout-9d6595d7 wp-block-columns-is-layout-flex\">\n<div class=\"wp-block-column is-layout-flow wp-block-column-is-layout-flow\">\n<h4 class=\"wp-block-heading\"><strong>Wof\u00fcr eine SV?<\/strong><\/h4>\n\n\n\n<p>Wenn man den Gro\u00dfteil seiner Jugend an der Schule verbringt, sollte man sich in dieser Zeit auch beachtet, ber\u00fccksichtigt und wohl f\u00fchlen. Die SV als direkt gew\u00e4hlte Vertretung unserer Schule, unterst\u00fctzt von freiwilligen Mitgliedern, tr\u00e4gt dazu ganz ma\u00dfgeblich bei.<\/p>\n<\/div>\n\n\n\n<div class=\"wp-block-column is-layout-flow wp-block-column-is-layout-flow\">\n<h4 class=\"wp-block-heading\"><strong>Was macht denn die SV genau?<\/strong><\/h4>\n\n\n\n<p>Die SV vertritt die Interessen aller Sch\u00fcler*innen und setzt sich f\u00fcr die gesamte Sch\u00fclerschaft ein. Wir sind an einer Reihe wichtiger Entscheidungen an der Schule beteiligt, ebenso planen wir Aktivit\u00e4ten und helfen bei Events. Wir sind Ansprechpartner bei Fragen oder W\u00fcnschen, die z.B. die Gestaltung der Schule betreffen. <\/p>\n<\/div>\n<\/div>\n\n\n\n<div class=\"wp-block-columns alignwide is-layout-flex wp-container-core-columns-is-layout-9d6595d7 wp-block-columns-is-layout-flex\">\n<div class=\"wp-block-column is-layout-flow wp-block-column-is-layout-flow\">\n<h4 class=\"wp-block-heading\"><strong>Wie ist die SV aufgebaut?<\/strong><\/h4>\n\n\n\n<p>\u2013 Im SV-Team werden die gew\u00e4hlten Sch\u00fclervertreter von zahlreichen, freiwilligen Mitgliedern tatkr\u00e4ftig unterst\u00fctzt.<br>\u2013 Jedes Jahr wird die SV neu gew\u00e4hlt. Dies geschieht durch eine demokratische Wahl bei der sich alle Kandidat*innen der gesamten Schule vorstellen und dann von den Sch\u00fcler*innen des Eckhorsts gew\u00e4hlt werden kann.<\/p>\n<\/div>\n\n\n\n<div class=\"wp-block-column is-layout-flow wp-block-column-is-layout-flow\">\n<h4 class=\"wp-block-heading\"><strong>Und wer darf mitmachen?<\/strong><\/h4>\n\n\n\n<p>Freiwilliges SV-Mitglied kann jede und jeder werden!<\/p>\n\n\n\n<p>Alle Sch\u00fcler*innen ab Klasse 5, die Interesse haben und bereit sind sich zu engagieren, k\u00f6nnen jederzeit bei uns vorbeischauen.<\/p>\n<\/div>\n<\/div>\n\n\n\n<h4 class=\"wp-block-heading has-text-align-center\"><strong>Unsere Aktionen:<\/strong><\/h4>\n\n\n\n<p>&#8211; Wir organisieren die Sporttuniere,<br>&#8211; planen Abendveranstaltungen f\u00fcr Klein und Gro\u00df<br>&#8211; und sind an vielen weiteren Veranstaltungen an unserer Schule beteiligt<\/p>\n","protected":false},"excerpt":{"rendered":"<p>Wof\u00fcr eine SV? Wenn man den Gro\u00dfteil seiner Jugend an der Schule verbringt, sollte man sich in dieser Zeit auch beachtet, ber\u00fccksichtigt und wohl f\u00fchlen. Die SV als direkt gew\u00e4hlte Vertretung unserer Schule, unterst\u00fctzt von freiwilligen Mitgliedern, tr\u00e4gt dazu ganz ma\u00dfgeblich bei. Was macht denn die SV genau? Die SV vertritt die Interessen aller Sch\u00fcler*innen [&hellip;]<\/p>\n","protected":false},"author":17,"featured_media":0,"parent":0,"menu_order":0,"comment_status":"closed","ping_status":"closed","template":"","meta":{"footnotes":""},"class_list":["post-317","page","type-page","status-publish","hentry"],"_links":{"self":[{"href":"https:\/\/gymnasium-eckhorst.de\/homepage\/wp-json\/wp\/v2\/pages\/317","targetHints":{"allow":["GET"]}}],"collection":[{"href":"https:\/\/gymnasium-eckhorst.de\/homepage\/wp-json\/wp\/v2\/pages"}],"about":[{"href":"https:\/\/gymnasium-eckhorst.de\/homepage\/wp-json\/wp\/v2\/types\/page"}],"author":[{"embeddable":true,"href":"https:\/\/gymnasium-eckhorst.de\/homepage\/wp-json\/wp\/v2\/users\/17"}],"replies":[{"embeddable":true,"href":"https:\/\/gymnasium-eckhorst.de\/homepage\/wp-json\/wp\/v2\/comments?post=317"}],"version-history":[{"count":10,"href":"https:\/\/gymnasium-eckhorst.de\/homepage\/wp-json\/wp\/v2\/pages\/317\/revisions"}],"predecessor-version":[{"id":8396,"href":"https:\/\/gymnasium-eckhorst.de\/homepage\/wp-json\/wp\/v2\/pages\/317\/revisions\/8396"}],"wp:attachment":[{"href":"https:\/\/gymnasium-eckhorst.de\/homepage\/wp-json\/wp\/v2\/media?parent=317"}],"curies":[{"name":"wp","href":"https:\/\/api.w.org\/{rel}","templated":true}]}}