{"id":300,"date":"2020-04-24T13:46:58","date_gmt":"2020-04-24T11:46:58","guid":{"rendered":"http:\/\/gymnasium-eckhorst.de\/homepage\/?page_id=300"},"modified":"2025-01-29T20:10:20","modified_gmt":"2025-01-29T19:10:20","slug":"schulelternbeirat","status":"publish","type":"page","link":"https:\/\/gymnasium-eckhorst.de\/homepage\/schulelternbeirat\/","title":{"rendered":"Schulelternbeirat"},"content":{"rendered":"\n<p><br><br>Die Elternvertretung am Eckhorst-Gymnasium versteht sich als wichtiger Baustein innerschulischer Zusammenarbeit und Kommunikation. Im Dialog mit der Sch\u00fclervertretung, mit Lehrern und der Schulleitung verschaffen wir uns Sachkenntnis zu aktuellen Themen, die unsere Schule oder unsere Schulart betreffen, nehmen Stellung und helfen bei der Umsetzung.<br><br>Intensive Gespr\u00e4che und Diskussionen finden in regelm\u00e4\u00dfig abgehaltenen Vorstandssitzungen und im vier- bis sechsmal j\u00e4hrlich tagenden Schulelternbeirat statt.<br><br>Durch die Drittelparit\u00e4t in der Schulkonferenz finden Vorschl\u00e4ge und Anregungen der Elternschaft Geh\u00f6r!<br><br>Wenn uns hier \u00fcberwiegend abstrakte Themen besch\u00e4ftigen, sei es die Auseinandersetzung mit G8, Profiloberstufe und Kontingentstundentafel, so gibt es im t\u00e4glichen Miteinander von Schule und Elternhaus vielf\u00e4ltige M\u00f6glichkeiten der Unterst\u00fctzung.<br>Eltern helfen in der K\u00fcche, Bibliothek, engagieren sich im Schulverein, leiten Sport-AGs, wirken in den Fachschaften mit sowie in vielen parit\u00e4tisch besetzten Gremien. Sie k\u00fcmmern sich in vielf\u00e4ltiger Weise um die Belange und Sorgen einzelner Klassen.<br><br>Das vielseitige Engagement der Elternschaft des Eckhorst-Gymnasiums geschieht zur F\u00f6rderung der Schulgemeinschaft und tr\u00e4gt folglich zum guten Lernklima und Miteinander an unserer Schule bei.<br><br>Falls Sie Fragen haben oder genauere Informationen w\u00fcnschen, wenden Sie sich bitte an den <strong>Vorsitzenden des Schulelternbeirats, Raik Krolikowski.<\/strong><\/p>\n\n\n\n<p>Kontakt per E-Mail: <a href=\"mailto:seb@gymnasium-eckhorst.de\">seb@gymnasium-eckhorst.de<\/a><\/p>\n\n\n\n<figure class=\"wp-block-table\"><table class=\"has-fixed-layout\"><tbody><tr><td class=\"has-text-align-right\" data-align=\"right\"><strong>Vorstandsmitglieder<\/strong><\/td><td><\/td><\/tr><tr><td class=\"has-text-align-right\" data-align=\"right\">Vorsitzender:<\/td><td>Raik Krolikowski<\/td><\/tr><tr><td class=\"has-text-align-right\" data-align=\"right\">Stellvertretender Vorsitzender:<\/td><td>J\u00f6rg Parchmann<\/td><\/tr><tr><td class=\"has-text-align-right\" data-align=\"right\">Beisitzer:<\/td><td>Andreas Rieschick<\/td><\/tr><tr><td class=\"has-text-align-right\" data-align=\"right\">Beisitzer:<\/td><td>Helge von der Geest<\/td><\/tr><tr><td class=\"has-text-align-right\" data-align=\"right\">Beisitzerin:<\/td><td>Astrid Harnau<\/td><\/tr><\/tbody><\/table><\/figure>\n\n\n\n<p><em>aktualisiert 29.1.2025<\/em><\/p>\n","protected":false},"excerpt":{"rendered":"<p>Die Elternvertretung am Eckhorst-Gymnasium versteht sich als wichtiger Baustein innerschulischer Zusammenarbeit und Kommunikation. Im Dialog mit der Sch\u00fclervertretung, mit Lehrern und der Schulleitung verschaffen wir uns Sachkenntnis zu aktuellen Themen, die unsere Schule oder unsere Schulart betreffen, nehmen Stellung und helfen bei der Umsetzung. Intensive Gespr\u00e4che und Diskussionen finden in regelm\u00e4\u00dfig abgehaltenen Vorstandssitzungen und im [&hellip;]<\/p>\n","protected":false},"author":17,"featured_media":0,"parent":0,"menu_order":0,"comment_status":"closed","ping_status":"open","template":"","meta":{"footnotes":""},"class_list":["post-300","page","type-page","status-publish","hentry"],"_links":{"self":[{"href":"https:\/\/gymnasium-eckhorst.de\/homepage\/wp-json\/wp\/v2\/pages\/300","targetHints":{"allow":["GET"]}}],"collection":[{"href":"https:\/\/gymnasium-eckhorst.de\/homepage\/wp-json\/wp\/v2\/pages"}],"about":[{"href":"https:\/\/gymnasium-eckhorst.de\/homepage\/wp-json\/wp\/v2\/types\/page"}],"author":[{"embeddable":true,"href":"https:\/\/gymnasium-eckhorst.de\/homepage\/wp-json\/wp\/v2\/users\/17"}],"replies":[{"embeddable":true,"href":"https:\/\/gymnasium-eckhorst.de\/homepage\/wp-json\/wp\/v2\/comments?post=300"}],"version-history":[{"count":13,"href":"https:\/\/gymnasium-eckhorst.de\/homepage\/wp-json\/wp\/v2\/pages\/300\/revisions"}],"predecessor-version":[{"id":16567,"href":"https:\/\/gymnasium-eckhorst.de\/homepage\/wp-json\/wp\/v2\/pages\/300\/revisions\/16567"}],"wp:attachment":[{"href":"https:\/\/gymnasium-eckhorst.de\/homepage\/wp-json\/wp\/v2\/media?parent=300"}],"curies":[{"name":"wp","href":"https:\/\/api.w.org\/{rel}","templated":true}]}}