{"id":2609,"date":"2020-12-12T21:19:20","date_gmt":"2020-12-12T20:19:20","guid":{"rendered":"https:\/\/gymnasium-eckhorst.de\/homepage\/?page_id=2609"},"modified":"2024-01-22T09:10:13","modified_gmt":"2024-01-22T08:10:13","slug":"unsere-orientierungsstufe","status":"publish","type":"page","link":"https:\/\/gymnasium-eckhorst.de\/homepage\/unsere-orientierungsstufe\/","title":{"rendered":"Unsere Orientierungsstufe"},"content":{"rendered":"\n<div class=\"wp-block-columns alignwide is-layout-flex wp-container-core-columns-is-layout-9d6595d7 wp-block-columns-is-layout-flex\">\n<div class=\"wp-block-column is-layout-flow wp-block-column-is-layout-flow\">\n<p><br><br>Das Gymnasium Eckhorst ist eine allgemeinbildende Schule, an der die Sch\u00fcler*innen ihr Abitur seit 2019 wieder nach 9 Jahren (G9) ablegen.<\/p>\n\n\n\n<p>Der Orientierungsstufe kommt im gymnasialen Bildungsgang eine besondere Bedeutung zu: Sie ist das Bindeglied zwischen Grundschule und Gymnasium und dient dazu, die Kinder an die Anforderungen des neunj\u00e4hrigen Gymnasiums heranzuf\u00fchren und festzustellen, ob sie diesen Anforderungen gewachsen sind. Die Orientierungsstufe umfasst die Jahrgangsstufen 5 und 6 und stellt eine p\u00e4dagogische und organisatorische Einheit an der Schule dar.<\/p>\n<\/div>\n\n\n\n<div class=\"wp-block-column is-layout-flow wp-block-column-is-layout-flow\">\n<figure class=\"wp-block-image size-large\"><img fetchpriority=\"high\" decoding=\"async\" width=\"1024\" height=\"768\" src=\"https:\/\/gymnasium-eckhorst.de\/homepage\/wp-content\/uploads\/2020\/12\/IMG_0644-1024x768.jpg\" alt=\"\" class=\"wp-image-2604\" srcset=\"https:\/\/gymnasium-eckhorst.de\/homepage\/wp-content\/uploads\/2020\/12\/IMG_0644-1024x768.jpg 1024w, https:\/\/gymnasium-eckhorst.de\/homepage\/wp-content\/uploads\/2020\/12\/IMG_0644-300x225.jpg 300w, https:\/\/gymnasium-eckhorst.de\/homepage\/wp-content\/uploads\/2020\/12\/IMG_0644-768x576.jpg 768w, https:\/\/gymnasium-eckhorst.de\/homepage\/wp-content\/uploads\/2020\/12\/IMG_0644-1536x1152.jpg 1536w, https:\/\/gymnasium-eckhorst.de\/homepage\/wp-content\/uploads\/2020\/12\/IMG_0644-2048x1536.jpg 2048w, https:\/\/gymnasium-eckhorst.de\/homepage\/wp-content\/uploads\/2020\/12\/IMG_0644-1200x900.jpg 1200w, https:\/\/gymnasium-eckhorst.de\/homepage\/wp-content\/uploads\/2020\/12\/IMG_0644-1980x1485.jpg 1980w\" sizes=\"(max-width: 1024px) 100vw, 1024px\" \/><\/figure>\n<\/div>\n<\/div>\n\n\n\n<div class=\"wp-block-columns alignwide is-layout-flex wp-container-core-columns-is-layout-9d6595d7 wp-block-columns-is-layout-flex\">\n<div class=\"wp-block-column is-layout-flow wp-block-column-is-layout-flow\">\n<figure class=\"wp-block-image size-large\"><img decoding=\"async\" width=\"1024\" height=\"576\" src=\"https:\/\/gymnasium-eckhorst.de\/homepage\/wp-content\/uploads\/2023\/02\/Gruppenspiel-1024x576.jpg\" alt=\"\" class=\"wp-image-6137\" srcset=\"https:\/\/gymnasium-eckhorst.de\/homepage\/wp-content\/uploads\/2023\/02\/Gruppenspiel-1024x576.jpg 1024w, https:\/\/gymnasium-eckhorst.de\/homepage\/wp-content\/uploads\/2023\/02\/Gruppenspiel-300x169.jpg 300w, https:\/\/gymnasium-eckhorst.de\/homepage\/wp-content\/uploads\/2023\/02\/Gruppenspiel-768x432.jpg 768w, https:\/\/gymnasium-eckhorst.de\/homepage\/wp-content\/uploads\/2023\/02\/Gruppenspiel-1536x864.jpg 1536w, https:\/\/gymnasium-eckhorst.de\/homepage\/wp-content\/uploads\/2023\/02\/Gruppenspiel-2048x1152.jpg 2048w, https:\/\/gymnasium-eckhorst.de\/homepage\/wp-content\/uploads\/2023\/02\/Gruppenspiel-1200x675.jpg 1200w, https:\/\/gymnasium-eckhorst.de\/homepage\/wp-content\/uploads\/2023\/02\/Gruppenspiel-1980x1114.jpg 1980w\" sizes=\"(max-width: 1024px) 100vw, 1024px\" \/><\/figure>\n<\/div>\n\n\n\n<div class=\"wp-block-column is-layout-flow wp-block-column-is-layout-flow\">\n<p><br><br>Das wesentliche Ziel unserer p\u00e4dagogischen Arbeit nach dem sog. \u201ezweiten Schulanfang\u201c liegt darin, \u2026<\/p>\n\n\n\n<ul class=\"wp-block-list\">\n<li>&nbsp;den Kindern einen reibungslosen, sorgenfreien \u00dcbergang von der Grundschule zu uns erm\u00f6glichen und ihnen schon bald ein vertrauter Lebensort, eine Heimstatt zu sein.<\/li>\n\n\n\n<li>die Lust am Lernen, Wissen und K\u00f6nnen zu erhalten und weiterzutragen. Sie soll Triebfeder der individuellen Entwicklung \u00fcber die Mittel- und Oberstufe bis zum Abitur und auch dar\u00fcber hinaus bleiben.<\/li>\n\n\n\n<li>R\u00fccksicht auf unterschiedliche Lernst\u00e4nde in den Grundschulen zu nehmen.<\/li>\n\n\n\n<li>eine gute, tragf\u00e4hige Klassengemeinschaft und damit ein f\u00f6rderliches Lernklima zu schaffen.<\/li>\n\n\n\n<li>den Unterrichtsstoff kindgerecht aufzubereiten, zum selbstst\u00e4ndigen Lernen anzuleiten und Leistungen mit gymnasialem Anspruch zu fordern.<\/li>\n\n\n\n<li>die St\u00e4rken der Kinder zu erkennen und zu f\u00f6rdern und ihnen bei Problemen passende Hilfestellungen zu geben.<\/li>\n<\/ul>\n<\/div>\n<\/div>\n\n\n\n<div class=\"wp-block-columns alignwide is-layout-flex wp-container-core-columns-is-layout-9d6595d7 wp-block-columns-is-layout-flex\">\n<div class=\"wp-block-column is-layout-flow wp-block-column-is-layout-flow\">\n<p><br><br>Die p\u00e4dagogischen Pr\u00e4gungsm\u00f6glichkeiten der Sch\u00fcler*innen sind gerade in den ersten Jahren gro\u00df und sollen zu einer positiven Identifikation mit der neuen Schule f\u00fchren. Das gr\u00f6\u00dfte Lob f\u00fcr uns sind Kinder, die sich bei uns wohl f\u00fchlen, uns vertrauen und einfach gern aufs Eckhorst gehen.<\/p>\n\n\n\n<p>Um den geforderten Anspr\u00fcchen gerecht zu werden, stehen die Lehrkr\u00e4fte mit dem Orientierungsstufenleiter hier in einer besonderen Verantwortung, zumal am Ende der 6. Klasse auch dar\u00fcber entschieden werden muss, ob die Sch\u00fcler*innen am Gymnasium verbleiben und ihre schulische Laufbahn erfolgversprechend fortsetzen k\u00f6nnen.<\/p>\n\n\n\n<p>Aber auch die Eltern sind als starker Partner im Schulleben gefragt, denn wir haben ein gemeinsames Interesse an dem, was Ihnen und uns am wichtigsten ist \u2013 Ihr Kind und sein Wohl.<\/p>\n\n\n\n<p>In der Orientierungsstufe setzen wir den in der Grundschule begonnenen Dialog zwischen Schule und Elternhaus fort. Die enge Kommunikation mit Ihnen als Eltern ist f\u00fcr uns als Schule ein wesentliches Element der Begleitung bzw. F\u00f6rderung Ihrer Kinder. Sie ist der Hauptbestandteil der Elternarbeit w\u00e4hrend der gesamten Zeit der Orientierungsstufe. Sie erhalten an vielen Stellen Gelegenheit, mit uns gemeinsam \u00fcber die Entwicklung Ihres Kindes zu sprechen. Nach den Herbstferien finden die ersten p\u00e4dagogischen Konferenzen statt und Sie erhalten zudem alle drei Monate (im Oktober, Januar, April und Juni) verbindlich f\u00fcr alle F\u00e4cher R\u00fcckmeldungen zu den Leistungsst\u00e4nden Ihrer Kinder. Im Anschluss an die Halbjahreszeugnisse bietet der Elternsprechtag dann Gelegenheit zum weiteren Austausch, gleiches gilt f\u00fcr die zweiten p\u00e4dagogischen Konferenzen im Fr\u00fchjahr. Selbstverst\u00e4ndlich stehen Ihnen auch sonst die Klassenlehrkr\u00e4fte sowie die Fachlehrkr\u00e4fte f\u00fcr Gespr\u00e4che zur Verf\u00fcgung.<\/p>\n<\/div>\n\n\n\n<div class=\"wp-block-column is-layout-flow wp-block-column-is-layout-flow\">\n<figure class=\"wp-block-image size-large\"><img decoding=\"async\" width=\"590\" height=\"1024\" src=\"https:\/\/gymnasium-eckhorst.de\/homepage\/wp-content\/uploads\/2024\/01\/DSC01224-590x1024.jpg\" alt=\"\" class=\"wp-image-7251\" srcset=\"https:\/\/gymnasium-eckhorst.de\/homepage\/wp-content\/uploads\/2024\/01\/DSC01224-590x1024.jpg 590w, https:\/\/gymnasium-eckhorst.de\/homepage\/wp-content\/uploads\/2024\/01\/DSC01224-173x300.jpg 173w, https:\/\/gymnasium-eckhorst.de\/homepage\/wp-content\/uploads\/2024\/01\/DSC01224-768x1332.jpg 768w, https:\/\/gymnasium-eckhorst.de\/homepage\/wp-content\/uploads\/2024\/01\/DSC01224-885x1536.jpg 885w, https:\/\/gymnasium-eckhorst.de\/homepage\/wp-content\/uploads\/2024\/01\/DSC01224-1181x2048.jpg 1181w, https:\/\/gymnasium-eckhorst.de\/homepage\/wp-content\/uploads\/2024\/01\/DSC01224-1200x2082.jpg 1200w, https:\/\/gymnasium-eckhorst.de\/homepage\/wp-content\/uploads\/2024\/01\/DSC01224-1980x3435.jpg 1980w, https:\/\/gymnasium-eckhorst.de\/homepage\/wp-content\/uploads\/2024\/01\/DSC01224-scaled.jpg 1476w\" sizes=\"(max-width: 590px) 100vw, 590px\" \/><\/figure>\n<\/div>\n<\/div>\n\n\n\n<div class=\"wp-block-columns alignwide is-layout-flex wp-container-core-columns-is-layout-9d6595d7 wp-block-columns-is-layout-flex\">\n<div class=\"wp-block-column is-layout-flow wp-block-column-is-layout-flow\">\n<figure class=\"wp-block-image size-large\"><img loading=\"lazy\" decoding=\"async\" width=\"2560\" height=\"1919\" src=\"https:\/\/gymnasium-eckhorst.de\/homepage\/wp-content\/uploads\/2020\/12\/P1030299-edited-1-scaled.jpg\" alt=\"\" class=\"wp-image-2614\" srcset=\"https:\/\/gymnasium-eckhorst.de\/homepage\/wp-content\/uploads\/2020\/12\/P1030299-edited-1-scaled.jpg 2560w, https:\/\/gymnasium-eckhorst.de\/homepage\/wp-content\/uploads\/2020\/12\/P1030299-edited-1-300x225.jpg 300w, https:\/\/gymnasium-eckhorst.de\/homepage\/wp-content\/uploads\/2020\/12\/P1030299-edited-1-1024x768.jpg 1024w, https:\/\/gymnasium-eckhorst.de\/homepage\/wp-content\/uploads\/2020\/12\/P1030299-edited-1-768x576.jpg 768w, https:\/\/gymnasium-eckhorst.de\/homepage\/wp-content\/uploads\/2020\/12\/P1030299-edited-1-1536x1152.jpg 1536w, https:\/\/gymnasium-eckhorst.de\/homepage\/wp-content\/uploads\/2020\/12\/P1030299-edited-1-2048x1535.jpg 2048w, https:\/\/gymnasium-eckhorst.de\/homepage\/wp-content\/uploads\/2020\/12\/P1030299-edited-1-1200x900.jpg 1200w, https:\/\/gymnasium-eckhorst.de\/homepage\/wp-content\/uploads\/2020\/12\/P1030299-edited-1-1980x1484.jpg 1980w\" sizes=\"(max-width: 2560px) 100vw, 2560px\" \/><\/figure>\n<\/div>\n\n\n\n<div class=\"wp-block-column is-layout-flow wp-block-column-is-layout-flow\">\n<p><br><br>W\u00e4hrend der Orientierungsstufe bleibt der Klassenverband erhalten. Nach der Kontingentstundentafel verteilen sich die Stunden auf die F\u00e4cher Deutsch, Mathematik und Englisch sowie Geografie, Biologie, Religion, Philosophie Geschichte, Musik, Kunst, Sport und das Fach Medien. Auch in der Orientierungsstufe gilt das Fachlehrer*in-Prinzip, sodass die Kinder in der Regel nach jedem Unterrichtsfach einen Lehrerwechsel haben. Die Sch\u00fcler*innen werden sowohl in Doppel- als auch in Einzelstunden unterrichtet.<\/p>\n\n\n\n<p>Die Menschen am Gymnasium Eckhorst bilden eine starke Gemeinschaft. Gegenseitiger Respekt und Offenheit sind f\u00fcr uns wichtige Werte, f\u00fcr die wir im Schulalltag einstehen. Mit anderen Worten: Unser Schulleben ist so bunt, spannend und vielf\u00e4ltig wie die Menschen, die hier zusammenkommen.<\/p>\n<\/div>\n<\/div>\n\n\n\n<figure class=\"wp-block-image size-large\"><img loading=\"lazy\" decoding=\"async\" width=\"1024\" height=\"768\" src=\"https:\/\/gymnasium-eckhorst.de\/homepage\/wp-content\/uploads\/2020\/12\/IMG_0668-1024x768.jpg\" alt=\"\" class=\"wp-image-2605\" srcset=\"https:\/\/gymnasium-eckhorst.de\/homepage\/wp-content\/uploads\/2020\/12\/IMG_0668-1024x768.jpg 1024w, https:\/\/gymnasium-eckhorst.de\/homepage\/wp-content\/uploads\/2020\/12\/IMG_0668-300x225.jpg 300w, https:\/\/gymnasium-eckhorst.de\/homepage\/wp-content\/uploads\/2020\/12\/IMG_0668-768x576.jpg 768w, https:\/\/gymnasium-eckhorst.de\/homepage\/wp-content\/uploads\/2020\/12\/IMG_0668-1536x1152.jpg 1536w, https:\/\/gymnasium-eckhorst.de\/homepage\/wp-content\/uploads\/2020\/12\/IMG_0668-2048x1536.jpg 2048w, https:\/\/gymnasium-eckhorst.de\/homepage\/wp-content\/uploads\/2020\/12\/IMG_0668-1200x900.jpg 1200w, https:\/\/gymnasium-eckhorst.de\/homepage\/wp-content\/uploads\/2020\/12\/IMG_0668-1980x1485.jpg 1980w\" sizes=\"(max-width: 1024px) 100vw, 1024px\" \/><\/figure>\n\n\n\n<p>Oliver Hoffmann, 01.02.2020<br>E-Mail: <a href=\"mailto:oliver.hoffmann@schule-sh.de\" target=\"_blank\" rel=\"noreferrer noopener\">oliver.hoffmann@schule-sh.de<\/a><\/p>\n\n\n\n<p>weiter zu: <a href=\"https:\/\/gymnasium-eckhorst.de\/homepage\/offene-ganztagsschule\/\" data-type=\"page\" data-id=\"685\">Offene Ganztagsschule<\/a><\/p>\n","protected":false},"excerpt":{"rendered":"<p>Das Gymnasium Eckhorst ist eine allgemeinbildende Schule, an der die Sch\u00fcler*innen ihr Abitur seit 2019 wieder nach 9 Jahren (G9) ablegen. Der Orientierungsstufe kommt im gymnasialen Bildungsgang eine besondere Bedeutung zu: Sie ist das Bindeglied zwischen Grundschule und Gymnasium und dient dazu, die Kinder an die Anforderungen des neunj\u00e4hrigen Gymnasiums heranzuf\u00fchren und festzustellen, ob sie [&hellip;]<\/p>\n","protected":false},"author":17,"featured_media":0,"parent":0,"menu_order":0,"comment_status":"closed","ping_status":"closed","template":"","meta":{"footnotes":""},"class_list":["post-2609","page","type-page","status-publish","hentry"],"_links":{"self":[{"href":"https:\/\/gymnasium-eckhorst.de\/homepage\/wp-json\/wp\/v2\/pages\/2609","targetHints":{"allow":["GET"]}}],"collection":[{"href":"https:\/\/gymnasium-eckhorst.de\/homepage\/wp-json\/wp\/v2\/pages"}],"about":[{"href":"https:\/\/gymnasium-eckhorst.de\/homepage\/wp-json\/wp\/v2\/types\/page"}],"author":[{"embeddable":true,"href":"https:\/\/gymnasium-eckhorst.de\/homepage\/wp-json\/wp\/v2\/users\/17"}],"replies":[{"embeddable":true,"href":"https:\/\/gymnasium-eckhorst.de\/homepage\/wp-json\/wp\/v2\/comments?post=2609"}],"version-history":[{"count":11,"href":"https:\/\/gymnasium-eckhorst.de\/homepage\/wp-json\/wp\/v2\/pages\/2609\/revisions"}],"predecessor-version":[{"id":7252,"href":"https:\/\/gymnasium-eckhorst.de\/homepage\/wp-json\/wp\/v2\/pages\/2609\/revisions\/7252"}],"wp:attachment":[{"href":"https:\/\/gymnasium-eckhorst.de\/homepage\/wp-json\/wp\/v2\/media?parent=2609"}],"curies":[{"name":"wp","href":"https:\/\/api.w.org\/{rel}","templated":true}]}}