{"id":2275,"date":"2020-10-31T12:59:11","date_gmt":"2020-10-31T11:59:11","guid":{"rendered":"https:\/\/gymnasium-eckhorst.de\/homepage\/?page_id=2275"},"modified":"2025-01-20T09:44:49","modified_gmt":"2025-01-20T08:44:49","slug":"blaeserklasse","status":"publish","type":"page","link":"https:\/\/gymnasium-eckhorst.de\/homepage\/blaeserklasse\/","title":{"rendered":"Bl\u00e4serklasse"},"content":{"rendered":"\n<figure class=\"wp-block-image size-large\"><img fetchpriority=\"high\" decoding=\"async\" width=\"991\" height=\"284\" src=\"https:\/\/gymnasium-eckhorst.de\/homepage\/wp-content\/uploads\/2020\/10\/Logo-Bl\u251cnserklasse.png\" alt=\"\" class=\"wp-image-2283\" srcset=\"https:\/\/gymnasium-eckhorst.de\/homepage\/wp-content\/uploads\/2020\/10\/Logo-Bl\u251cnserklasse.png 991w, https:\/\/gymnasium-eckhorst.de\/homepage\/wp-content\/uploads\/2020\/10\/Logo-Bl\u251cnserklasse-300x86.png 300w, https:\/\/gymnasium-eckhorst.de\/homepage\/wp-content\/uploads\/2020\/10\/Logo-Bl\u251cnserklasse-768x220.png 768w\" sizes=\"(max-width: 991px) 100vw, 991px\" \/><\/figure>\n\n\n\n<p>Das Musikzweigkonzept des Eckhorsts wurde zum Schuljahr 2017\/18 mit der Einrichtung einer Bl\u00e4serklasse, sodass auch Kinder, die noch kein Instrument spielen, von unserem Musikkonzept profitieren k\u00f6nnen. Die Sch\u00fcler*innen sollen dementsprechend bereit sein, ein Blasinstrument neu zu erlernen. <strong>Im Gegensatz zu vielen anderen Schulen haben die Kinder bei uns die M\u00f6glichkeit, die Bl\u00e4serklasse nicht nur in den Jahrg\u00e4ngen 5 und 6 zu besuchen, sondern diese ab Klasse 7 erneut zu w\u00e4hlen.<\/strong><\/p>\n\n\n<div class=\"wp-block-image\">\n<figure class=\"aligncenter size-large\"><img decoding=\"async\" width=\"1024\" height=\"679\" src=\"https:\/\/gymnasium-eckhorst.de\/homepage\/wp-content\/uploads\/2025\/01\/BK_24-25-1024x679.jpg\" alt=\"\" class=\"wp-image-16522\" srcset=\"https:\/\/gymnasium-eckhorst.de\/homepage\/wp-content\/uploads\/2025\/01\/BK_24-25-1024x679.jpg 1024w, https:\/\/gymnasium-eckhorst.de\/homepage\/wp-content\/uploads\/2025\/01\/BK_24-25-300x199.jpg 300w, https:\/\/gymnasium-eckhorst.de\/homepage\/wp-content\/uploads\/2025\/01\/BK_24-25-768x509.jpg 768w, https:\/\/gymnasium-eckhorst.de\/homepage\/wp-content\/uploads\/2025\/01\/BK_24-25-1536x1019.jpg 1536w, https:\/\/gymnasium-eckhorst.de\/homepage\/wp-content\/uploads\/2025\/01\/BK_24-25-2048x1358.jpg 2048w, https:\/\/gymnasium-eckhorst.de\/homepage\/wp-content\/uploads\/2025\/01\/BK_24-25-1200x796.jpg 1200w, https:\/\/gymnasium-eckhorst.de\/homepage\/wp-content\/uploads\/2025\/01\/BK_24-25-1980x1313.jpg 1980w\" sizes=\"(max-width: 1024px) 100vw, 1024px\" \/><\/figure>\n<\/div>\n\n\n<h4 class=\"wp-block-heading\"><strong>Instrumente und Wahlm\u00f6glichkeiten<\/strong><\/h4>\n\n\n\n<p>An unserer Schule k\u00f6nnen die klassischen Blasinstrumente Querf\u00f6te, Klarinette, Saxophon, Trompete, Horn, Posaune und Euphonium gelernt werden. Um einen guten Orchesterklang innerhalb der Klasse zu gew\u00e4hrleisten, m\u00fcssen die Instrumente in einem sinnvollen Verh\u00e4ltnis vertreten sein. Die Zuweisung der Instrumente erfolgt vorrangig nach&nbsp;dem Wunsch der Sch\u00fcler*innen, andere wichtige Gesichtspunkte sind spezielle Eignung bzw. Nichteignung (Zahnstellung usw.). Diese Instrumentenwahl findet nach der Durchf\u00fchrungen unserer Instrumentenkarussells statt, bei dem die Kinder verschiedene Instrumente ausprobieren k\u00f6nnen. Bisher waren die Sch\u00fcler*innen nach der Wahl immer zufrieden.<\/p>\n\n\n\n<h4 class=\"wp-block-heading\"><strong>Kosten<\/strong><strong><\/strong><\/h4>\n\n\n\n<p>F\u00fcr einen kleinen, festen monatlichen Betrag an unserem Verein \u201eMusik am Eckhorst e. V.\u201c erhalten die Kinder ein Leihinstrument und w\u00f6chentlichen Unterricht in Kleingruppen durch professionelle Instrumentallehrer*innen. Der Beitrag lag in den letzten Jahren bei ca. 50\u20ac, welcher im Vergleich zu normalen Instrumentalunterricht gering ist. Falls bereits ein Instrument vorhanden sein sollte, reduziert sich der monatliche Beitrag um die Leihgeb\u00fchr. Im Beitrag nicht mitenthalten sind Verbrauchsgegenst\u00e4nde wie z. B. Bl\u00e4ttchen, Korkfett oder Ventil\u00f6l.<\/p>\n\n\n\n<figure class=\"wp-block-image size-full\"><img decoding=\"async\" width=\"1011\" height=\"672\" src=\"https:\/\/gymnasium-eckhorst.de\/homepage\/wp-content\/uploads\/2024\/02\/Screenshot-2024-02-28-at-18-01-01-Homepage_Musikzweig.pdf.png\" alt=\"\" class=\"wp-image-7462\" srcset=\"https:\/\/gymnasium-eckhorst.de\/homepage\/wp-content\/uploads\/2024\/02\/Screenshot-2024-02-28-at-18-01-01-Homepage_Musikzweig.pdf.png 1011w, https:\/\/gymnasium-eckhorst.de\/homepage\/wp-content\/uploads\/2024\/02\/Screenshot-2024-02-28-at-18-01-01-Homepage_Musikzweig.pdf-300x199.png 300w, https:\/\/gymnasium-eckhorst.de\/homepage\/wp-content\/uploads\/2024\/02\/Screenshot-2024-02-28-at-18-01-01-Homepage_Musikzweig.pdf-768x510.png 768w\" sizes=\"(max-width: 1011px) 100vw, 1011px\" \/><\/figure>\n\n\n\n<p>Die Bl\u00e4serklasse wird finanziell durch den Verein \u201eMusik am Eckhorst e.V.\u201c unterst\u00fctzt. Damit die kontinuierliche Arbeit m\u00f6glich ist, freuen wir uns \u00fcber Ihre Spende an den Verein. Ihre Spende ist steuerlich absetzbar: bei Spenden bis \u20ac&nbsp;100,- reicht der Zahlungsbeleg, dar\u00fcber hinaus stellt der Verein gerne eine Spendenquittung aus.<\/p>\n\n\n\n<p class=\"has-text-align-center\">\u201eMusik am Eckhorst e. V.\u201c<br>Raiffeisenbank Bargteheide<br>IBAN: DE24 2019 0109 0013 4422 60<br>BIC: GENODEF1HH4<\/p>\n\n\n\n<p>Wir danken herzlichst unseren privaten Spendern sowie dem Rotary Club Bargteheide, dem Lions Club Bargteheide, der Sparkasse Holstein und der Volksbank Bargteheide.<\/p>\n\n\n<div class=\"wp-block-image\">\n<figure class=\"aligncenter size-full\"><img loading=\"lazy\" decoding=\"async\" width=\"1001\" height=\"708\" src=\"https:\/\/gymnasium-eckhorst.de\/homepage\/wp-content\/uploads\/2024\/02\/Screenshot-2024-02-28-at-18-01-55-Homepage_Musikzweig.pdf.png\" alt=\"\" class=\"wp-image-7463\" srcset=\"https:\/\/gymnasium-eckhorst.de\/homepage\/wp-content\/uploads\/2024\/02\/Screenshot-2024-02-28-at-18-01-55-Homepage_Musikzweig.pdf.png 1001w, https:\/\/gymnasium-eckhorst.de\/homepage\/wp-content\/uploads\/2024\/02\/Screenshot-2024-02-28-at-18-01-55-Homepage_Musikzweig.pdf-300x212.png 300w, https:\/\/gymnasium-eckhorst.de\/homepage\/wp-content\/uploads\/2024\/02\/Screenshot-2024-02-28-at-18-01-55-Homepage_Musikzweig.pdf-768x543.png 768w\" sizes=\"(max-width: 1001px) 100vw, 1001px\" \/><\/figure>\n<\/div>","protected":false},"excerpt":{"rendered":"<p>Das Musikzweigkonzept des Eckhorsts wurde zum Schuljahr 2017\/18 mit der Einrichtung einer Bl\u00e4serklasse, sodass auch Kinder, die noch kein Instrument spielen, von unserem Musikkonzept profitieren k\u00f6nnen. Die Sch\u00fcler*innen sollen dementsprechend bereit sein, ein Blasinstrument neu zu erlernen. Im Gegensatz zu vielen anderen Schulen haben die Kinder bei uns die M\u00f6glichkeit, die Bl\u00e4serklasse nicht nur in [&hellip;]<\/p>\n","protected":false},"author":17,"featured_media":0,"parent":0,"menu_order":0,"comment_status":"closed","ping_status":"closed","template":"","meta":{"footnotes":""},"class_list":["post-2275","page","type-page","status-publish","hentry"],"_links":{"self":[{"href":"https:\/\/gymnasium-eckhorst.de\/homepage\/wp-json\/wp\/v2\/pages\/2275","targetHints":{"allow":["GET"]}}],"collection":[{"href":"https:\/\/gymnasium-eckhorst.de\/homepage\/wp-json\/wp\/v2\/pages"}],"about":[{"href":"https:\/\/gymnasium-eckhorst.de\/homepage\/wp-json\/wp\/v2\/types\/page"}],"author":[{"embeddable":true,"href":"https:\/\/gymnasium-eckhorst.de\/homepage\/wp-json\/wp\/v2\/users\/17"}],"replies":[{"embeddable":true,"href":"https:\/\/gymnasium-eckhorst.de\/homepage\/wp-json\/wp\/v2\/comments?post=2275"}],"version-history":[{"count":9,"href":"https:\/\/gymnasium-eckhorst.de\/homepage\/wp-json\/wp\/v2\/pages\/2275\/revisions"}],"predecessor-version":[{"id":16523,"href":"https:\/\/gymnasium-eckhorst.de\/homepage\/wp-json\/wp\/v2\/pages\/2275\/revisions\/16523"}],"wp:attachment":[{"href":"https:\/\/gymnasium-eckhorst.de\/homepage\/wp-json\/wp\/v2\/media?parent=2275"}],"curies":[{"name":"wp","href":"https:\/\/api.w.org\/{rel}","templated":true}]}}