{"id":18227,"date":"2026-04-27T13:05:05","date_gmt":"2026-04-27T11:05:05","guid":{"rendered":"https:\/\/gymnasium-eckhorst.de\/homepage\/?page_id=18227"},"modified":"2026-04-27T17:02:08","modified_gmt":"2026-04-27T15:02:08","slug":"abitur","status":"publish","type":"page","link":"https:\/\/gymnasium-eckhorst.de\/homepage\/abitur\/","title":{"rendered":"Abitur"},"content":{"rendered":"\n<p><strong><em>Die Informationen auf dieser Seite werden zur Zeit \u00fcberarbeitet und aktualisiert.<\/em><\/strong><\/p>\n\n\n\n<h2 class=\"wp-block-heading\">Pr\u00fcfungsf\u00e4cher<\/h2>\n\n\n\n<p>&#8211;<\/p>\n\n\n\n<h2 class=\"wp-block-heading\">Ablauf<\/h2>\n\n\n\n<h3 class=\"wp-block-heading\">Wahl der Pr\u00fcfungsf\u00e4cher<\/h3>\n\n\n\n<p>&#8211;<\/p>\n\n\n\n<h3 class=\"wp-block-heading\">Ablauf Abiturpr\u00fcfung<\/h3>\n\n\n\n<p>&#8211;<\/p>\n\n\n\n<h3 class=\"wp-block-heading\">Berechnung<\/h3>\n\n\n\n<p>&#8211;<\/p>\n","protected":false},"excerpt":{"rendered":"<p>Die Informationen auf dieser Seite werden zur Zeit \u00fcberarbeitet und aktualisiert. Pr\u00fcfungsf\u00e4cher &#8211; Ablauf Wahl der Pr\u00fcfungsf\u00e4cher &#8211; Ablauf Abiturpr\u00fcfung &#8211; Berechnung &#8211;<\/p>\n","protected":false},"author":17,"featured_media":0,"parent":0,"menu_order":0,"comment_status":"closed","ping_status":"closed","template":"","meta":{"footnotes":""},"class_list":["post-18227","page","type-page","status-publish","hentry"],"_links":{"self":[{"href":"https:\/\/gymnasium-eckhorst.de\/homepage\/wp-json\/wp\/v2\/pages\/18227","targetHints":{"allow":["GET"]}}],"collection":[{"href":"https:\/\/gymnasium-eckhorst.de\/homepage\/wp-json\/wp\/v2\/pages"}],"about":[{"href":"https:\/\/gymnasium-eckhorst.de\/homepage\/wp-json\/wp\/v2\/types\/page"}],"author":[{"embeddable":true,"href":"https:\/\/gymnasium-eckhorst.de\/homepage\/wp-json\/wp\/v2\/users\/17"}],"replies":[{"embeddable":true,"href":"https:\/\/gymnasium-eckhorst.de\/homepage\/wp-json\/wp\/v2\/comments?post=18227"}],"version-history":[{"count":3,"href":"https:\/\/gymnasium-eckhorst.de\/homepage\/wp-json\/wp\/v2\/pages\/18227\/revisions"}],"predecessor-version":[{"id":18239,"href":"https:\/\/gymnasium-eckhorst.de\/homepage\/wp-json\/wp\/v2\/pages\/18227\/revisions\/18239"}],"wp:attachment":[{"href":"https:\/\/gymnasium-eckhorst.de\/homepage\/wp-json\/wp\/v2\/media?parent=18227"}],"curies":[{"name":"wp","href":"https:\/\/api.w.org\/{rel}","templated":true}]}}