{"id":1815,"date":"2020-08-22T14:33:46","date_gmt":"2020-08-22T12:33:46","guid":{"rendered":"https:\/\/gymnasium-eckhorst.de\/homepage\/?page_id=1815"},"modified":"2022-11-11T16:51:20","modified_gmt":"2022-11-11T15:51:20","slug":"kurzkonzept-medienstunde-5-6","status":"publish","type":"page","link":"https:\/\/gymnasium-eckhorst.de\/homepage\/kurzkonzept-medienstunde-5-6\/","title":{"rendered":"Kurzkonzept Medienstunde 5\/6"},"content":{"rendered":"\n<div class=\"wp-block-columns alignwide is-layout-flex wp-container-core-columns-is-layout-9d6595d7 wp-block-columns-is-layout-flex\">\n<div class=\"wp-block-column is-layout-flow wp-block-column-is-layout-flow\" style=\"flex-basis:10%\"><\/div>\n\n\n\n<div class=\"wp-block-column is-layout-flow wp-block-column-is-layout-flow\" style=\"flex-basis:80%\">\n<p>Die Schulkonferenz des Eckhorst Gymnasiums hat zum SJ 2018\/19 die Einf\u00fchrung einer einst\u00fcndigen Methodenschulung in 5.2 und 6.1 zur Sicherung verbindlicher Grundkenntnisse von Schreib- und Pr\u00e4sentationsprogrammen sowie der Ablage von Daten und der Internetrecherche, die sogenannte \u201eMedienstunde\u201c in der Orientierungsstufe, beschlossen.<\/p>\n\n\n\n<h4 class=\"wp-block-heading\">Begr\u00fcndung<\/h4>\n\n\n\n<p>In vielen F\u00e4chern wird die Arbeit mit digitalen Medien wie gefordert bereits als methodische Variante eingesetzt. Verbindlich gesicherte Grundfertigkeiten im Umgang mit digitalen Medien Kenntnisse erh\u00f6hen den Spa\u00df und die Verbindlichkeit beim Einsatz digitaler Medien im Fachunterricht und f\u00fchren zum Ziel der Schule, Medien nicht zum Selbstzweck einzusetzen, sondern organisch in den Fachunterricht zu integrieren, wenn es sich als methodische Variante inhaltlich anbietet.<br>Daher liegt der Schwerpunkt der Vermittlung auf den \u00fcber die schuleigenen Ger\u00e4te zu nutzenden Softwareprogrammen \/ Anwendungen.<\/p>\n\n\n\n<p>Das Erlangen von Grundkenntnissen ist damit zudem unabh\u00e4ngig von der Medienpr\u00e4ferenz des jeweiligen Klassenkollegiums.<\/p>\n\n\n\n<h4 class=\"wp-block-heading\">Ziele<\/h4>\n\n\n\n<ul class=\"wp-block-list\">\n<li>Nach 5.2. und 6.1. verf\u00fcgen die SuS \u00fcber verbindliche methodische Grundkenntnisse<\/li>\n\n\n\n<li>Auf diese kann und wird das Kollegium dann im Fachunterricht zur\u00fcckgreifen<\/li>\n\n\n\n<li>F\u00fcr die Elternschaft wird eine verbindliche Vermittlung \u00fcber Ausweisung im Stundenplan sichtbar<\/li>\n<\/ul>\n\n\n\n<h4 class=\"wp-block-heading\">Geplante Inhalte<\/h4>\n\n\n\n<p><strong>a. Schreibprogramm (Writer, Pages, Word)<\/strong><\/p>\n\n\n\n<ul class=\"wp-block-list\">\n<li>Schrifttypen\/Schriftgr\u00f6\u00dfe\/Schriftfarbe<\/li>\n\n\n\n<li>Zeilenabst\u00e4nde<\/li>\n\n\n\n<li>B\u00fcndig, rechts oder links ausgerichtet<\/li>\n\n\n\n<li>Durchgestrichen, unterstrichen<\/li>\n\n\n\n<li>Einf\u00fcgen von Bildern<\/li>\n\n\n\n<li>Einf\u00fcgen von Textfeldern<\/li>\n\n\n\n<li>Erstellen einer photo story (mit Englisch)<\/li>\n<\/ul>\n\n\n\n<p><strong>b. Pr\u00e4sentationsprogramm (Impress, Keynote, Powerpoint)<\/strong><\/p>\n\n\n\n<ul class=\"wp-block-list\">\n<li>Einweisung in wichtigste Funktionen<\/li>\n\n\n\n<li>Entwurfsvorlagen<\/li>\n\n\n\n<li>Erstellung einer eigenen \u201eVorlage\u201c<\/li>\n\n\n\n<li>Einf\u00fcgen von Bildern und Texten<\/li>\n\n\n\n<li>Gemeinsame Erstellung einer Pr\u00e4sentation<\/li>\n\n\n\n<li>Eine eigene Pr\u00e4sentation erstellen (mit Deutsch oder Bio)<\/li>\n<\/ul>\n\n\n\n<p><strong>c. Internetrecherche<\/strong><\/p>\n\n\n\n<ul class=\"wp-block-list\">\n<li>Aufbau einer Internetadresse<\/li>\n\n\n\n<li>Funktion von Suchmaschinen<\/li>\n\n\n\n<li>Suchmaschinen bedienen (sinnvolles und effektives Suchen, Schl\u00fcsselw\u00f6rter finden etc.)<\/li>\n\n\n\n<li>Heranf\u00fchrung an Quellenarbeit (Was sind seri\u00f6se Quellen, Einordnung)<\/li>\n\n\n\n<li>Informationen sinnvoll gliedern und filtern<\/li>\n\n\n\n<li>Sicher bleiben (wie gehe ich mit Popups, Werbung, Cookies, etc. um)<\/li>\n\n\n\n<li>Datenablage<\/li>\n<\/ul>\n\n\n\n<p><strong>d. Arbeiten mit den iPads<\/strong><\/p>\n\n\n\n<ul class=\"wp-block-list\">\n<li>Kenntnis \u00fcber Umgangsregeln (keine Privatdateien\/Nutzen, Lehrer haben Kontrolle)<\/li>\n\n\n\n<li>Erstellen eines eigenen Zugangscodes<\/li>\n\n\n\n<li>\u00d6ffnen\/schlie\u00dfen von Apps (Multitasking, dabei auf Datenverlust vermeiden)<\/li>\n\n\n\n<li>Teilen und Speichern von Dateien (AirDrop, warten bis etwas fertig geladen ist)<\/li>\n\n\n\n<li>Browsen auf dem iPad (\u00fcbertagen der Kenntnisse aus <em>Internetrecherche<\/em>)<\/li>\n\n\n\n<li>Von Word-Excel-PPT auf die Apple Varianten \u00fcberleiten<\/li>\n\n\n\n<li>Sicher abmelden (ohne Datenverlust)<\/li>\n<\/ul>\n\n\n\n<p><strong>e. Lernplattform<\/strong><\/p>\n\n\n\n<ul class=\"wp-block-list\">\n<li>Aufbau und Sinn der Lernplattform<\/li>\n\n\n\n<li>Grundlegende Funktionen<\/li>\n<\/ul>\n\n\n\n<p><strong>f. Grundlagen des Programmierens<\/strong><\/p>\n\n\n\n<ul class=\"wp-block-list\">\n<li>Funktionsweise der blockbasierten Programmierumgebung <em>Scratch<\/em><\/li>\n\n\n\n<li>Programmieren einfacher Befehle und Grundlagen imperativer Programmierung<\/li>\n\n\n\n<li>Umsetzen eines eigenen kleinen Projekts (z.B. interaktive Animation, automatisch ablaufende Geschichte, einfaches Spiel, &#8230;)<\/li>\n<\/ul>\n\n\n\n<p>Eine Evaluation erfolgt nach den vollst\u00e4ndigen Durchl\u00e4ufen durch die AG \u201eFachunterricht mit digitalen Medien\u201c.<\/p>\n\n\n\n<p>Bargteheide, Dezember 2021<\/p>\n\n\n\n<p><em>M. Schwarz, StD<\/em><br>Koordinator f. schulfachliche Aufgaben<\/p>\n<\/div>\n\n\n\n<div class=\"wp-block-column is-layout-flow wp-block-column-is-layout-flow\" style=\"flex-basis:10%\"><\/div>\n<\/div>\n","protected":false},"excerpt":{"rendered":"<p>Die Schulkonferenz des Eckhorst Gymnasiums hat zum SJ 2018\/19 die Einf\u00fchrung einer einst\u00fcndigen Methodenschulung in 5.2 und 6.1 zur Sicherung verbindlicher Grundkenntnisse von Schreib- und Pr\u00e4sentationsprogrammen sowie der Ablage von Daten und der Internetrecherche, die sogenannte \u201eMedienstunde\u201c in der Orientierungsstufe, beschlossen. Begr\u00fcndung In vielen F\u00e4chern wird die Arbeit mit digitalen Medien wie gefordert bereits als [&hellip;]<\/p>\n","protected":false},"author":17,"featured_media":0,"parent":0,"menu_order":0,"comment_status":"closed","ping_status":"closed","template":"","meta":{"footnotes":""},"class_list":["post-1815","page","type-page","status-publish","hentry"],"_links":{"self":[{"href":"https:\/\/gymnasium-eckhorst.de\/homepage\/wp-json\/wp\/v2\/pages\/1815","targetHints":{"allow":["GET"]}}],"collection":[{"href":"https:\/\/gymnasium-eckhorst.de\/homepage\/wp-json\/wp\/v2\/pages"}],"about":[{"href":"https:\/\/gymnasium-eckhorst.de\/homepage\/wp-json\/wp\/v2\/types\/page"}],"author":[{"embeddable":true,"href":"https:\/\/gymnasium-eckhorst.de\/homepage\/wp-json\/wp\/v2\/users\/17"}],"replies":[{"embeddable":true,"href":"https:\/\/gymnasium-eckhorst.de\/homepage\/wp-json\/wp\/v2\/comments?post=1815"}],"version-history":[{"count":7,"href":"https:\/\/gymnasium-eckhorst.de\/homepage\/wp-json\/wp\/v2\/pages\/1815\/revisions"}],"predecessor-version":[{"id":5404,"href":"https:\/\/gymnasium-eckhorst.de\/homepage\/wp-json\/wp\/v2\/pages\/1815\/revisions\/5404"}],"wp:attachment":[{"href":"https:\/\/gymnasium-eckhorst.de\/homepage\/wp-json\/wp\/v2\/media?parent=1815"}],"curies":[{"name":"wp","href":"https:\/\/api.w.org\/{rel}","templated":true}]}}