{"id":17609,"date":"2025-10-17T08:24:58","date_gmt":"2025-10-17T06:24:58","guid":{"rendered":"https:\/\/gymnasium-eckhorst.de\/homepage\/?page_id=17609"},"modified":"2026-02-27T13:52:59","modified_gmt":"2026-02-27T12:52:59","slug":"informationen-zum-schulwechsel-2026","status":"publish","type":"page","link":"https:\/\/gymnasium-eckhorst.de\/homepage\/informationen-zum-schulwechsel-2026\/","title":{"rendered":"Informationen zum Schulwechsel 2026"},"content":{"rendered":"\n<figure class=\"wp-block-image size-large\"><img fetchpriority=\"high\" decoding=\"async\" width=\"1024\" height=\"768\" src=\"https:\/\/gymnasium-eckhorst.de\/homepage\/wp-content\/uploads\/2025\/10\/Eck-HP-2025-1024x768.jpeg\" alt=\"\" class=\"wp-image-17614\" srcset=\"https:\/\/gymnasium-eckhorst.de\/homepage\/wp-content\/uploads\/2025\/10\/Eck-HP-2025-1024x768.jpeg 1024w, https:\/\/gymnasium-eckhorst.de\/homepage\/wp-content\/uploads\/2025\/10\/Eck-HP-2025-300x225.jpeg 300w, https:\/\/gymnasium-eckhorst.de\/homepage\/wp-content\/uploads\/2025\/10\/Eck-HP-2025-768x576.jpeg 768w, https:\/\/gymnasium-eckhorst.de\/homepage\/wp-content\/uploads\/2025\/10\/Eck-HP-2025-1536x1152.jpeg 1536w, https:\/\/gymnasium-eckhorst.de\/homepage\/wp-content\/uploads\/2025\/10\/Eck-HP-2025-2048x1536.jpeg 2048w, https:\/\/gymnasium-eckhorst.de\/homepage\/wp-content\/uploads\/2025\/10\/Eck-HP-2025-1200x900.jpeg 1200w, https:\/\/gymnasium-eckhorst.de\/homepage\/wp-content\/uploads\/2025\/10\/Eck-HP-2025-1980x1485.jpeg 1980w\" sizes=\"(max-width: 1024px) 100vw, 1024px\" \/><\/figure>\n\n\n\n<p>Liebe Sch\u00fclerinnen und Sch\u00fcler, liebe Eltern,<\/p>\n\n\n\n<p>wir freuen uns \u00fcber Euer und Ihr Interesse an unserer Schule, dem Gymnasium Eckhorst.<\/p>\n\n\n\n<h4 class=\"wp-block-heading\">Informationsabend zum Bildungsgang am Gymnasium<\/h4>\n\n\n\n<p>Am Mittwoch, den <strong>04.02.2026<\/strong> <strong>um 19.30 Uhr<\/strong> findet in der Kuhle (Aula) des Gymnasiums Eckhorst ein <strong>Informationsabend<\/strong> statt. Der Orientierungsstufenleiter Oliver Hoffmann informiert \u00fcber den Bildungsgang am Gymnasium, die dortigen Arbeitsweisen und Anforderungen. Dar\u00fcber hinaus geht er auf die p\u00e4dagogisch sensible Phase des Schulwechsels ein und erl\u00e4utert, wie das Gymnasium Eckhorst seine Gestaltungsm\u00f6glichkeiten f\u00fcr einen gelungenen \u201e2. Schulanfang\u201c nutzt. Im Anschluss an den ca. 45-min\u00fctigen Vortrag gibt es f\u00fcr alle Eltern die Gelegenheit, sich individuell bei unseren Experten \u00fcber bestimmte Themen zu informieren (z.B. LRS-F\u00f6rderung, 2. Fremdsprache, Begabtenf\u00f6rderung, Musikzweig etc.).<br>Zu diesem Informationsabend sind alle interessierten Eltern herzlich eingeladen!<\/p>\n\n\n\n<h4 class=\"wp-block-heading\">Tag der offenen T\u00fcr am Eckhorst Gymnasium<\/h4>\n\n\n\n<p>Am <strong>Donnerstag, den 05.02.2026<\/strong> l\u00e4dt das Gymnasium Eckhorst <strong>von 16 bis 19 Uhr<\/strong> zu seinem <strong>\u201eTag der offenen T\u00fcr\u201c<\/strong> ein. Er bietet den kleinen und gro\u00dfen Besuchern einen direkten Einblick in das bunte Schulleben, die facettenreiche Arbeit, die vielf\u00e4ltigen Angebote und nat\u00fcrlich in die vielen Klassenr\u00e4ume. Wer m\u00f6chte, kann sich jederzeit gef\u00fchrten Rundg\u00e4ngen anschlie\u00dfen, das Erkunden auf eigene Faust ist aber genauso m\u00f6glich. In diesem Sinne: Herzlich willkommen!<\/p>\n\n\n\n<h4 class=\"wp-block-heading\">Anmeldung, individuelle Beratung<\/h4>\n\n\n\n<p><strong>Anmeldezeitraum: 23.02.2026 \u2013 04.03.2026<\/strong><\/p>\n\n\n\n<p>Abgabe der ausgef\u00fcllten <strong>Anmeldeb\u00f6gen<\/strong> (s. <a href=\"https:\/\/gymnasium-eckhorst.de\/homepage\/downloads\/\"><strong>Downloads<\/strong><\/a> auf der Homepage) t\u00e4glich<\/p>\n\n\n\n<ul class=\"wp-block-list\">\n<li>als Einwurf im Kasten vor dem Sekretariat (Mo-Fr, 23.02. &#8211; 04.03., 08.00-15.00 Uhr) oder<\/li>\n\n\n\n<li>direkt im Sekretariat bei Fr. Winter und Fr. Mick (23.02. &#8211; 03.03., Mo-Do: 08.00-15.00 Uhr, Fr: 08.00-12.30 Uhr)<\/li>\n<\/ul>\n\n\n\n<p>F\u00fcr eine <strong>individuelle Beratung<\/strong> zum Schulwechsel steht der Orientierungsstufenleiter Herr Hoffmann den Eltern <strong>vom 03. bis zum 20.02.2026<\/strong> zur Verf\u00fcgung. Er empfiehlt allen Eltern, die sich bei der Schulwahl unsicher sind, dieses Angebot anzunehmen. Liegt eine <strong>Gemeinschaftsschulempfehlung<\/strong> aus der Grundschule vor, ist diese <strong>Beratung verpflichtend<\/strong>, wenn das Kind am Gymnasium Eckhorst angemeldet werden soll. Die Anmeldung f\u00fcr ein Beratungsgespr\u00e4ch erfolgt \u00fcber das Sekretariat unter der Rufnummer 04532-4047600.<\/p>\n\n\n\n<h4 class=\"wp-block-heading\">Aufnahmekapazit\u00e4t<\/h4>\n\n\n\n<p>Das Ministerium f\u00fcr allgemeine und berufliche Bildung, Wissenschaft, Forschung und Kultur hat eine Begrenzung der Aufnahmekapazit\u00e4t der Bargteheider Gymnasien festgelegt. Das bedeutet, das Gymnasium Eckhorst kann insgesamt 116 Sch\u00fclerinnen und Sch\u00fcler aufnehmen, dabei gelten folgende Aufnahmekriterien:<\/p>\n\n\n\n<ol class=\"wp-block-list\">\n<li>Geschwisterkinder werden bevorzugt aufgenommen.<\/li>\n\n\n\n<li>5 % der Pl\u00e4tze werden an Kinder vergeben, die f\u00fcr Teilnahme an einem musikalischen Angebot (Bl\u00e4serbande) angemeldet wurden.<\/li>\n\n\n\n<li>Losverfahren<\/li>\n<\/ol>\n\n\n\n<p>Sollte die Anzahl der Anmeldungen zum Schuljahr 2026\/27 an beiden Gymnasien in Bargteheide zusammen mehr als 232 Sch\u00fclerinnen und Sch\u00fclern betragen, wird dem Gymnasium Eckhorst gestattet, eine f\u00fcnfte Klasse einzurichten.<\/p>\n\n\n\n<p>Herzliche Gr\u00fc\u00dfe<\/p>\n\n\n\n<p><em>Oliver Hoffmann (Orientierungsstufenleiter)<\/em><\/p>\n","protected":false},"excerpt":{"rendered":"<p>Liebe Sch\u00fclerinnen und Sch\u00fcler, liebe Eltern, wir freuen uns \u00fcber Euer und Ihr Interesse an unserer Schule, dem Gymnasium Eckhorst. Informationsabend zum Bildungsgang am Gymnasium Am Mittwoch, den 04.02.2026 um 19.30 Uhr findet in der Kuhle (Aula) des Gymnasiums Eckhorst ein Informationsabend statt. Der Orientierungsstufenleiter Oliver Hoffmann informiert \u00fcber den Bildungsgang am Gymnasium, die dortigen [&hellip;]<\/p>\n","protected":false},"author":17,"featured_media":0,"parent":0,"menu_order":0,"comment_status":"closed","ping_status":"closed","template":"","meta":{"footnotes":""},"class_list":["post-17609","page","type-page","status-publish","hentry"],"_links":{"self":[{"href":"https:\/\/gymnasium-eckhorst.de\/homepage\/wp-json\/wp\/v2\/pages\/17609","targetHints":{"allow":["GET"]}}],"collection":[{"href":"https:\/\/gymnasium-eckhorst.de\/homepage\/wp-json\/wp\/v2\/pages"}],"about":[{"href":"https:\/\/gymnasium-eckhorst.de\/homepage\/wp-json\/wp\/v2\/types\/page"}],"author":[{"embeddable":true,"href":"https:\/\/gymnasium-eckhorst.de\/homepage\/wp-json\/wp\/v2\/users\/17"}],"replies":[{"embeddable":true,"href":"https:\/\/gymnasium-eckhorst.de\/homepage\/wp-json\/wp\/v2\/comments?post=17609"}],"version-history":[{"count":8,"href":"https:\/\/gymnasium-eckhorst.de\/homepage\/wp-json\/wp\/v2\/pages\/17609\/revisions"}],"predecessor-version":[{"id":18077,"href":"https:\/\/gymnasium-eckhorst.de\/homepage\/wp-json\/wp\/v2\/pages\/17609\/revisions\/18077"}],"wp:attachment":[{"href":"https:\/\/gymnasium-eckhorst.de\/homepage\/wp-json\/wp\/v2\/media?parent=17609"}],"curies":[{"name":"wp","href":"https:\/\/api.w.org\/{rel}","templated":true}]}}