{"id":17308,"date":"2025-07-28T09:36:28","date_gmt":"2025-07-28T07:36:28","guid":{"rendered":"https:\/\/gymnasium-eckhorst.de\/homepage\/?page_id=17308"},"modified":"2025-07-28T09:36:28","modified_gmt":"2025-07-28T07:36:28","slug":"curriculum-europaschule","status":"publish","type":"page","link":"https:\/\/gymnasium-eckhorst.de\/homepage\/curriculum-europaschule\/","title":{"rendered":"Curriculum Europaschule"},"content":{"rendered":"\n<p>Das Gymnasium Eckhorst ist Europaschule und lebt dies quer \u00fcber alle F\u00e4cher und Jahrg\u00e4nge hinweg. Einen genaueren \u00dcberblick dar\u00fcber, welche Europabez\u00fcge wo vorkommen, finden Sie in unserem Curriculum zur Europaschule:<\/p>\n\n\n\n<div data-wp-interactive=\"core\/file\" class=\"wp-block-file\"><object data-wp-bind--hidden=\"!state.hasPdfPreview\" hidden class=\"wp-block-file__embed\" data=\"https:\/\/gymnasium-eckhorst.de\/homepage\/wp-content\/uploads\/2025\/07\/Curriculum-Europaschule-2025.pdf\" type=\"application\/pdf\" style=\"width:100%;height:600px\" aria-label=\"Einbettung von Curriculum Europaschule.\"><\/object><a id=\"wp-block-file--media-10cbb5d6-e72d-44f3-9305-bdadee53f9c4\" href=\"https:\/\/gymnasium-eckhorst.de\/homepage\/wp-content\/uploads\/2025\/07\/Curriculum-Europaschule-2025.pdf\">Curriculum Europaschule<\/a><a href=\"https:\/\/gymnasium-eckhorst.de\/homepage\/wp-content\/uploads\/2025\/07\/Curriculum-Europaschule-2025.pdf\" class=\"wp-block-file__button wp-element-button\" download aria-describedby=\"wp-block-file--media-10cbb5d6-e72d-44f3-9305-bdadee53f9c4\">Herunterladen<\/a><\/div>\n","protected":false},"excerpt":{"rendered":"<p>Das Gymnasium Eckhorst ist Europaschule und lebt dies quer \u00fcber alle F\u00e4cher und Jahrg\u00e4nge hinweg. Einen genaueren \u00dcberblick dar\u00fcber, welche Europabez\u00fcge wo vorkommen, finden Sie in unserem Curriculum zur Europaschule:<\/p>\n","protected":false},"author":17,"featured_media":0,"parent":0,"menu_order":0,"comment_status":"closed","ping_status":"closed","template":"","meta":{"footnotes":""},"class_list":["post-17308","page","type-page","status-publish","hentry"],"_links":{"self":[{"href":"https:\/\/gymnasium-eckhorst.de\/homepage\/wp-json\/wp\/v2\/pages\/17308","targetHints":{"allow":["GET"]}}],"collection":[{"href":"https:\/\/gymnasium-eckhorst.de\/homepage\/wp-json\/wp\/v2\/pages"}],"about":[{"href":"https:\/\/gymnasium-eckhorst.de\/homepage\/wp-json\/wp\/v2\/types\/page"}],"author":[{"embeddable":true,"href":"https:\/\/gymnasium-eckhorst.de\/homepage\/wp-json\/wp\/v2\/users\/17"}],"replies":[{"embeddable":true,"href":"https:\/\/gymnasium-eckhorst.de\/homepage\/wp-json\/wp\/v2\/comments?post=17308"}],"version-history":[{"count":1,"href":"https:\/\/gymnasium-eckhorst.de\/homepage\/wp-json\/wp\/v2\/pages\/17308\/revisions"}],"predecessor-version":[{"id":17310,"href":"https:\/\/gymnasium-eckhorst.de\/homepage\/wp-json\/wp\/v2\/pages\/17308\/revisions\/17310"}],"wp:attachment":[{"href":"https:\/\/gymnasium-eckhorst.de\/homepage\/wp-json\/wp\/v2\/media?parent=17308"}],"curies":[{"name":"wp","href":"https:\/\/api.w.org\/{rel}","templated":true}]}}