{"id":1411,"date":"2020-07-26T11:33:13","date_gmt":"2020-07-26T09:33:13","guid":{"rendered":"https:\/\/gymnasium-eckhorst.de\/homepage\/?page_id=1411"},"modified":"2025-10-16T16:13:05","modified_gmt":"2025-10-16T14:13:05","slug":"mensa","status":"publish","type":"page","link":"https:\/\/gymnasium-eckhorst.de\/homepage\/mensa\/","title":{"rendered":"Mensa"},"content":{"rendered":"\n<p>Wir haben neben unserer sogenannten &#8222;Kuhle&#8220; eine zentral gelegene und vom Schultr\u00e4ger betriebene Mensa, die t\u00e4glich zwischen 8:00 und 14:00 Uhr ge\u00f6ffnet ist.<\/p>\n\n\n\n<p>In der untenstehenden Anleitung von unserem Mensabetreiber Helden Catering finden Sie die Registrierungsschritte f\u00fcr das Bestellsystem, falls Ihr Kind in der Schule essen m\u00f6chte. Wenn Sie einen Chip bestellen m\u00f6chten, k\u00f6nnen Sie Vorbestellungen buchen und damit einen g\u00fcnstigeren Men\u00fcpreis erhalten. Die Kosten f\u00fcr das Essen werden bei Nutzung des Chips w\u00f6chentlich im SEPA-Lastschriftverfahren von Ihrem Konto abgebucht. F\u00fcr den Chip berechnet die Firma Helden Catering einmalig eine Geb\u00fchr von 10,00 EUR. Der Chip wird \u00fcber die Mensa an Ihr Kind ausgegeben. Daher ist es <strong>wichtig, bei der Registrierung unbedingt die genaue Klassenbezeichnung Ihres Kindes anzugeben<\/strong>.<\/p>\n\n\n\n<h4 class=\"wp-block-heading\"><strong>Wichtige Information zur Registrierung f\u00fcr das Bestellsystem<\/strong> von der Firma Helden Catering<\/h4>\n\n\n\n<p><strong>Liebe Sch\u00fclerinnen und Sch\u00fcler,<br>sehr geehrte Eltern,<\/strong><\/p>\n\n\n\n<p>zur Vorbestellung von Mensa-Men\u00fcs ist eine <strong>Registrierung auf unserer Homepage f\u00fcr die Bestellung eines Chips f\u00fcr 10,00\u20ac notwendig<\/strong>.<\/p>\n\n\n\n<p>Mit diesem Chip haben Sie die M\u00f6glichkeit, Men\u00fcs vorzubestellen und dadurch einen g\u00fcnstigeren Men\u00fcpreis zu erhalten.<\/p>\n\n\n\n<p>Hierzu melden Sie sich bitte auf unserer Homepage unter dem Link <a href=\"https:\/\/www.helden-catering.de\/\" target=\"_blank\" rel=\"noreferrer noopener\">Helden CATERING GmbH <\/a>an.<\/p>\n\n\n\n<p>\u2705 <strong>Schritt 1: Anmeldung mit Ihrem Registriercode<\/strong><\/p>\n\n\n\n<p>\u00d6ffnen Sie unsere Homepage und nutzen das Feld \u201eRegistrieren\u201c.<\/p>\n\n\n\n<p>Danach \u00f6ffnet sich das Auswahlfenster f\u00fcr Schulverpflegung und Privatkunden. Bitte w\u00e4hlen Sie bei \u201eSchulessen f\u00fcr Kinder\u201c f\u00fcr Schulen registrieren.<\/p>\n\n\n\n<p>Im n\u00e4chsten Fenster gibt es nochmals eine Erkl\u00e4rung und zus\u00e4tzlich ein Schulungsvideo. Benutzen Sie erneut \u201eRegistrieren\u201c.<\/p>\n\n\n\n<p>Geben Sie den Registriercode 2JFMXYNG ein und f\u00fcllen alle Felder zur Anmeldung aus.<\/p>\n\n\n\n<p>Bei erfolgreicher Anmeldung erhalten Sie im Anschluss eine E-Mail, die Ihre Zugangsdaten best\u00e4tigt.<\/p>\n\n\n\n<p>\u2705 <strong>Schritt 2: Erstes Einloggen bereits nach Anmeldung m\u00f6glich<\/strong><\/p>\n\n\n\n<p>Mit den nach erfolgreicher Registrierung erhaltenen Anmeldedaten k\u00f6nnen Sie bereits erste Eindr\u00fccke unserer Internetbestellplattform und der neuen Oberfl\u00e4che gewinnen. Beispielsweise, die kommenden Speisepl\u00e4ne anschauen und Ihre Men\u00fcs mit einer Vorlaufzeit von 7 Tagen bestellen.<\/p>\n\n\n\n<p><strong>\ud83d\udcb3<\/strong><strong> Bezahlm\u00f6glichkeiten vor Ort<\/strong><strong><\/strong><\/p>\n\n\n\n<p>Ab sofort k\u00f6nnen Sie alle nicht vorbestellten Produkte wie Men\u00fcs, belegte Br\u00f6tchen, Salate oder Getr\u00e4nke an der Kasse <strong>auf folgende Weise<\/strong> <strong>bezahlen<\/strong>:<\/p>\n\n\n\n<ul class=\"wp-block-list\">\n<li><strong>Karten:<\/strong> Girocard, V PAY, Maestro, VISA, Mastercard, UnionPay, Diners Club, Discover, JCB, American Express<\/li>\n\n\n\n<li><strong>Mobile Wallets:<\/strong> Apple Pay, Google Pay und viele weitere<\/li>\n\n\n\n<li><strong>Barzahlung<\/strong><\/li>\n<\/ul>\n\n\n\n<p><strong>\ud83d\udca1<\/strong><strong> Weitere wichtige Informationen<\/strong><strong><\/strong><\/p>\n\n\n\n<p>\ud83d\udd39 <strong>Essens-Chip<\/strong><\/p>\n\n\n\n<ul class=\"wp-block-list\">\n<li>Nach der Registrierung erhalten Sie einen Chip, der \u00fcber die Mensa an Ihr Kind ausgegeben wird. F\u00fcr Neuausgabe oder bei Verlust f\u00e4llt eine Chipgeb\u00fchr von <strong>10<\/strong><strong>\u202f<\/strong><strong>\u20ac<\/strong> an.<\/li>\n\n\n\n<li>Bei technischen Problemen tauschen wir den Chip <strong>kostenfrei<\/strong> aus.<\/li>\n<\/ul>\n\n\n\n<p>\ud83d\udd39 <strong>SEPA-Lastschrift<\/strong><\/p>\n\n\n\n<ul class=\"wp-block-list\">\n<li>Wenn Sie einen Chip nutzen, erfolgt die Men\u00fc-Abbuchung ab sofort <strong>ausschlie\u00dflich per SEPA-Lastschrift<\/strong>.<\/li>\n\n\n\n<li>Eine manuelle Aufladung des Guthabens ist nicht mehr m\u00f6glich.<\/li>\n<\/ul>\n\n\n\n<p>\ud83d\udd39 <strong>Vorbestellung mit Vorlaufzeit<\/strong><\/p>\n\n\n\n<ul class=\"wp-block-list\">\n<li>Aufgrund unseres \u201eCook-&amp;-Chill\u201c-Verfahrens ben\u00f6tigen wir eine <strong>7-t\u00e4gige Vorlaufzeit<\/strong>.<\/li>\n\n\n\n<li>Bestellen Sie daher <strong>sp\u00e4testens montags bis 23:59 Uhr<\/strong> f\u00fcr Montag die Woche darauf.<\/li>\n<\/ul>\n\n\n\n<p>\ud83d\udd39 <strong>Tageslimit \/ Weitere Zahlm\u00f6glichkeit mit Chip(optional)<\/strong><\/p>\n\n\n\n<ul class=\"wp-block-list\">\n<li>Die Eink\u00e4ufe werden w\u00f6chentlich \u00fcber SEPA eingezogen<\/li>\n\n\n\n<li>Wir planen, allen Kindern standardm\u00e4\u00dfig kein Tageslimit auf den Chips einzurichten. Wenn Sie w\u00fcnschen, dass Ihr Kind mit dem Chip auf SEPA-Rechnung einen Maximalwert einkaufen darf, dann teilen Sie den maximalen Tagesbetrag mit (z.B. 5,-\u20ac). Wir werden es dann f\u00fcr Sie einrichten\n<ul class=\"wp-block-list\">\n<li>Folgende Limitierungen sind aktuell m\u00f6glich:\n<ul class=\"wp-block-list\">\n<li>1,-\/1,50\/2,-\/2,50\/3,-\/3,50\/4,-\/5,-\/6,-\/8,-\/15,-\/30,-<\/li>\n<\/ul>\n<\/li>\n<\/ul>\n<\/li>\n\n\n\n<li>Kontaktieren Sie uns gern telefonisch oder per E-Mail und teilen Sie uns Ihre Kundennummer und Ihr Tageslimit mit.\n<ul class=\"wp-block-list\">\n<li>(Das Tageslimit kann nur f\u00fcr den Chip mit SEPA-Einzug erstellt werden)<\/li>\n<\/ul>\n<\/li>\n\n\n\n<li>\ud83d\udcde 0451 479 886 0 | \u2709\ufe0f <a href=\"mailto:hallo@helden-catering.de\">hallo@helden-catering.de<\/a><\/li>\n<\/ul>\n\n\n\n<h4 class=\"wp-block-heading\">Mensaregeln<\/h4>\n\n\n\n<p><em>Unsere Mensa ist ein Ort der Begegnung. Hier soll in Ruhe und entspannt gegessen oder ein Kaffee in Freistunden getrunken werden k\u00f6nnen. Auch soll der Raum als ruhiger Arbeitsraum genutzt werden. Daher gelten folgende Regeln:<\/em><\/p>\n\n\n\n<ol class=\"wp-block-list\">\n<li>Die R\u00e4umlichkeiten der Mensa\/Cafeteria k\u00f6nnen von 08.00 Uhr bis 15.00 Uhr als \u201eRuhearbeitsraum\u201c genutzt werden. F\u00fcr diese Arbeit stehen die Tische links des Mittelganges zur Verf\u00fcgung.<\/li>\n\n\n\n<li>Der eigentliche Mensa-\/Cafeteriabetrieb geht von 09.30 Uhr bis 14.00 Uhr. F\u00fcr Sch\u00fclerinnen\/Sch\u00fcler und Lehrerinnen\/Lehrer, die die Cafeteria morgens nutzen, stehen die Tische rechts des Mittelganges zur Verf\u00fcgung. W\u00e4hrend der \u201eKernessenszeit&#8220; \u2013 12.45 bis 13.45 Uhr \u2013 steht die Mensa\/Cafeteria nicht als Aufenthaltsraum\/Arbeitsraum zur Verf\u00fcgung!<\/li>\n\n\n\n<li>Alle Nutzer sind f\u00fcr Ordnung und Sauberkeit verantwortlich!<\/li>\n\n\n\n<li>Tische sind immer sauber zu hinterlassen; Tabletts werden im Sammelwagen abgestellt, St\u00fchle wieder an die Tische gestellt!<\/li>\n\n\n\n<li>Tisch- und Stuhlordnung bitte nicht ver\u00e4ndern und keine St\u00fchle mit in die Kuhle nehmen!<\/li>\n\n\n\n<li>Der Verzehr anderweitig gekaufter Fertigspeisen (Pizza, Fertigsalate usw.) ist verboten. Dies gilt nicht f\u00fcr die von zu Hause mitgebrachten Butterbrote, das Obst oder Getr\u00e4nke!<\/li>\n\n\n\n<li>Die Mensa kann nach Absprache mit Herrn Meyer auch au\u00dferhalb der \u00d6ffnungszeiten genutzt werden!<\/li>\n\n\n\n<li>Der Gebrauch von elektronischen Audio-Abspielger\u00e4ten (au\u00dfer \u00fcber Kopfh\u00f6rer) ist nicht gestattet.<\/li>\n\n\n\n<li>Den Anweisungen der K\u00fcchenordner (\u00e4ltere Sch\u00fcler\/innen) ist ebenso zu folgen wie den Anweisungen des K\u00fcchenpersonals und der Lehrkr\u00e4fte!&nbsp;&nbsp;&nbsp;<\/li>\n\n\n\n<li>Der Verzehr von Speisen \u2013 au\u00dfer dem mitgebrachten Schulbrot \u2013 in der Kuhle ist verboten!&nbsp;<\/li>\n<\/ol>\n\n\n\n<p><\/p>\n","protected":false},"excerpt":{"rendered":"<p>Wir haben neben unserer sogenannten &#8222;Kuhle&#8220; eine zentral gelegene und vom Schultr\u00e4ger betriebene Mensa, die t\u00e4glich zwischen 8:00 und 14:00 Uhr ge\u00f6ffnet ist. In der untenstehenden Anleitung von unserem Mensabetreiber Helden Catering finden Sie die Registrierungsschritte f\u00fcr das Bestellsystem, falls Ihr Kind in der Schule essen m\u00f6chte. Wenn Sie einen Chip bestellen m\u00f6chten, k\u00f6nnen Sie [&hellip;]<\/p>\n","protected":false},"author":17,"featured_media":0,"parent":0,"menu_order":0,"comment_status":"closed","ping_status":"closed","template":"","meta":{"footnotes":""},"class_list":["post-1411","page","type-page","status-publish","hentry"],"_links":{"self":[{"href":"https:\/\/gymnasium-eckhorst.de\/homepage\/wp-json\/wp\/v2\/pages\/1411","targetHints":{"allow":["GET"]}}],"collection":[{"href":"https:\/\/gymnasium-eckhorst.de\/homepage\/wp-json\/wp\/v2\/pages"}],"about":[{"href":"https:\/\/gymnasium-eckhorst.de\/homepage\/wp-json\/wp\/v2\/types\/page"}],"author":[{"embeddable":true,"href":"https:\/\/gymnasium-eckhorst.de\/homepage\/wp-json\/wp\/v2\/users\/17"}],"replies":[{"embeddable":true,"href":"https:\/\/gymnasium-eckhorst.de\/homepage\/wp-json\/wp\/v2\/comments?post=1411"}],"version-history":[{"count":9,"href":"https:\/\/gymnasium-eckhorst.de\/homepage\/wp-json\/wp\/v2\/pages\/1411\/revisions"}],"predecessor-version":[{"id":17608,"href":"https:\/\/gymnasium-eckhorst.de\/homepage\/wp-json\/wp\/v2\/pages\/1411\/revisions\/17608"}],"wp:attachment":[{"href":"https:\/\/gymnasium-eckhorst.de\/homepage\/wp-json\/wp\/v2\/media?parent=1411"}],"curies":[{"name":"wp","href":"https:\/\/api.w.org\/{rel}","templated":true}]}}