{"id":1310,"date":"2020-07-25T13:23:50","date_gmt":"2020-07-25T11:23:50","guid":{"rendered":"https:\/\/gymnasium-eckhorst.de\/homepage\/?page_id=1310"},"modified":"2025-05-10T16:25:33","modified_gmt":"2025-05-10T14:25:33","slug":"sport","status":"publish","type":"page","link":"https:\/\/gymnasium-eckhorst.de\/homepage\/sport\/","title":{"rendered":"Sport"},"content":{"rendered":"\n<p><br><br>Sport hat an unserer Schule einen hohen Stellenwert. Allem Voran steht dabei die <strong>Freude an der Bewegung<\/strong>. Diese m\u00f6chten wir an unsere Sch\u00fcler*innen weitergeben, die Neugier an neuen Sportarten und Disziplinen wecken, den sportlichen Ehrgeiz f\u00f6rdern und dabei vielf\u00e4ltige F\u00e4higkeiten und Fertigkeiten vermitteln.<br>Unsere Sch\u00fcler*innen freuen sich in jedem Schuljahr auf die Sportturniere und treten erfolgreich in zahlreichen Wettbewerben an. Ein umfangreiches <a href=\"https:\/\/gymnasium-eckhorst.de\/homepage\/ags\/\" data-type=\"page\" data-id=\"1384\">AG-Angebot<\/a> rundet unserer abwechslungsreiches Sportprogramm ab.<\/p>\n\n\n\n<p>Bitte beachten Sie auch unsere allgemeinen <a href=\"https:\/\/gymnasium-eckhorst.de\/homepage\/wp-content\/uploads\/2025\/03\/Information-Sportunterricht-Gymnasium-Eckhorst.pdf\" target=\"_blank\" rel=\"noreferrer noopener\">Regeln f\u00fcr den Sportunterricht und Kriterien der Leistungsbewertung<\/a>.<\/p>\n\n\n\n<figure class=\"wp-block-gallery has-nested-images columns-2 is-cropped wp-block-gallery-1 is-layout-flex wp-block-gallery-is-layout-flex\">\n<figure class=\"wp-block-image size-large\"><img fetchpriority=\"high\" decoding=\"async\" width=\"1024\" height=\"576\" data-id=\"1963\" src=\"https:\/\/gymnasium-eckhorst.de\/homepage\/wp-content\/uploads\/2020\/09\/IMG-20180628-WA0003_.jpg\" alt=\"\" class=\"wp-image-1963\" srcset=\"https:\/\/gymnasium-eckhorst.de\/homepage\/wp-content\/uploads\/2020\/09\/IMG-20180628-WA0003_.jpg 1024w, https:\/\/gymnasium-eckhorst.de\/homepage\/wp-content\/uploads\/2020\/09\/IMG-20180628-WA0003_-300x169.jpg 300w, https:\/\/gymnasium-eckhorst.de\/homepage\/wp-content\/uploads\/2020\/09\/IMG-20180628-WA0003_-768x432.jpg 768w\" sizes=\"(max-width: 1024px) 100vw, 1024px\" \/><\/figure>\n\n\n\n<figure class=\"wp-block-image size-large\"><img decoding=\"async\" width=\"1024\" height=\"646\" data-id=\"1964\" src=\"https:\/\/gymnasium-eckhorst.de\/homepage\/wp-content\/uploads\/2020\/09\/landesfinale_22-2-19__01_1024.jpg\" alt=\"\" class=\"wp-image-1964\" srcset=\"https:\/\/gymnasium-eckhorst.de\/homepage\/wp-content\/uploads\/2020\/09\/landesfinale_22-2-19__01_1024.jpg 1024w, https:\/\/gymnasium-eckhorst.de\/homepage\/wp-content\/uploads\/2020\/09\/landesfinale_22-2-19__01_1024-300x189.jpg 300w, https:\/\/gymnasium-eckhorst.de\/homepage\/wp-content\/uploads\/2020\/09\/landesfinale_22-2-19__01_1024-768x485.jpg 768w\" sizes=\"(max-width: 1024px) 100vw, 1024px\" \/><\/figure>\n\n\n\n<figure class=\"wp-block-image size-large\"><img decoding=\"async\" width=\"1024\" height=\"682\" data-id=\"1965\" src=\"https:\/\/gymnasium-eckhorst.de\/homepage\/wp-content\/uploads\/2020\/09\/4a.jpg\" alt=\"\" class=\"wp-image-1965\" srcset=\"https:\/\/gymnasium-eckhorst.de\/homepage\/wp-content\/uploads\/2020\/09\/4a.jpg 1024w, https:\/\/gymnasium-eckhorst.de\/homepage\/wp-content\/uploads\/2020\/09\/4a-300x200.jpg 300w, https:\/\/gymnasium-eckhorst.de\/homepage\/wp-content\/uploads\/2020\/09\/4a-768x512.jpg 768w\" sizes=\"(max-width: 1024px) 100vw, 1024px\" \/><\/figure>\n\n\n\n<figure class=\"wp-block-image size-large\"><img loading=\"lazy\" decoding=\"async\" width=\"1024\" height=\"576\" data-id=\"1968\" src=\"https:\/\/gymnasium-eckhorst.de\/homepage\/wp-content\/uploads\/2020\/09\/20180702_134332_.jpg\" alt=\"\" class=\"wp-image-1968\" srcset=\"https:\/\/gymnasium-eckhorst.de\/homepage\/wp-content\/uploads\/2020\/09\/20180702_134332_.jpg 1024w, https:\/\/gymnasium-eckhorst.de\/homepage\/wp-content\/uploads\/2020\/09\/20180702_134332_-300x169.jpg 300w, https:\/\/gymnasium-eckhorst.de\/homepage\/wp-content\/uploads\/2020\/09\/20180702_134332_-768x432.jpg 768w\" sizes=\"(max-width: 1024px) 100vw, 1024px\" \/><\/figure>\n\n\n\n<figure class=\"wp-block-image size-large\"><img loading=\"lazy\" decoding=\"async\" width=\"1024\" height=\"768\" data-id=\"1969\" src=\"https:\/\/gymnasium-eckhorst.de\/homepage\/wp-content\/uploads\/2020\/09\/BJS_2018_009.jpg\" alt=\"\" class=\"wp-image-1969\" srcset=\"https:\/\/gymnasium-eckhorst.de\/homepage\/wp-content\/uploads\/2020\/09\/BJS_2018_009.jpg 1024w, https:\/\/gymnasium-eckhorst.de\/homepage\/wp-content\/uploads\/2020\/09\/BJS_2018_009-300x225.jpg 300w, https:\/\/gymnasium-eckhorst.de\/homepage\/wp-content\/uploads\/2020\/09\/BJS_2018_009-768x576.jpg 768w\" sizes=\"(max-width: 1024px) 100vw, 1024px\" \/><\/figure>\n\n\n\n<figure class=\"wp-block-image size-large\"><img loading=\"lazy\" decoding=\"async\" width=\"1024\" height=\"768\" data-id=\"1970\" src=\"https:\/\/gymnasium-eckhorst.de\/homepage\/wp-content\/uploads\/2020\/09\/IMG-20160929-WA0018_1024.jpg\" alt=\"\" class=\"wp-image-1970\" srcset=\"https:\/\/gymnasium-eckhorst.de\/homepage\/wp-content\/uploads\/2020\/09\/IMG-20160929-WA0018_1024.jpg 1024w, https:\/\/gymnasium-eckhorst.de\/homepage\/wp-content\/uploads\/2020\/09\/IMG-20160929-WA0018_1024-300x225.jpg 300w, https:\/\/gymnasium-eckhorst.de\/homepage\/wp-content\/uploads\/2020\/09\/IMG-20160929-WA0018_1024-768x576.jpg 768w\" sizes=\"(max-width: 1024px) 100vw, 1024px\" \/><\/figure>\n\n\n\n<figure class=\"wp-block-image size-large\"><img loading=\"lazy\" decoding=\"async\" width=\"1024\" height=\"682\" data-id=\"1971\" src=\"https:\/\/gymnasium-eckhorst.de\/homepage\/wp-content\/uploads\/2020\/09\/IMG-20180618-WA0012_1024.jpg\" alt=\"\" class=\"wp-image-1971\" srcset=\"https:\/\/gymnasium-eckhorst.de\/homepage\/wp-content\/uploads\/2020\/09\/IMG-20180618-WA0012_1024.jpg 1024w, https:\/\/gymnasium-eckhorst.de\/homepage\/wp-content\/uploads\/2020\/09\/IMG-20180618-WA0012_1024-300x200.jpg 300w, https:\/\/gymnasium-eckhorst.de\/homepage\/wp-content\/uploads\/2020\/09\/IMG-20180618-WA0012_1024-768x512.jpg 768w\" sizes=\"(max-width: 1024px) 100vw, 1024px\" \/><\/figure>\n\n\n\n<figure class=\"wp-block-image size-large\"><img loading=\"lazy\" decoding=\"async\" width=\"1024\" height=\"576\" data-id=\"1972\" src=\"https:\/\/gymnasium-eckhorst.de\/homepage\/wp-content\/uploads\/2020\/09\/IMG-20180628-WA0003_-1.jpg\" alt=\"\" class=\"wp-image-1972\" srcset=\"https:\/\/gymnasium-eckhorst.de\/homepage\/wp-content\/uploads\/2020\/09\/IMG-20180628-WA0003_-1.jpg 1024w, https:\/\/gymnasium-eckhorst.de\/homepage\/wp-content\/uploads\/2020\/09\/IMG-20180628-WA0003_-1-300x169.jpg 300w, https:\/\/gymnasium-eckhorst.de\/homepage\/wp-content\/uploads\/2020\/09\/IMG-20180628-WA0003_-1-768x432.jpg 768w\" sizes=\"(max-width: 1024px) 100vw, 1024px\" \/><\/figure>\n\n\n\n<figure class=\"wp-block-image size-large\"><img loading=\"lazy\" decoding=\"async\" width=\"640\" height=\"382\" data-id=\"1973\" src=\"https:\/\/gymnasium-eckhorst.de\/homepage\/wp-content\/uploads\/2020\/09\/InlineTour2016.jpg\" alt=\"\" class=\"wp-image-1973\" srcset=\"https:\/\/gymnasium-eckhorst.de\/homepage\/wp-content\/uploads\/2020\/09\/InlineTour2016.jpg 640w, https:\/\/gymnasium-eckhorst.de\/homepage\/wp-content\/uploads\/2020\/09\/InlineTour2016-300x179.jpg 300w\" sizes=\"(max-width: 640px) 100vw, 640px\" \/><\/figure>\n\n\n\n<figure class=\"wp-block-image size-large\"><img loading=\"lazy\" decoding=\"async\" width=\"1024\" height=\"768\" data-id=\"1974\" src=\"https:\/\/gymnasium-eckhorst.de\/homepage\/wp-content\/uploads\/2020\/09\/jungen_handball006.jpg\" alt=\"\" class=\"wp-image-1974\" srcset=\"https:\/\/gymnasium-eckhorst.de\/homepage\/wp-content\/uploads\/2020\/09\/jungen_handball006.jpg 1024w, https:\/\/gymnasium-eckhorst.de\/homepage\/wp-content\/uploads\/2020\/09\/jungen_handball006-300x225.jpg 300w, https:\/\/gymnasium-eckhorst.de\/homepage\/wp-content\/uploads\/2020\/09\/jungen_handball006-768x576.jpg 768w\" sizes=\"(max-width: 1024px) 100vw, 1024px\" \/><\/figure>\n\n\n\n<figure class=\"wp-block-image size-large\"><img loading=\"lazy\" decoding=\"async\" width=\"1024\" height=\"646\" data-id=\"1975\" src=\"https:\/\/gymnasium-eckhorst.de\/homepage\/wp-content\/uploads\/2020\/09\/landesfinale_22-2-19__01_1024-1.jpg\" alt=\"\" class=\"wp-image-1975\" srcset=\"https:\/\/gymnasium-eckhorst.de\/homepage\/wp-content\/uploads\/2020\/09\/landesfinale_22-2-19__01_1024-1.jpg 1024w, https:\/\/gymnasium-eckhorst.de\/homepage\/wp-content\/uploads\/2020\/09\/landesfinale_22-2-19__01_1024-1-300x189.jpg 300w, https:\/\/gymnasium-eckhorst.de\/homepage\/wp-content\/uploads\/2020\/09\/landesfinale_22-2-19__01_1024-1-768x485.jpg 768w\" sizes=\"(max-width: 1024px) 100vw, 1024px\" \/><\/figure>\n\n\n\n<figure class=\"wp-block-image size-large\"><img loading=\"lazy\" decoding=\"async\" width=\"1024\" height=\"576\" data-id=\"1976\" src=\"https:\/\/gymnasium-eckhorst.de\/homepage\/wp-content\/uploads\/2020\/09\/Landesfinale_turnen_2_1024.jpg\" alt=\"\" class=\"wp-image-1976\" srcset=\"https:\/\/gymnasium-eckhorst.de\/homepage\/wp-content\/uploads\/2020\/09\/Landesfinale_turnen_2_1024.jpg 1024w, https:\/\/gymnasium-eckhorst.de\/homepage\/wp-content\/uploads\/2020\/09\/Landesfinale_turnen_2_1024-300x169.jpg 300w, https:\/\/gymnasium-eckhorst.de\/homepage\/wp-content\/uploads\/2020\/09\/Landesfinale_turnen_2_1024-768x432.jpg 768w\" sizes=\"(max-width: 1024px) 100vw, 1024px\" \/><\/figure>\n\n\n\n<figure class=\"wp-block-image size-large\"><img loading=\"lazy\" decoding=\"async\" width=\"816\" height=\"612\" data-id=\"1977\" src=\"https:\/\/gymnasium-eckhorst.de\/homepage\/wp-content\/uploads\/2020\/09\/Landesfinale2014.jpg\" alt=\"\" class=\"wp-image-1977\" srcset=\"https:\/\/gymnasium-eckhorst.de\/homepage\/wp-content\/uploads\/2020\/09\/Landesfinale2014.jpg 816w, https:\/\/gymnasium-eckhorst.de\/homepage\/wp-content\/uploads\/2020\/09\/Landesfinale2014-300x225.jpg 300w, https:\/\/gymnasium-eckhorst.de\/homepage\/wp-content\/uploads\/2020\/09\/Landesfinale2014-768x576.jpg 768w\" sizes=\"(max-width: 816px) 100vw, 816px\" \/><\/figure>\n\n\n\n<figure class=\"wp-block-image size-large\"><img loading=\"lazy\" decoding=\"async\" width=\"640\" height=\"480\" data-id=\"1978\" src=\"https:\/\/gymnasium-eckhorst.de\/homepage\/wp-content\/uploads\/2020\/09\/schwimmen_landesentscheid-2.jpg\" alt=\"\" class=\"wp-image-1978\" srcset=\"https:\/\/gymnasium-eckhorst.de\/homepage\/wp-content\/uploads\/2020\/09\/schwimmen_landesentscheid-2.jpg 640w, https:\/\/gymnasium-eckhorst.de\/homepage\/wp-content\/uploads\/2020\/09\/schwimmen_landesentscheid-2-300x225.jpg 300w\" sizes=\"(max-width: 640px) 100vw, 640px\" \/><\/figure>\n<\/figure>\n\n\n\n<hr class=\"wp-block-separator has-css-opacity\"\/>\n\n\n\n<p><\/p>\n\n\n\n<h4 class=\"wp-block-heading\">Schulinterne Fachcurricula<\/h4>\n\n\n\n<p><em>Die unten aufgef\u00fchrten schulinternen Fachcurricula sind Kurzfassungen, die einen \u00dcberblick \u00fcber die Schwerpunkte, Besonderheiten und zu erbringenden Leistungsnachweise liefern sollen. Einzelheiten k\u00f6nnen bei den jeweiligen Fachlehrkr\u00e4ften erfragt werden.<\/em><\/p>\n\n\n\n<p class=\"has-text-align-center\"><a href=\"https:\/\/gymnasium-eckhorst.de\/homepage\/wp-content\/uploads\/2020\/12\/Sport-5.pdf\" target=\"_blank\" rel=\"noreferrer noopener\">Klasse 5<\/a><\/p>\n\n\n\n<p class=\"has-text-align-center\"><a href=\"https:\/\/gymnasium-eckhorst.de\/homepage\/wp-content\/uploads\/2020\/12\/Sport-6.pdf\" target=\"_blank\" rel=\"noreferrer noopener\">Klasse 6<\/a><\/p>\n\n\n\n<p class=\"has-text-align-center\"><a rel=\"noreferrer noopener\" href=\"https:\/\/gymnasium-eckhorst.de\/homepage\/wp-content\/uploads\/2020\/12\/Sport-7.pdf\" target=\"_blank\">Klasse 7<\/a><\/p>\n\n\n\n<p class=\"has-text-align-center\"><a href=\"https:\/\/gymnasium-eckhorst.de\/homepage\/wp-content\/uploads\/2020\/12\/Sport-8.pdf\" target=\"_blank\" rel=\"noreferrer noopener\">Klasse 8<\/a><\/p>\n\n\n\n<p class=\"has-text-align-center\"><a href=\"https:\/\/gymnasium-eckhorst.de\/homepage\/wp-content\/uploads\/2020\/12\/Sport-9.pdf\" target=\"_blank\" rel=\"noreferrer noopener\">Klasse 9<\/a><\/p>\n\n\n\n<p class=\"has-text-align-center\"><a href=\"https:\/\/gymnasium-eckhorst.de\/homepage\/wp-content\/uploads\/2020\/12\/Sport-10.pdf\" target=\"_blank\" rel=\"noreferrer noopener\">Klasse 10<\/a><\/p>\n","protected":false},"excerpt":{"rendered":"<p>Sport hat an unserer Schule einen hohen Stellenwert. Allem Voran steht dabei die Freude an der Bewegung. Diese m\u00f6chten wir an unsere Sch\u00fcler*innen weitergeben, die Neugier an neuen Sportarten und Disziplinen wecken, den sportlichen Ehrgeiz f\u00f6rdern und dabei vielf\u00e4ltige F\u00e4higkeiten und Fertigkeiten vermitteln.Unsere Sch\u00fcler*innen freuen sich in jedem Schuljahr auf die Sportturniere und treten erfolgreich [&hellip;]<\/p>\n","protected":false},"author":17,"featured_media":0,"parent":0,"menu_order":0,"comment_status":"closed","ping_status":"closed","template":"","meta":{"footnotes":""},"class_list":["post-1310","page","type-page","status-publish","hentry"],"_links":{"self":[{"href":"https:\/\/gymnasium-eckhorst.de\/homepage\/wp-json\/wp\/v2\/pages\/1310","targetHints":{"allow":["GET"]}}],"collection":[{"href":"https:\/\/gymnasium-eckhorst.de\/homepage\/wp-json\/wp\/v2\/pages"}],"about":[{"href":"https:\/\/gymnasium-eckhorst.de\/homepage\/wp-json\/wp\/v2\/types\/page"}],"author":[{"embeddable":true,"href":"https:\/\/gymnasium-eckhorst.de\/homepage\/wp-json\/wp\/v2\/users\/17"}],"replies":[{"embeddable":true,"href":"https:\/\/gymnasium-eckhorst.de\/homepage\/wp-json\/wp\/v2\/comments?post=1310"}],"version-history":[{"count":9,"href":"https:\/\/gymnasium-eckhorst.de\/homepage\/wp-json\/wp\/v2\/pages\/1310\/revisions"}],"predecessor-version":[{"id":17033,"href":"https:\/\/gymnasium-eckhorst.de\/homepage\/wp-json\/wp\/v2\/pages\/1310\/revisions\/17033"}],"wp:attachment":[{"href":"https:\/\/gymnasium-eckhorst.de\/homepage\/wp-json\/wp\/v2\/media?parent=1310"}],"curies":[{"name":"wp","href":"https:\/\/api.w.org\/{rel}","templated":true}]}}