{"id":1304,"date":"2020-07-25T13:22:52","date_gmt":"2020-07-25T11:22:52","guid":{"rendered":"https:\/\/gymnasium-eckhorst.de\/homepage\/?page_id=1304"},"modified":"2026-02-03T14:23:28","modified_gmt":"2026-02-03T13:23:28","slug":"wipo","status":"publish","type":"page","link":"https:\/\/gymnasium-eckhorst.de\/homepage\/wipo\/","title":{"rendered":"WiPo"},"content":{"rendered":"\n<h4 class=\"wp-block-heading has-text-align-center\"><br>Die WiPo-Fachschaft \u2013 Ein Kurzportrait<\/h4>\n\n\n\n<div class=\"wp-block-columns alignwide is-layout-flex wp-container-core-columns-is-layout-9d6595d7 wp-block-columns-is-layout-flex\">\n<div class=\"wp-block-column is-layout-flow wp-block-column-is-layout-flow\">\n<p><strong><span style=\"text-decoration: underline;\">D<\/span><\/strong>eutschland, Europa und die Welt: Die WiPo-Fachschaft sorgt f\u00fcr einen \u00dcberblick in den Bereichen Wirtschaft, Gesellschaft und Politik.<\/p>\n\n\n\n<p><strong><span style=\"text-decoration: underline;\">E<\/span><\/strong>ntscheidungen werden nicht nur in Berlin getroffen. Auch im WiPo-Unterricht positioniert ihr euch immer wieder zu vielf\u00e4ltigen Problemstellungen und lernt eure Positionen stichhaltig zu begr\u00fcnden.<\/p>\n\n\n\n<p><strong><span style=\"text-decoration: underline;\">M<\/span><\/strong>ethoden- und Materialvielfalt \u2013 Texte, Karikaturen, Statistiken, Explainity-Videos und Fishbowldiskussionen, Pro-Contra-Debatten, Positionslinien. Bei uns wird es nicht langweilig.<\/p>\n\n\n\n<p><strong><span style=\"text-decoration: underline;\">O<\/span><\/strong>ligarchie ist vorbei. Wir arbeiten demokratisch.<\/p>\n\n\n\n<p><strong><span style=\"text-decoration: underline;\">K<\/span><\/strong>ooperation \u2013 im Bereich Berufsorientierung holen wir uns Unterst\u00fctzung (z.B. durch die Agentur f\u00fcr Arbeit, den Rotary Club Bargteheide, oder indem wir mit euch die Berufsmessen Einstieg (Hamburg) und Nordjob (L\u00fcbeck) besuchen.<\/p>\n\n\n\n<p><strong><span style=\"text-decoration: underline;\">R<\/span><\/strong>edenhalten kann man lernen \u2013 im WiPo-Unterricht erfahrt ihr, wie es geht.<\/p>\n\n\n\n<p><strong><span style=\"text-decoration: underline;\">A<\/span><\/strong>ktualit\u00e4t \u2013 die Welt ver\u00e4ndert sich stetig. In WiPo lernt ihr aktuelle Sachverhalte zu beurteilen.<\/p>\n\n\n\n<p><strong><span style=\"text-decoration: underline;\">T<\/span><\/strong>eamf\u00e4higkeit ist eine wichtige Schl\u00fcsselkompetenz, die ihr in WiPo ausbauen k\u00f6nnt.<\/p>\n\n\n\n<p><strong><span style=\"text-decoration: underline;\">I<\/span><\/strong>ntegrativ,&nbsp;&nbsp;&nbsp; innovativ,&nbsp;&nbsp;&nbsp; individuell:&nbsp;&nbsp;&nbsp; In&nbsp;&nbsp;&nbsp; WiPo&nbsp;&nbsp;&nbsp; geht&nbsp;&nbsp;&nbsp; es&nbsp;&nbsp;&nbsp; um&nbsp;&nbsp;&nbsp; gro\u00dfe Zusammenh\u00e4nge, au\u00dfergew\u00f6hnliche Situationen und die Einbindung von einer Vielzahl von Faktoren.<\/p>\n\n\n\n<p><strong><span style=\"text-decoration: underline;\">E<\/span><\/strong>xkursion zur politischen Bildung. Im E-Jahrgang geht\u2019s mit uns f\u00fcr drei Tage nach Berlin!<\/p>\n<\/div>\n\n\n\n<div class=\"wp-block-column is-layout-flow wp-block-column-is-layout-flow\">\n<figure class=\"wp-block-gallery has-nested-images columns-2 is-cropped wp-block-gallery-1 is-layout-flex wp-block-gallery-is-layout-flex\">\n<figure class=\"wp-block-image size-large\"><img fetchpriority=\"high\" decoding=\"async\" width=\"658\" height=\"494\" data-id=\"2215\" src=\"https:\/\/gymnasium-eckhorst.de\/homepage\/wp-content\/uploads\/2020\/10\/Bild3.jpg\" alt=\"\" class=\"wp-image-2215\" srcset=\"https:\/\/gymnasium-eckhorst.de\/homepage\/wp-content\/uploads\/2020\/10\/Bild3.jpg 658w, https:\/\/gymnasium-eckhorst.de\/homepage\/wp-content\/uploads\/2020\/10\/Bild3-300x225.jpg 300w\" sizes=\"(max-width: 658px) 100vw, 658px\" \/><\/figure>\n\n\n\n<figure class=\"wp-block-image size-large\"><img decoding=\"async\" width=\"685\" height=\"514\" data-id=\"2214\" src=\"https:\/\/gymnasium-eckhorst.de\/homepage\/wp-content\/uploads\/2020\/10\/Bild2.jpg\" alt=\"\" class=\"wp-image-2214\" srcset=\"https:\/\/gymnasium-eckhorst.de\/homepage\/wp-content\/uploads\/2020\/10\/Bild2.jpg 685w, https:\/\/gymnasium-eckhorst.de\/homepage\/wp-content\/uploads\/2020\/10\/Bild2-300x225.jpg 300w\" sizes=\"(max-width: 685px) 100vw, 685px\" \/><\/figure>\n\n\n\n<figure class=\"wp-block-image size-large\"><img decoding=\"async\" width=\"808\" height=\"893\" data-id=\"2213\" src=\"https:\/\/gymnasium-eckhorst.de\/homepage\/wp-content\/uploads\/2020\/10\/Bild1.png\" alt=\"\" class=\"wp-image-2213\" srcset=\"https:\/\/gymnasium-eckhorst.de\/homepage\/wp-content\/uploads\/2020\/10\/Bild1.png 808w, https:\/\/gymnasium-eckhorst.de\/homepage\/wp-content\/uploads\/2020\/10\/Bild1-271x300.png 271w, https:\/\/gymnasium-eckhorst.de\/homepage\/wp-content\/uploads\/2020\/10\/Bild1-768x849.png 768w\" sizes=\"(max-width: 808px) 100vw, 808px\" \/><\/figure>\n\n\n\n<figure class=\"wp-block-image size-large\"><img loading=\"lazy\" decoding=\"async\" width=\"608\" height=\"295\" data-id=\"2216\" src=\"https:\/\/gymnasium-eckhorst.de\/homepage\/wp-content\/uploads\/2020\/10\/Bild4.jpg\" alt=\"\" class=\"wp-image-2216\" srcset=\"https:\/\/gymnasium-eckhorst.de\/homepage\/wp-content\/uploads\/2020\/10\/Bild4.jpg 608w, https:\/\/gymnasium-eckhorst.de\/homepage\/wp-content\/uploads\/2020\/10\/Bild4-300x146.jpg 300w\" sizes=\"(max-width: 608px) 100vw, 608px\" \/><\/figure>\n\n\n\n<figure class=\"wp-block-image size-large\"><img loading=\"lazy\" decoding=\"async\" width=\"608\" height=\"227\" data-id=\"2217\" src=\"https:\/\/gymnasium-eckhorst.de\/homepage\/wp-content\/uploads\/2020\/10\/Bild5.jpg\" alt=\"\" class=\"wp-image-2217\" srcset=\"https:\/\/gymnasium-eckhorst.de\/homepage\/wp-content\/uploads\/2020\/10\/Bild5.jpg 608w, https:\/\/gymnasium-eckhorst.de\/homepage\/wp-content\/uploads\/2020\/10\/Bild5-300x112.jpg 300w\" sizes=\"(max-width: 608px) 100vw, 608px\" \/><\/figure>\n\n\n\n<figure class=\"wp-block-image size-large\"><img loading=\"lazy\" decoding=\"async\" width=\"337\" height=\"252\" data-id=\"2218\" src=\"https:\/\/gymnasium-eckhorst.de\/homepage\/wp-content\/uploads\/2020\/10\/Bild6.jpg\" alt=\"\" class=\"wp-image-2218\" srcset=\"https:\/\/gymnasium-eckhorst.de\/homepage\/wp-content\/uploads\/2020\/10\/Bild6.jpg 337w, https:\/\/gymnasium-eckhorst.de\/homepage\/wp-content\/uploads\/2020\/10\/Bild6-300x224.jpg 300w\" sizes=\"(max-width: 337px) 100vw, 337px\" \/><\/figure>\n<\/figure>\n<\/div>\n<\/div>\n\n\n\n<hr class=\"wp-block-separator has-css-opacity\"\/>\n\n\n\n<h4 class=\"wp-block-heading\">Schulinterne Fachcurricula<\/h4>\n\n\n\n<p><em>Die unten aufgef\u00fchrten schulinternen Fachcurricula sind Kurzfassungen, die einen \u00dcberblick \u00fcber die Schwerpunkte, Besonderheiten und zu erbringenden Leistungsnachweise liefern sollen. Einzelheiten k\u00f6nnen bei den jeweiligen Fachlehrkr\u00e4ften erfragt werden.<\/em><\/p>\n\n\n\n<p class=\"has-text-align-center\"><a href=\"https:\/\/gymnasium-eckhorst.de\/homepage\/wp-content\/uploads\/2026\/02\/Kurzcurriculum_WiPo_9_.pdf\" target=\"_blank\" rel=\"noreferrer noopener\">Klasse 9<\/a><\/p>\n\n\n\n<p class=\"has-text-align-center\"><a href=\"https:\/\/gymnasium-eckhorst.de\/homepage\/wp-content\/uploads\/2026\/02\/Kurzcurriculum-WiPo-10_.pdf\" target=\"_blank\" rel=\"noreferrer noopener\">Klasse 10<\/a><\/p>\n\n\n\n<p class=\"has-text-align-center\"><a href=\"https:\/\/gymnasium-eckhorst.de\/homepage\/wp-content\/uploads\/2026\/02\/Kurzcurriculum-WiPo-E.pdf\" target=\"_blank\" rel=\"noreferrer noopener\">E-Jhg.<\/a><\/p>\n\n\n\n<p class=\"has-text-align-center\"><a href=\"https:\/\/gymnasium-eckhorst.de\/homepage\/wp-content\/uploads\/2026\/02\/Kurzcurriculum-WiPo-_Q1.pdf\" target=\"_blank\" rel=\"noreferrer noopener\">Q1-Jhg.<\/a><\/p>\n\n\n\n<p class=\"has-text-align-center\"><a href=\"https:\/\/gymnasium-eckhorst.de\/homepage\/wp-content\/uploads\/2026\/02\/Kurzcurriculum_WiPo_Q2.pdf\" target=\"_blank\" rel=\"noreferrer noopener\">Q2-Jhg.<\/a><\/p>\n","protected":false},"excerpt":{"rendered":"<p>Die WiPo-Fachschaft \u2013 Ein Kurzportrait Deutschland, Europa und die Welt: Die WiPo-Fachschaft sorgt f\u00fcr einen \u00dcberblick in den Bereichen Wirtschaft, Gesellschaft und Politik. Entscheidungen werden nicht nur in Berlin getroffen. Auch im WiPo-Unterricht positioniert ihr euch immer wieder zu vielf\u00e4ltigen Problemstellungen und lernt eure Positionen stichhaltig zu begr\u00fcnden. Methoden- und Materialvielfalt \u2013 Texte, Karikaturen, Statistiken, [&hellip;]<\/p>\n","protected":false},"author":17,"featured_media":0,"parent":0,"menu_order":0,"comment_status":"closed","ping_status":"closed","template":"","meta":{"footnotes":""},"class_list":["post-1304","page","type-page","status-publish","hentry"],"_links":{"self":[{"href":"https:\/\/gymnasium-eckhorst.de\/homepage\/wp-json\/wp\/v2\/pages\/1304","targetHints":{"allow":["GET"]}}],"collection":[{"href":"https:\/\/gymnasium-eckhorst.de\/homepage\/wp-json\/wp\/v2\/pages"}],"about":[{"href":"https:\/\/gymnasium-eckhorst.de\/homepage\/wp-json\/wp\/v2\/types\/page"}],"author":[{"embeddable":true,"href":"https:\/\/gymnasium-eckhorst.de\/homepage\/wp-json\/wp\/v2\/users\/17"}],"replies":[{"embeddable":true,"href":"https:\/\/gymnasium-eckhorst.de\/homepage\/wp-json\/wp\/v2\/comments?post=1304"}],"version-history":[{"count":9,"href":"https:\/\/gymnasium-eckhorst.de\/homepage\/wp-json\/wp\/v2\/pages\/1304\/revisions"}],"predecessor-version":[{"id":17929,"href":"https:\/\/gymnasium-eckhorst.de\/homepage\/wp-json\/wp\/v2\/pages\/1304\/revisions\/17929"}],"wp:attachment":[{"href":"https:\/\/gymnasium-eckhorst.de\/homepage\/wp-json\/wp\/v2\/media?parent=1304"}],"curies":[{"name":"wp","href":"https:\/\/api.w.org\/{rel}","templated":true}]}}