{"id":1296,"date":"2020-07-25T13:21:58","date_gmt":"2020-07-25T11:21:58","guid":{"rendered":"https:\/\/gymnasium-eckhorst.de\/homepage\/?page_id=1296"},"modified":"2025-05-10T16:15:16","modified_gmt":"2025-05-10T14:15:16","slug":"geographie","status":"publish","type":"page","link":"https:\/\/gymnasium-eckhorst.de\/homepage\/geographie\/","title":{"rendered":"Geographie"},"content":{"rendered":"\n<h4 class=\"wp-block-heading\"><br><strong>Bei uns geht es um die ganze Welt:<\/strong><\/h4>\n\n\n\n<p>Im Fach Geographie erforschen wir Ph\u00e4nomene, die uns im Alltag oder im Urlaub begegnen, wir machen uns auf die (fiktive) Reise in L\u00e4nder und Regionen auf anderen Kontinenten und in unterschiedlichen Klimazonen, wir beschreiben Naturereignisse und suchen nach den Ursachen und wir lernen, welche Auswirkungen&nbsp; die Naturgesetze und ihr Wechselspiel auf unseren Lebensraum Erde haben.<\/p>\n\n\n\n<p>Dabei nutzen wir unsere Kenntnisse aus Biologie, Chemie und Physik und verstehen uns &#8211; in dieser Hinsicht &#8211; als naturwissenschaftliches Fach. Der Grund, weshalb Geographie dennoch den Gesellschaftswissenschaften zugeordnet ist, besteht darin, dass wir bei all unseren Untersuchungen stets den Menschen im Fokus haben. Wie leben die Bewohner der Tropen, wie die der Polarzone? Wie regiert der Mensch auf Naturkatastrophen wie Vulkanausbr\u00fcche und \u00dcberschwemmungen? Wie kann die Wirtschaft den steigenden Bedarf an G\u00fctern und Lebensmitteln der wachsenden Weltbev\u00f6lkerung decken? Warum gibt es reiche und arme L\u00e4nder auf der Welt und in welcher Mitverantwortung stehe ich, steht jeder Einzelne von uns?<\/p>\n\n\n\n<p>Diesen und vielen anderen spannenden, weil uns alle angehenden Themen und Fragestellungen, gehen wir nach. Bei unseren Forschungsarbeiten bieten sich vielf\u00e4ltige Methoden zum Erkenntnisgewinn an: In den unteren Klassen wird h\u00e4ufig kreativ gearbeitet, in der Mittelstufe bereichern Referate und Rollenspiele den Unterricht, in der Oberstufe werden Pr\u00e4sentationen und Podiumsdiskussionen abgehalten. \u00dcber alle Altersstufen hinweg motivieren die M\u00f6glichkeiten, die das Medienzentrum bietet, die Sch\u00fcler*innen ganz besonders; au\u00dferdem f\u00fcllen Filme und Exkursionen die Lerninhalte mit Leben. An Unterrichtsmaterial stehen uns u.a. Schulb\u00fccher, Atlanten, Wandkarten, Globen und aktuelle Fachzeitschriften zur Verf\u00fcgung.<\/p>\n\n\n\n<figure class=\"wp-block-gallery has-nested-images columns-2 is-cropped wp-block-gallery-1 is-layout-flex wp-block-gallery-is-layout-flex\">\n<figure class=\"wp-block-image size-large\"><img fetchpriority=\"high\" decoding=\"async\" width=\"1024\" height=\"681\" data-id=\"2241\" src=\"https:\/\/gymnasium-eckhorst.de\/homepage\/wp-content\/uploads\/2020\/10\/DSC_0013-1024x681.jpg\" alt=\"\" class=\"wp-image-2241\" srcset=\"https:\/\/gymnasium-eckhorst.de\/homepage\/wp-content\/uploads\/2020\/10\/DSC_0013-1024x681.jpg 1024w, https:\/\/gymnasium-eckhorst.de\/homepage\/wp-content\/uploads\/2020\/10\/DSC_0013-300x199.jpg 300w, https:\/\/gymnasium-eckhorst.de\/homepage\/wp-content\/uploads\/2020\/10\/DSC_0013-768x511.jpg 768w, https:\/\/gymnasium-eckhorst.de\/homepage\/wp-content\/uploads\/2020\/10\/DSC_0013-1536x1021.jpg 1536w, https:\/\/gymnasium-eckhorst.de\/homepage\/wp-content\/uploads\/2020\/10\/DSC_0013-2048x1362.jpg 2048w, https:\/\/gymnasium-eckhorst.de\/homepage\/wp-content\/uploads\/2020\/10\/DSC_0013-1200x798.jpg 1200w, https:\/\/gymnasium-eckhorst.de\/homepage\/wp-content\/uploads\/2020\/10\/DSC_0013-1980x1316.jpg 1980w\" sizes=\"(max-width: 1024px) 100vw, 1024px\" \/><\/figure>\n\n\n\n<figure class=\"wp-block-image size-large\"><img decoding=\"async\" width=\"1024\" height=\"768\" data-id=\"2242\" src=\"https:\/\/gymnasium-eckhorst.de\/homepage\/wp-content\/uploads\/2020\/10\/IMG_20201027_171953-1024x768.jpg\" alt=\"\" class=\"wp-image-2242\" srcset=\"https:\/\/gymnasium-eckhorst.de\/homepage\/wp-content\/uploads\/2020\/10\/IMG_20201027_171953-1024x768.jpg 1024w, https:\/\/gymnasium-eckhorst.de\/homepage\/wp-content\/uploads\/2020\/10\/IMG_20201027_171953-300x225.jpg 300w, https:\/\/gymnasium-eckhorst.de\/homepage\/wp-content\/uploads\/2020\/10\/IMG_20201027_171953-768x576.jpg 768w, https:\/\/gymnasium-eckhorst.de\/homepage\/wp-content\/uploads\/2020\/10\/IMG_20201027_171953-1536x1152.jpg 1536w, https:\/\/gymnasium-eckhorst.de\/homepage\/wp-content\/uploads\/2020\/10\/IMG_20201027_171953-2048x1536.jpg 2048w, https:\/\/gymnasium-eckhorst.de\/homepage\/wp-content\/uploads\/2020\/10\/IMG_20201027_171953-1200x900.jpg 1200w, https:\/\/gymnasium-eckhorst.de\/homepage\/wp-content\/uploads\/2020\/10\/IMG_20201027_171953-1980x1485.jpg 1980w\" sizes=\"(max-width: 1024px) 100vw, 1024px\" \/><\/figure>\n\n\n\n<figure class=\"wp-block-image size-large\"><img decoding=\"async\" width=\"1024\" height=\"768\" data-id=\"2243\" src=\"https:\/\/gymnasium-eckhorst.de\/homepage\/wp-content\/uploads\/2020\/10\/IMG_20201028_115906-1024x768.jpg\" alt=\"\" class=\"wp-image-2243\" srcset=\"https:\/\/gymnasium-eckhorst.de\/homepage\/wp-content\/uploads\/2020\/10\/IMG_20201028_115906-1024x768.jpg 1024w, https:\/\/gymnasium-eckhorst.de\/homepage\/wp-content\/uploads\/2020\/10\/IMG_20201028_115906-300x225.jpg 300w, https:\/\/gymnasium-eckhorst.de\/homepage\/wp-content\/uploads\/2020\/10\/IMG_20201028_115906-768x576.jpg 768w, https:\/\/gymnasium-eckhorst.de\/homepage\/wp-content\/uploads\/2020\/10\/IMG_20201028_115906-1536x1152.jpg 1536w, https:\/\/gymnasium-eckhorst.de\/homepage\/wp-content\/uploads\/2020\/10\/IMG_20201028_115906-2048x1536.jpg 2048w, https:\/\/gymnasium-eckhorst.de\/homepage\/wp-content\/uploads\/2020\/10\/IMG_20201028_115906-1200x900.jpg 1200w, https:\/\/gymnasium-eckhorst.de\/homepage\/wp-content\/uploads\/2020\/10\/IMG_20201028_115906-1980x1485.jpg 1980w\" sizes=\"(max-width: 1024px) 100vw, 1024px\" \/><\/figure>\n\n\n\n<figure class=\"wp-block-image size-large\"><img loading=\"lazy\" decoding=\"async\" width=\"1024\" height=\"768\" data-id=\"2244\" src=\"https:\/\/gymnasium-eckhorst.de\/homepage\/wp-content\/uploads\/2020\/10\/IMG_20201028_122159-1024x768.jpg\" alt=\"\" class=\"wp-image-2244\" srcset=\"https:\/\/gymnasium-eckhorst.de\/homepage\/wp-content\/uploads\/2020\/10\/IMG_20201028_122159-1024x768.jpg 1024w, https:\/\/gymnasium-eckhorst.de\/homepage\/wp-content\/uploads\/2020\/10\/IMG_20201028_122159-300x225.jpg 300w, https:\/\/gymnasium-eckhorst.de\/homepage\/wp-content\/uploads\/2020\/10\/IMG_20201028_122159-768x576.jpg 768w, https:\/\/gymnasium-eckhorst.de\/homepage\/wp-content\/uploads\/2020\/10\/IMG_20201028_122159-1536x1152.jpg 1536w, https:\/\/gymnasium-eckhorst.de\/homepage\/wp-content\/uploads\/2020\/10\/IMG_20201028_122159-2048x1536.jpg 2048w, https:\/\/gymnasium-eckhorst.de\/homepage\/wp-content\/uploads\/2020\/10\/IMG_20201028_122159-1200x900.jpg 1200w, https:\/\/gymnasium-eckhorst.de\/homepage\/wp-content\/uploads\/2020\/10\/IMG_20201028_122159-1980x1485.jpg 1980w\" sizes=\"(max-width: 1024px) 100vw, 1024px\" \/><\/figure>\n\n\n\n<figure class=\"wp-block-image size-large\"><img loading=\"lazy\" decoding=\"async\" width=\"768\" height=\"1024\" data-id=\"2245\" src=\"https:\/\/gymnasium-eckhorst.de\/homepage\/wp-content\/uploads\/2020\/10\/IMG_20201028_122250-768x1024.jpg\" alt=\"\" class=\"wp-image-2245\" srcset=\"https:\/\/gymnasium-eckhorst.de\/homepage\/wp-content\/uploads\/2020\/10\/IMG_20201028_122250-768x1024.jpg 768w, https:\/\/gymnasium-eckhorst.de\/homepage\/wp-content\/uploads\/2020\/10\/IMG_20201028_122250-225x300.jpg 225w, https:\/\/gymnasium-eckhorst.de\/homepage\/wp-content\/uploads\/2020\/10\/IMG_20201028_122250-1152x1536.jpg 1152w, https:\/\/gymnasium-eckhorst.de\/homepage\/wp-content\/uploads\/2020\/10\/IMG_20201028_122250-1536x2048.jpg 1536w, https:\/\/gymnasium-eckhorst.de\/homepage\/wp-content\/uploads\/2020\/10\/IMG_20201028_122250-1200x1600.jpg 1200w, https:\/\/gymnasium-eckhorst.de\/homepage\/wp-content\/uploads\/2020\/10\/IMG_20201028_122250-1980x2640.jpg 1980w, https:\/\/gymnasium-eckhorst.de\/homepage\/wp-content\/uploads\/2020\/10\/IMG_20201028_122250-scaled.jpg 1920w\" sizes=\"(max-width: 768px) 100vw, 768px\" \/><\/figure>\n<\/figure>\n\n\n\n<hr class=\"wp-block-separator has-css-opacity\"\/>\n\n\n\n<h4 class=\"wp-block-heading\">Schulinterne Fachcurricula<\/h4>\n\n\n\n<p><em>Die unten aufgef\u00fchrten schulinternen Fachcurricula sind Kurzfassungen, die einen \u00dcberblick \u00fcber die Schwerpunkte, Besonderheiten und zu erbringenden Leistungsnachweise liefern sollen. Einzelheiten k\u00f6nnen bei den jeweiligen Fachlehrkr\u00e4ften erfragt werden.<\/em><\/p>\n\n\n\n<p class=\"has-text-align-center\"><a href=\"https:\/\/gymnasium-eckhorst.de\/homepage\/wp-content\/uploads\/2025\/03\/SiC_Geo_5-10.pdf\" target=\"_blank\" rel=\"noreferrer noopener\">Klassen 5-10<\/a><\/p>\n","protected":false},"excerpt":{"rendered":"<p>Bei uns geht es um die ganze Welt: Im Fach Geographie erforschen wir Ph\u00e4nomene, die uns im Alltag oder im Urlaub begegnen, wir machen uns auf die (fiktive) Reise in L\u00e4nder und Regionen auf anderen Kontinenten und in unterschiedlichen Klimazonen, wir beschreiben Naturereignisse und suchen nach den Ursachen und wir lernen, welche Auswirkungen&nbsp; die Naturgesetze [&hellip;]<\/p>\n","protected":false},"author":17,"featured_media":0,"parent":0,"menu_order":0,"comment_status":"closed","ping_status":"closed","template":"","meta":{"footnotes":""},"class_list":["post-1296","page","type-page","status-publish","hentry"],"_links":{"self":[{"href":"https:\/\/gymnasium-eckhorst.de\/homepage\/wp-json\/wp\/v2\/pages\/1296","targetHints":{"allow":["GET"]}}],"collection":[{"href":"https:\/\/gymnasium-eckhorst.de\/homepage\/wp-json\/wp\/v2\/pages"}],"about":[{"href":"https:\/\/gymnasium-eckhorst.de\/homepage\/wp-json\/wp\/v2\/types\/page"}],"author":[{"embeddable":true,"href":"https:\/\/gymnasium-eckhorst.de\/homepage\/wp-json\/wp\/v2\/users\/17"}],"replies":[{"embeddable":true,"href":"https:\/\/gymnasium-eckhorst.de\/homepage\/wp-json\/wp\/v2\/comments?post=1296"}],"version-history":[{"count":8,"href":"https:\/\/gymnasium-eckhorst.de\/homepage\/wp-json\/wp\/v2\/pages\/1296\/revisions"}],"predecessor-version":[{"id":17025,"href":"https:\/\/gymnasium-eckhorst.de\/homepage\/wp-json\/wp\/v2\/pages\/1296\/revisions\/17025"}],"wp:attachment":[{"href":"https:\/\/gymnasium-eckhorst.de\/homepage\/wp-json\/wp\/v2\/media?parent=1296"}],"curies":[{"name":"wp","href":"https:\/\/api.w.org\/{rel}","templated":true}]}}