{"id":1287,"date":"2020-07-25T13:19:36","date_gmt":"2020-07-25T11:19:36","guid":{"rendered":"https:\/\/gymnasium-eckhorst.de\/homepage\/?page_id=1287"},"modified":"2025-05-10T16:13:41","modified_gmt":"2025-05-10T14:13:41","slug":"chemie","status":"publish","type":"page","link":"https:\/\/gymnasium-eckhorst.de\/homepage\/chemie\/","title":{"rendered":"Chemie"},"content":{"rendered":"\n<h4 class=\"wp-block-heading has-text-align-center\"><br>Bei uns stimmt die Chemie\u2026<\/h4>\n\n\n\n<div class=\"wp-block-columns alignwide is-layout-flex wp-container-core-columns-is-layout-9d6595d7 wp-block-columns-is-layout-flex\">\n<div class=\"wp-block-column is-layout-flow wp-block-column-is-layout-flow\">\n<p>Motivierende und anschauliche Chemie &#8211; das ist das Motto unseres Unterrichts. Chemie ist in unserem Leben allgegenw\u00e4rtig, das Verstehen unseres moderne Alltags fordert Kenntnisse \u00fcber Stoffe, deren Eigenschaften und Reaktionen. Wir legen besonderen Wert auf den Bezug zur Lebenswelt der Sch\u00fcler*innen. Das Fach Chemie vermittelt naturwissenschaftliche Grundlagen, Methoden und Fertigkeiten und bef\u00e4higt die Sch\u00fcler*innen, zahlreiche allt\u00e4gliche Ph\u00e4nomene in Natur und Technik zu kennen, Zusammenh\u00e4nge und Prozesse zu durchschauen und sachkundig zu beurteilen. <\/p>\n\n\n\n<p>Schon in der Orientierungsstufe kann man sich hier mit chemischen Themen besch\u00e4ftigen &#8211; in der MINT-AG oder bei Jugend forscht. Der regul\u00e4re Chemieunterricht findet in der Mittelstufe in den Klassen 9 und 10 statt mit jeweils zwei Wochenstunden. Der Unterricht ist alltagsorientiert, beinhaltet viele Sch\u00fcler*innenexperimente und f\u00f6rdert das eigenst\u00e4ndige Denken und Handeln der Sch\u00fcler*innen. <\/p>\n<\/div>\n\n\n\n<div class=\"wp-block-column is-layout-flow wp-block-column-is-layout-flow\">\n<p>In der Oberstufe hatten wir in den letzten Jahren ein durchgehendes Chemieprofil an unserer Schule, wobei Profiler*innen und Nichtprofiler*innen fast immer gemeinsam unterrichtet werden. Wir besch\u00e4ftigen uns mit Themen wie Lebensmittelchemie, Wasch- und Reinigungsmitteln, Kleidung, Arzneimitteln, mobiler Energie und Umweltchemie. <\/p>\n\n\n\n<p>Wir machen Exkursionen z.B. zum Helmholtz-Zentrum zum Thema Brennstoffzelle, Wasseranalytik und Nanotechnologie sowie zu gro\u00dftechnischen Anlagen.<\/p>\n<\/div>\n<\/div>\n\n\n\n<figure class=\"wp-block-gallery has-nested-images columns-2 is-cropped wp-block-gallery-1 is-layout-flex wp-block-gallery-is-layout-flex\">\n<figure class=\"wp-block-image size-large\"><img fetchpriority=\"high\" decoding=\"async\" width=\"291\" height=\"600\" data-id=\"1995\" src=\"https:\/\/gymnasium-eckhorst.de\/homepage\/wp-content\/uploads\/2020\/09\/phoca_thumb_l_2.jpg\" alt=\"\" class=\"wp-image-1995\" srcset=\"https:\/\/gymnasium-eckhorst.de\/homepage\/wp-content\/uploads\/2020\/09\/phoca_thumb_l_2.jpg 291w, https:\/\/gymnasium-eckhorst.de\/homepage\/wp-content\/uploads\/2020\/09\/phoca_thumb_l_2-146x300.jpg 146w\" sizes=\"(max-width: 291px) 100vw, 291px\" \/><\/figure>\n\n\n\n<figure class=\"wp-block-image size-large\"><img decoding=\"async\" width=\"291\" height=\"600\" data-id=\"1996\" src=\"https:\/\/gymnasium-eckhorst.de\/homepage\/wp-content\/uploads\/2020\/09\/phoca_thumb_l_5.jpg\" alt=\"\" class=\"wp-image-1996\" srcset=\"https:\/\/gymnasium-eckhorst.de\/homepage\/wp-content\/uploads\/2020\/09\/phoca_thumb_l_5.jpg 291w, https:\/\/gymnasium-eckhorst.de\/homepage\/wp-content\/uploads\/2020\/09\/phoca_thumb_l_5-146x300.jpg 146w\" sizes=\"(max-width: 291px) 100vw, 291px\" \/><\/figure>\n\n\n\n<figure class=\"wp-block-image size-large\"><img decoding=\"async\" width=\"800\" height=\"388\" data-id=\"1997\" src=\"https:\/\/gymnasium-eckhorst.de\/homepage\/wp-content\/uploads\/2020\/09\/phoca_thumb_l_6.jpg\" alt=\"\" class=\"wp-image-1997\" srcset=\"https:\/\/gymnasium-eckhorst.de\/homepage\/wp-content\/uploads\/2020\/09\/phoca_thumb_l_6.jpg 800w, https:\/\/gymnasium-eckhorst.de\/homepage\/wp-content\/uploads\/2020\/09\/phoca_thumb_l_6-300x146.jpg 300w, https:\/\/gymnasium-eckhorst.de\/homepage\/wp-content\/uploads\/2020\/09\/phoca_thumb_l_6-768x372.jpg 768w\" sizes=\"(max-width: 800px) 100vw, 800px\" \/><\/figure>\n\n\n\n<figure class=\"wp-block-image size-large\"><img loading=\"lazy\" decoding=\"async\" width=\"800\" height=\"388\" data-id=\"1998\" src=\"https:\/\/gymnasium-eckhorst.de\/homepage\/wp-content\/uploads\/2020\/09\/phoca_thumb_l_7.jpg\" alt=\"\" class=\"wp-image-1998\" srcset=\"https:\/\/gymnasium-eckhorst.de\/homepage\/wp-content\/uploads\/2020\/09\/phoca_thumb_l_7.jpg 800w, https:\/\/gymnasium-eckhorst.de\/homepage\/wp-content\/uploads\/2020\/09\/phoca_thumb_l_7-300x146.jpg 300w, https:\/\/gymnasium-eckhorst.de\/homepage\/wp-content\/uploads\/2020\/09\/phoca_thumb_l_7-768x372.jpg 768w\" sizes=\"(max-width: 800px) 100vw, 800px\" \/><\/figure>\n\n\n\n<figure class=\"wp-block-image size-large\"><img loading=\"lazy\" decoding=\"async\" width=\"800\" height=\"600\" data-id=\"1999\" src=\"https:\/\/gymnasium-eckhorst.de\/homepage\/wp-content\/uploads\/2020\/09\/phoca_thumb_l_20170124_100223_Schlerlabor_im_Helmholtz_Zentrum_1024.jpg\" alt=\"\" class=\"wp-image-1999\" srcset=\"https:\/\/gymnasium-eckhorst.de\/homepage\/wp-content\/uploads\/2020\/09\/phoca_thumb_l_20170124_100223_Schlerlabor_im_Helmholtz_Zentrum_1024.jpg 800w, https:\/\/gymnasium-eckhorst.de\/homepage\/wp-content\/uploads\/2020\/09\/phoca_thumb_l_20170124_100223_Schlerlabor_im_Helmholtz_Zentrum_1024-300x225.jpg 300w, https:\/\/gymnasium-eckhorst.de\/homepage\/wp-content\/uploads\/2020\/09\/phoca_thumb_l_20170124_100223_Schlerlabor_im_Helmholtz_Zentrum_1024-768x576.jpg 768w\" sizes=\"(max-width: 800px) 100vw, 800px\" \/><\/figure>\n\n\n\n<figure class=\"wp-block-image size-large\"><img loading=\"lazy\" decoding=\"async\" width=\"800\" height=\"600\" data-id=\"2000\" src=\"https:\/\/gymnasium-eckhorst.de\/homepage\/wp-content\/uploads\/2020\/09\/phoca_thumb_l_20170124_112933_001_Musik_-machen_mit_der_Grtzelzelle_1024.jpg\" alt=\"\" class=\"wp-image-2000\" srcset=\"https:\/\/gymnasium-eckhorst.de\/homepage\/wp-content\/uploads\/2020\/09\/phoca_thumb_l_20170124_112933_001_Musik_-machen_mit_der_Grtzelzelle_1024.jpg 800w, https:\/\/gymnasium-eckhorst.de\/homepage\/wp-content\/uploads\/2020\/09\/phoca_thumb_l_20170124_112933_001_Musik_-machen_mit_der_Grtzelzelle_1024-300x225.jpg 300w, https:\/\/gymnasium-eckhorst.de\/homepage\/wp-content\/uploads\/2020\/09\/phoca_thumb_l_20170124_112933_001_Musik_-machen_mit_der_Grtzelzelle_1024-768x576.jpg 768w\" sizes=\"(max-width: 800px) 100vw, 800px\" \/><\/figure>\n\n\n\n<figure class=\"wp-block-image size-large\"><img loading=\"lazy\" decoding=\"async\" width=\"450\" height=\"600\" data-id=\"1994\" src=\"https:\/\/gymnasium-eckhorst.de\/homepage\/wp-content\/uploads\/2020\/09\/kunst.jpg\" alt=\"\" class=\"wp-image-1994\" srcset=\"https:\/\/gymnasium-eckhorst.de\/homepage\/wp-content\/uploads\/2020\/09\/kunst.jpg 450w, https:\/\/gymnasium-eckhorst.de\/homepage\/wp-content\/uploads\/2020\/09\/kunst-225x300.jpg 225w\" sizes=\"(max-width: 450px) 100vw, 450px\" \/><\/figure>\n\n\n\n<figure class=\"wp-block-image size-large\"><img loading=\"lazy\" decoding=\"async\" width=\"450\" height=\"600\" data-id=\"2001\" src=\"https:\/\/gymnasium-eckhorst.de\/homepage\/wp-content\/uploads\/2020\/09\/phoca_thumb_l_Eingiessen_der_fluessigen_Gummibaerchenmasse_in_die_Negativformen.jpg\" alt=\"\" class=\"wp-image-2001\" srcset=\"https:\/\/gymnasium-eckhorst.de\/homepage\/wp-content\/uploads\/2020\/09\/phoca_thumb_l_Eingiessen_der_fluessigen_Gummibaerchenmasse_in_die_Negativformen.jpg 450w, https:\/\/gymnasium-eckhorst.de\/homepage\/wp-content\/uploads\/2020\/09\/phoca_thumb_l_Eingiessen_der_fluessigen_Gummibaerchenmasse_in_die_Negativformen-225x300.jpg 225w\" sizes=\"(max-width: 450px) 100vw, 450px\" \/><\/figure>\n\n\n\n<figure class=\"wp-block-image size-large\"><img loading=\"lazy\" decoding=\"async\" width=\"600\" height=\"800\" data-id=\"2002\" src=\"https:\/\/gymnasium-eckhorst.de\/homepage\/wp-content\/uploads\/2020\/09\/phoca_thumb_l_Herstellung_der_Gummibaerchenmasse-rotated.jpg\" alt=\"\" class=\"wp-image-2002\" srcset=\"https:\/\/gymnasium-eckhorst.de\/homepage\/wp-content\/uploads\/2020\/09\/phoca_thumb_l_Herstellung_der_Gummibaerchenmasse-rotated.jpg 600w, https:\/\/gymnasium-eckhorst.de\/homepage\/wp-content\/uploads\/2020\/09\/phoca_thumb_l_Herstellung_der_Gummibaerchenmasse-225x300.jpg 225w\" sizes=\"(max-width: 600px) 100vw, 600px\" \/><\/figure>\n\n\n\n<figure class=\"wp-block-image size-large\"><img loading=\"lazy\" decoding=\"async\" width=\"450\" height=\"600\" data-id=\"2003\" src=\"https:\/\/gymnasium-eckhorst.de\/homepage\/wp-content\/uploads\/2020\/09\/phoca_thumb_l_Herstellung_der_Negativformen.jpg\" alt=\"\" class=\"wp-image-2003\" srcset=\"https:\/\/gymnasium-eckhorst.de\/homepage\/wp-content\/uploads\/2020\/09\/phoca_thumb_l_Herstellung_der_Negativformen.jpg 450w, https:\/\/gymnasium-eckhorst.de\/homepage\/wp-content\/uploads\/2020\/09\/phoca_thumb_l_Herstellung_der_Negativformen-225x300.jpg 225w\" sizes=\"(max-width: 450px) 100vw, 450px\" \/><\/figure>\n\n\n\n<figure class=\"wp-block-image size-large\"><img loading=\"lazy\" decoding=\"async\" width=\"800\" height=\"446\" data-id=\"2004\" src=\"https:\/\/gymnasium-eckhorst.de\/homepage\/wp-content\/uploads\/2020\/09\/phoca_thumb_l_Screenshot_20170124-131824_Feuerspucken_mit_Baerlappsporen_1024.jpg\" alt=\"\" class=\"wp-image-2004\" srcset=\"https:\/\/gymnasium-eckhorst.de\/homepage\/wp-content\/uploads\/2020\/09\/phoca_thumb_l_Screenshot_20170124-131824_Feuerspucken_mit_Baerlappsporen_1024.jpg 800w, https:\/\/gymnasium-eckhorst.de\/homepage\/wp-content\/uploads\/2020\/09\/phoca_thumb_l_Screenshot_20170124-131824_Feuerspucken_mit_Baerlappsporen_1024-300x167.jpg 300w, https:\/\/gymnasium-eckhorst.de\/homepage\/wp-content\/uploads\/2020\/09\/phoca_thumb_l_Screenshot_20170124-131824_Feuerspucken_mit_Baerlappsporen_1024-768x428.jpg 768w\" sizes=\"(max-width: 800px) 100vw, 800px\" \/><\/figure>\n<\/figure>\n\n\n\n<hr class=\"wp-block-separator has-css-opacity\"\/>\n\n\n\n<h4 class=\"wp-block-heading\">Schulinterne Fachcurricula<\/h4>\n\n\n\n<p><em>Die unten aufgef\u00fchrten schulinternen Fachcurricula sind Kurzfassungen, die einen \u00dcberblick \u00fcber die Schwerpunkte, Besonderheiten und zu erbringenden Leistungsnachweise liefern sollen. Einzelheiten k\u00f6nnen bei den jeweiligen Fachlehrkr\u00e4ften erfragt werden.<\/em><\/p>\n\n\n\n<p class=\"has-text-align-center\"><a href=\"https:\/\/gymnasium-eckhorst.de\/homepage\/wp-content\/uploads\/2020\/10\/Che-Curriculum-Kl9-in-G9.pdf\" target=\"_blank\" rel=\"noreferrer noopener\">Klasse 9<\/a><\/p>\n\n\n\n<p class=\"has-text-align-center\"><a href=\"https:\/\/gymnasium-eckhorst.de\/homepage\/wp-content\/uploads\/2020\/10\/Che-Curriculum-Kl-10in-G9.pdf\" target=\"_blank\" rel=\"noreferrer noopener\">Klasse 10<\/a><\/p>\n","protected":false},"excerpt":{"rendered":"<p>Bei uns stimmt die Chemie\u2026 Motivierende und anschauliche Chemie &#8211; das ist das Motto unseres Unterrichts. Chemie ist in unserem Leben allgegenw\u00e4rtig, das Verstehen unseres moderne Alltags fordert Kenntnisse \u00fcber Stoffe, deren Eigenschaften und Reaktionen. Wir legen besonderen Wert auf den Bezug zur Lebenswelt der Sch\u00fcler*innen. Das Fach Chemie vermittelt naturwissenschaftliche Grundlagen, Methoden und Fertigkeiten [&hellip;]<\/p>\n","protected":false},"author":17,"featured_media":0,"parent":0,"menu_order":0,"comment_status":"closed","ping_status":"closed","template":"","meta":{"footnotes":""},"class_list":["post-1287","page","type-page","status-publish","hentry"],"_links":{"self":[{"href":"https:\/\/gymnasium-eckhorst.de\/homepage\/wp-json\/wp\/v2\/pages\/1287","targetHints":{"allow":["GET"]}}],"collection":[{"href":"https:\/\/gymnasium-eckhorst.de\/homepage\/wp-json\/wp\/v2\/pages"}],"about":[{"href":"https:\/\/gymnasium-eckhorst.de\/homepage\/wp-json\/wp\/v2\/types\/page"}],"author":[{"embeddable":true,"href":"https:\/\/gymnasium-eckhorst.de\/homepage\/wp-json\/wp\/v2\/users\/17"}],"replies":[{"embeddable":true,"href":"https:\/\/gymnasium-eckhorst.de\/homepage\/wp-json\/wp\/v2\/comments?post=1287"}],"version-history":[{"count":10,"href":"https:\/\/gymnasium-eckhorst.de\/homepage\/wp-json\/wp\/v2\/pages\/1287\/revisions"}],"predecessor-version":[{"id":17024,"href":"https:\/\/gymnasium-eckhorst.de\/homepage\/wp-json\/wp\/v2\/pages\/1287\/revisions\/17024"}],"wp:attachment":[{"href":"https:\/\/gymnasium-eckhorst.de\/homepage\/wp-json\/wp\/v2\/media?parent=1287"}],"curies":[{"name":"wp","href":"https:\/\/api.w.org\/{rel}","templated":true}]}}