{"id":1276,"date":"2020-07-25T13:16:36","date_gmt":"2020-07-25T11:16:36","guid":{"rendered":"https:\/\/gymnasium-eckhorst.de\/homepage\/?page_id=1276"},"modified":"2025-07-03T10:19:56","modified_gmt":"2025-07-03T08:19:56","slug":"franzoesisch","status":"publish","type":"page","link":"https:\/\/gymnasium-eckhorst.de\/homepage\/franzoesisch\/","title":{"rendered":"Franz\u00f6sisch"},"content":{"rendered":"\n<h4 class=\"wp-block-heading has-text-align-center\"><br><strong><em>Bienvenue chez nous !<\/em><\/strong><br><\/h4>\n\n\n\n<div class=\"wp-block-columns alignwide is-layout-flex wp-container-core-columns-is-layout-9d6595d7 wp-block-columns-is-layout-flex\">\n<div class=\"wp-block-column is-layout-flow wp-block-column-is-layout-flow\">\n<p><br><br>Am Gymnasium Eckhorst versuchen wir die Lebendigkeit und Vielfalt der franz\u00f6sischen Sprache an die Sch\u00fcler*innen weiterzugeben. Das Sprechen in alltagsnahen Situationen steht dabei im Fokus. Die hervorragende mediale Ausstattung unserer Schule erm\u00f6glicht eine methodisch vielf\u00e4ltige Sprachvermittlung. So k\u00f6nnen wir auf ein Radiostudio mit professionellem Sendeequipment und f\u00fcnf Audioschnittpl\u00e4tzen zur\u00fcckgreifen, um franz\u00f6sische Podcasts aufzunehmen oder eigene Chansons einzuspielen. Doch auch Mimik, Gestik, Haltung und Bewegung finden in unserem Franz\u00f6sischunterricht ihren Platz. Dank unseres schulinternen TV-Studios mit Greenscreen und vier Videoschnittpl\u00e4tzen k\u00f6nnen wir in die Haut einer franz\u00f6sischen Nachrichtensprecherin schl\u00fcpfen, Interviews zu aktuellen Themen verfilmen, oder auch kurze Filmszenen aus franz\u00f6sischen Klassikern nachstellen. Um die Sprache auch im allt\u00e4glichen Umfeld zu erleben und wertvolle Erfahrungen beim Sprachgebrauch sammeln zu k\u00f6nnen, organisieren wir einen Sch\u00fcler*innenaustausch mit unserer Partnerschule Josu\u00e9 Valin in La Rochelle an der Atlantikk\u00fcste. Zus\u00e4tzlich besteht die M\u00f6glichkeit in der 9. oder 10. Klasse einen Individualaustausch mit unserer Partnerschule zu machen, bei dem die Sch\u00fcler*innen f\u00fcr bis zu drei Monate in den franz\u00f6sischen Alltag eintauchen k\u00f6nnen.<\/p>\n<\/div>\n\n\n\n<div class=\"wp-block-column is-layout-flow wp-block-column-is-layout-flow\"><div class=\"wp-block-image\">\n<figure class=\"aligncenter size-large\"><img fetchpriority=\"high\" decoding=\"async\" width=\"1024\" height=\"683\" src=\"https:\/\/gymnasium-eckhorst.de\/homepage\/wp-content\/uploads\/2020\/09\/IMG_9385-1024x683.jpg\" alt=\"\" class=\"wp-image-1981\" srcset=\"https:\/\/gymnasium-eckhorst.de\/homepage\/wp-content\/uploads\/2020\/09\/IMG_9385-1024x683.jpg 1024w, https:\/\/gymnasium-eckhorst.de\/homepage\/wp-content\/uploads\/2020\/09\/IMG_9385-300x200.jpg 300w, https:\/\/gymnasium-eckhorst.de\/homepage\/wp-content\/uploads\/2020\/09\/IMG_9385-768x512.jpg 768w, https:\/\/gymnasium-eckhorst.de\/homepage\/wp-content\/uploads\/2020\/09\/IMG_9385-1536x1024.jpg 1536w, https:\/\/gymnasium-eckhorst.de\/homepage\/wp-content\/uploads\/2020\/09\/IMG_9385-2048x1365.jpg 2048w, https:\/\/gymnasium-eckhorst.de\/homepage\/wp-content\/uploads\/2020\/09\/IMG_9385-1200x800.jpg 1200w, https:\/\/gymnasium-eckhorst.de\/homepage\/wp-content\/uploads\/2020\/09\/IMG_9385-1980x1320.jpg 1980w\" sizes=\"(max-width: 1024px) 100vw, 1024px\" \/><\/figure>\n<\/div>\n\n<div class=\"wp-block-image\">\n<figure class=\"aligncenter size-large\"><img decoding=\"async\" width=\"1024\" height=\"683\" src=\"https:\/\/gymnasium-eckhorst.de\/homepage\/wp-content\/uploads\/2020\/09\/IMG_9372-1024x683.jpg\" alt=\"\" class=\"wp-image-1982\" srcset=\"https:\/\/gymnasium-eckhorst.de\/homepage\/wp-content\/uploads\/2020\/09\/IMG_9372-1024x683.jpg 1024w, https:\/\/gymnasium-eckhorst.de\/homepage\/wp-content\/uploads\/2020\/09\/IMG_9372-300x200.jpg 300w, https:\/\/gymnasium-eckhorst.de\/homepage\/wp-content\/uploads\/2020\/09\/IMG_9372-768x512.jpg 768w, https:\/\/gymnasium-eckhorst.de\/homepage\/wp-content\/uploads\/2020\/09\/IMG_9372-1536x1024.jpg 1536w, https:\/\/gymnasium-eckhorst.de\/homepage\/wp-content\/uploads\/2020\/09\/IMG_9372-2048x1365.jpg 2048w, https:\/\/gymnasium-eckhorst.de\/homepage\/wp-content\/uploads\/2020\/09\/IMG_9372-1200x800.jpg 1200w, https:\/\/gymnasium-eckhorst.de\/homepage\/wp-content\/uploads\/2020\/09\/IMG_9372-1980x1320.jpg 1980w\" sizes=\"(max-width: 1024px) 100vw, 1024px\" \/><\/figure>\n<\/div><\/div>\n<\/div>\n\n\n\n<div class=\"wp-block-columns alignwide is-layout-flex wp-container-core-columns-is-layout-9d6595d7 wp-block-columns-is-layout-flex\">\n<div class=\"wp-block-column is-layout-flow wp-block-column-is-layout-flow\"><div class=\"wp-block-image\">\n<figure class=\"aligncenter size-large\"><img decoding=\"async\" width=\"1024\" height=\"683\" src=\"https:\/\/gymnasium-eckhorst.de\/homepage\/wp-content\/uploads\/2020\/09\/IMG_9376-1024x683.jpg\" alt=\"\" class=\"wp-image-1983\" srcset=\"https:\/\/gymnasium-eckhorst.de\/homepage\/wp-content\/uploads\/2020\/09\/IMG_9376-1024x683.jpg 1024w, https:\/\/gymnasium-eckhorst.de\/homepage\/wp-content\/uploads\/2020\/09\/IMG_9376-300x200.jpg 300w, https:\/\/gymnasium-eckhorst.de\/homepage\/wp-content\/uploads\/2020\/09\/IMG_9376-768x512.jpg 768w, https:\/\/gymnasium-eckhorst.de\/homepage\/wp-content\/uploads\/2020\/09\/IMG_9376-1536x1024.jpg 1536w, https:\/\/gymnasium-eckhorst.de\/homepage\/wp-content\/uploads\/2020\/09\/IMG_9376-2048x1365.jpg 2048w, https:\/\/gymnasium-eckhorst.de\/homepage\/wp-content\/uploads\/2020\/09\/IMG_9376-1200x800.jpg 1200w, https:\/\/gymnasium-eckhorst.de\/homepage\/wp-content\/uploads\/2020\/09\/IMG_9376-1980x1320.jpg 1980w\" sizes=\"(max-width: 1024px) 100vw, 1024px\" \/><\/figure>\n<\/div><\/div>\n\n\n\n<div class=\"wp-block-column is-layout-flow wp-block-column-is-layout-flow\">\n<p><br>Unser Franz\u00f6sischunterricht basiert auf dem modernen Lehrwerk D\u00e9couvertes, das mit anregendem Lernmaterial Lust am Lernen vermittelt. Die Arbeit mit authentischen Unterrichtsmaterialien wird durch den j\u00e4hrlichen Besuch des France Mobil gest\u00fctzt. Waschechte Franz\u00f6sinnen und Franzosen bringen dabei Frankreichs Flair in unsere Klassenzimmer und vermitteln den Sch\u00fcler*innen auf humorvolle Art den Spa\u00df am Sprechen.<\/p>\n\n\n\n<p>Engagierte Sch\u00fcler*innen k\u00f6nnen das DELF-Diplom in einer eigens daf\u00fcr vorgesehenen DELF-AG erwerben.<\/p>\n\n\n\n<p>Besonders als Europa-Schule m\u00f6chten wir unsere Begeisterung f\u00fcr die Weltsprache Franz\u00f6sisch an unsere Sch\u00fcler*innen weitergeben, um die Zukunft Europas mitzugestalten.<\/p>\n<\/div>\n<\/div>\n\n\n\n<figure class=\"wp-block-gallery has-nested-images columns-2 is-cropped wp-block-gallery-1 is-layout-flex wp-block-gallery-is-layout-flex\">\n<figure class=\"wp-block-image size-large\"><img loading=\"lazy\" decoding=\"async\" width=\"768\" height=\"1024\" data-id=\"2015\" src=\"https:\/\/gymnasium-eckhorst.de\/homepage\/wp-content\/uploads\/2020\/09\/3BFEADEE-03C5-401F-869E-98EFF8023439-768x1024.jpeg\" alt=\"\" class=\"wp-image-2015\" srcset=\"https:\/\/gymnasium-eckhorst.de\/homepage\/wp-content\/uploads\/2020\/09\/3BFEADEE-03C5-401F-869E-98EFF8023439-768x1024.jpeg 768w, https:\/\/gymnasium-eckhorst.de\/homepage\/wp-content\/uploads\/2020\/09\/3BFEADEE-03C5-401F-869E-98EFF8023439-225x300.jpeg 225w, https:\/\/gymnasium-eckhorst.de\/homepage\/wp-content\/uploads\/2020\/09\/3BFEADEE-03C5-401F-869E-98EFF8023439-rotated.jpeg 960w\" sizes=\"(max-width: 768px) 100vw, 768px\" \/><\/figure>\n\n\n\n<figure class=\"wp-block-image size-large\"><img loading=\"lazy\" decoding=\"async\" width=\"766\" height=\"1024\" data-id=\"2017\" src=\"https:\/\/gymnasium-eckhorst.de\/homepage\/wp-content\/uploads\/2020\/09\/6DF163BB-EC97-4A85-AB4B-886FC6301440-766x1024.jpeg\" alt=\"\" class=\"wp-image-2017\" srcset=\"https:\/\/gymnasium-eckhorst.de\/homepage\/wp-content\/uploads\/2020\/09\/6DF163BB-EC97-4A85-AB4B-886FC6301440-766x1024.jpeg 766w, https:\/\/gymnasium-eckhorst.de\/homepage\/wp-content\/uploads\/2020\/09\/6DF163BB-EC97-4A85-AB4B-886FC6301440-225x300.jpeg 225w, https:\/\/gymnasium-eckhorst.de\/homepage\/wp-content\/uploads\/2020\/09\/6DF163BB-EC97-4A85-AB4B-886FC6301440-768x1026.jpeg 768w, https:\/\/gymnasium-eckhorst.de\/homepage\/wp-content\/uploads\/2020\/09\/6DF163BB-EC97-4A85-AB4B-886FC6301440-rotated.jpeg 958w\" sizes=\"(max-width: 766px) 100vw, 766px\" \/><\/figure>\n\n\n\n<figure class=\"wp-block-image size-large\"><img loading=\"lazy\" decoding=\"async\" width=\"1024\" height=\"768\" data-id=\"2016\" src=\"https:\/\/gymnasium-eckhorst.de\/homepage\/wp-content\/uploads\/2020\/09\/6A053984-1942-4B9A-A26F-C6405A6CB4C3-1024x768.jpeg\" alt=\"\" class=\"wp-image-2016\" srcset=\"https:\/\/gymnasium-eckhorst.de\/homepage\/wp-content\/uploads\/2020\/09\/6A053984-1942-4B9A-A26F-C6405A6CB4C3-1024x768.jpeg 1024w, https:\/\/gymnasium-eckhorst.de\/homepage\/wp-content\/uploads\/2020\/09\/6A053984-1942-4B9A-A26F-C6405A6CB4C3-300x225.jpeg 300w, https:\/\/gymnasium-eckhorst.de\/homepage\/wp-content\/uploads\/2020\/09\/6A053984-1942-4B9A-A26F-C6405A6CB4C3-768x576.jpeg 768w, https:\/\/gymnasium-eckhorst.de\/homepage\/wp-content\/uploads\/2020\/09\/6A053984-1942-4B9A-A26F-C6405A6CB4C3-1200x900.jpeg 1200w, https:\/\/gymnasium-eckhorst.de\/homepage\/wp-content\/uploads\/2020\/09\/6A053984-1942-4B9A-A26F-C6405A6CB4C3.jpeg 1280w\" sizes=\"(max-width: 1024px) 100vw, 1024px\" \/><\/figure>\n\n\n\n<figure class=\"wp-block-image size-large\"><img loading=\"lazy\" decoding=\"async\" width=\"1024\" height=\"768\" data-id=\"2018\" src=\"https:\/\/gymnasium-eckhorst.de\/homepage\/wp-content\/uploads\/2020\/09\/41FC90F9-5712-4B17-B81C-1993A2307BE7-1024x768.jpeg\" alt=\"\" class=\"wp-image-2018\" srcset=\"https:\/\/gymnasium-eckhorst.de\/homepage\/wp-content\/uploads\/2020\/09\/41FC90F9-5712-4B17-B81C-1993A2307BE7-1024x768.jpeg 1024w, https:\/\/gymnasium-eckhorst.de\/homepage\/wp-content\/uploads\/2020\/09\/41FC90F9-5712-4B17-B81C-1993A2307BE7-300x225.jpeg 300w, https:\/\/gymnasium-eckhorst.de\/homepage\/wp-content\/uploads\/2020\/09\/41FC90F9-5712-4B17-B81C-1993A2307BE7-768x576.jpeg 768w, https:\/\/gymnasium-eckhorst.de\/homepage\/wp-content\/uploads\/2020\/09\/41FC90F9-5712-4B17-B81C-1993A2307BE7-1200x900.jpeg 1200w, https:\/\/gymnasium-eckhorst.de\/homepage\/wp-content\/uploads\/2020\/09\/41FC90F9-5712-4B17-B81C-1993A2307BE7.jpeg 1280w\" sizes=\"(max-width: 1024px) 100vw, 1024px\" \/><\/figure>\n\n\n\n<figure class=\"wp-block-image size-large\"><img loading=\"lazy\" decoding=\"async\" width=\"768\" height=\"1024\" data-id=\"2020\" src=\"https:\/\/gymnasium-eckhorst.de\/homepage\/wp-content\/uploads\/2020\/09\/636C24C1-0B26-487F-B80D-01EF7A37B873_1_201_a-768x1024.jpeg\" alt=\"\" class=\"wp-image-2020\" srcset=\"https:\/\/gymnasium-eckhorst.de\/homepage\/wp-content\/uploads\/2020\/09\/636C24C1-0B26-487F-B80D-01EF7A37B873_1_201_a-768x1024.jpeg 768w, https:\/\/gymnasium-eckhorst.de\/homepage\/wp-content\/uploads\/2020\/09\/636C24C1-0B26-487F-B80D-01EF7A37B873_1_201_a-225x300.jpeg 225w, https:\/\/gymnasium-eckhorst.de\/homepage\/wp-content\/uploads\/2020\/09\/636C24C1-0B26-487F-B80D-01EF7A37B873_1_201_a.jpeg 960w\" sizes=\"(max-width: 768px) 100vw, 768px\" \/><\/figure>\n\n\n\n<figure class=\"wp-block-image size-large\"><img loading=\"lazy\" decoding=\"async\" width=\"768\" height=\"1024\" data-id=\"2021\" src=\"https:\/\/gymnasium-eckhorst.de\/homepage\/wp-content\/uploads\/2020\/09\/BF80E97D-E723-43CF-A31D-8045259DFA84-768x1024.jpeg\" alt=\"\" class=\"wp-image-2021\" srcset=\"https:\/\/gymnasium-eckhorst.de\/homepage\/wp-content\/uploads\/2020\/09\/BF80E97D-E723-43CF-A31D-8045259DFA84-768x1024.jpeg 768w, https:\/\/gymnasium-eckhorst.de\/homepage\/wp-content\/uploads\/2020\/09\/BF80E97D-E723-43CF-A31D-8045259DFA84-225x300.jpeg 225w, https:\/\/gymnasium-eckhorst.de\/homepage\/wp-content\/uploads\/2020\/09\/BF80E97D-E723-43CF-A31D-8045259DFA84-rotated.jpeg 960w\" sizes=\"(max-width: 768px) 100vw, 768px\" \/><\/figure>\n\n\n\n<figure class=\"wp-block-image size-large\"><img loading=\"lazy\" decoding=\"async\" width=\"1024\" height=\"768\" data-id=\"2019\" src=\"https:\/\/gymnasium-eckhorst.de\/homepage\/wp-content\/uploads\/2020\/09\/510DEC14-5921-4FA9-9F4E-07DCE41595AE-1024x768.jpeg\" alt=\"\" class=\"wp-image-2019\" srcset=\"https:\/\/gymnasium-eckhorst.de\/homepage\/wp-content\/uploads\/2020\/09\/510DEC14-5921-4FA9-9F4E-07DCE41595AE-1024x768.jpeg 1024w, https:\/\/gymnasium-eckhorst.de\/homepage\/wp-content\/uploads\/2020\/09\/510DEC14-5921-4FA9-9F4E-07DCE41595AE-300x225.jpeg 300w, https:\/\/gymnasium-eckhorst.de\/homepage\/wp-content\/uploads\/2020\/09\/510DEC14-5921-4FA9-9F4E-07DCE41595AE-768x576.jpeg 768w, https:\/\/gymnasium-eckhorst.de\/homepage\/wp-content\/uploads\/2020\/09\/510DEC14-5921-4FA9-9F4E-07DCE41595AE-1200x900.jpeg 1200w, https:\/\/gymnasium-eckhorst.de\/homepage\/wp-content\/uploads\/2020\/09\/510DEC14-5921-4FA9-9F4E-07DCE41595AE-rotated.jpeg 1280w\" sizes=\"(max-width: 1024px) 100vw, 1024px\" \/><\/figure>\n\n\n\n<figure class=\"wp-block-image size-large\"><img loading=\"lazy\" decoding=\"async\" width=\"1024\" height=\"768\" data-id=\"2022\" src=\"https:\/\/gymnasium-eckhorst.de\/homepage\/wp-content\/uploads\/2020\/09\/C628FE48-63FB-43EA-8A78-5580F9F4A705-1024x768.jpeg\" alt=\"\" class=\"wp-image-2022\" srcset=\"https:\/\/gymnasium-eckhorst.de\/homepage\/wp-content\/uploads\/2020\/09\/C628FE48-63FB-43EA-8A78-5580F9F4A705-1024x768.jpeg 1024w, https:\/\/gymnasium-eckhorst.de\/homepage\/wp-content\/uploads\/2020\/09\/C628FE48-63FB-43EA-8A78-5580F9F4A705-300x225.jpeg 300w, https:\/\/gymnasium-eckhorst.de\/homepage\/wp-content\/uploads\/2020\/09\/C628FE48-63FB-43EA-8A78-5580F9F4A705-768x576.jpeg 768w, https:\/\/gymnasium-eckhorst.de\/homepage\/wp-content\/uploads\/2020\/09\/C628FE48-63FB-43EA-8A78-5580F9F4A705-1200x900.jpeg 1200w, https:\/\/gymnasium-eckhorst.de\/homepage\/wp-content\/uploads\/2020\/09\/C628FE48-63FB-43EA-8A78-5580F9F4A705.jpeg 1280w\" sizes=\"(max-width: 1024px) 100vw, 1024px\" \/><\/figure>\n\n\n\n<figure class=\"wp-block-image size-large\"><img loading=\"lazy\" decoding=\"async\" width=\"1024\" height=\"768\" data-id=\"2023\" src=\"https:\/\/gymnasium-eckhorst.de\/homepage\/wp-content\/uploads\/2020\/09\/DF566C28-4721-4719-BD36-29FEB71111E0_1_105_c.jpeg\" alt=\"\" class=\"wp-image-2023\" srcset=\"https:\/\/gymnasium-eckhorst.de\/homepage\/wp-content\/uploads\/2020\/09\/DF566C28-4721-4719-BD36-29FEB71111E0_1_105_c.jpeg 1024w, https:\/\/gymnasium-eckhorst.de\/homepage\/wp-content\/uploads\/2020\/09\/DF566C28-4721-4719-BD36-29FEB71111E0_1_105_c-300x225.jpeg 300w, https:\/\/gymnasium-eckhorst.de\/homepage\/wp-content\/uploads\/2020\/09\/DF566C28-4721-4719-BD36-29FEB71111E0_1_105_c-768x576.jpeg 768w\" sizes=\"(max-width: 1024px) 100vw, 1024px\" \/><\/figure>\n\n\n\n<figure class=\"wp-block-image size-large\"><img loading=\"lazy\" decoding=\"async\" width=\"1024\" height=\"683\" data-id=\"2049\" src=\"https:\/\/gymnasium-eckhorst.de\/homepage\/wp-content\/uploads\/2020\/09\/IMG_9586-1024x683.jpg\" alt=\"\" class=\"wp-image-2049\" srcset=\"https:\/\/gymnasium-eckhorst.de\/homepage\/wp-content\/uploads\/2020\/09\/IMG_9586-1024x683.jpg 1024w, https:\/\/gymnasium-eckhorst.de\/homepage\/wp-content\/uploads\/2020\/09\/IMG_9586-300x200.jpg 300w, https:\/\/gymnasium-eckhorst.de\/homepage\/wp-content\/uploads\/2020\/09\/IMG_9586-768x512.jpg 768w, https:\/\/gymnasium-eckhorst.de\/homepage\/wp-content\/uploads\/2020\/09\/IMG_9586-1536x1024.jpg 1536w, https:\/\/gymnasium-eckhorst.de\/homepage\/wp-content\/uploads\/2020\/09\/IMG_9586-2048x1365.jpg 2048w, https:\/\/gymnasium-eckhorst.de\/homepage\/wp-content\/uploads\/2020\/09\/IMG_9586-1200x800.jpg 1200w, https:\/\/gymnasium-eckhorst.de\/homepage\/wp-content\/uploads\/2020\/09\/IMG_9586-1980x1320.jpg 1980w\" sizes=\"(max-width: 1024px) 100vw, 1024px\" \/><\/figure>\n<\/figure>\n\n\n\n<hr class=\"wp-block-separator has-css-opacity\"\/>\n\n\n\n<h4 class=\"wp-block-heading\">Schulinterne Fachcurricula<\/h4>\n\n\n\n<p><em>Die unten aufgef\u00fchrten schulinternen Fachcurricula sind Kurzfassungen, die einen \u00dcberblick \u00fcber die Schwerpunkte, Besonderheiten und zu erbringenden Leistungsnachweise liefern sollen. Einzelheiten k\u00f6nnen bei den jeweiligen Fachlehrkr\u00e4ften erfragt werden.<\/em><\/p>\n\n\n\n<p class=\"has-text-align-center\"><a href=\"https:\/\/gymnasium-eckhorst.de\/homepage\/wp-content\/uploads\/2025\/07\/Uebersicht-Curriculum-7.pdf\" target=\"_blank\" rel=\"noreferrer noopener\">Klasse 7<\/a><\/p>\n\n\n\n<p class=\"has-text-align-center\"><a href=\"https:\/\/gymnasium-eckhorst.de\/homepage\/wp-content\/uploads\/2025\/07\/Uebersicht-Curriculum-8.pdf\" target=\"_blank\" rel=\"noreferrer noopener\">Klasse 8<\/a><\/p>\n\n\n\n<p class=\"has-text-align-center\"><a href=\"https:\/\/gymnasium-eckhorst.de\/homepage\/wp-content\/uploads\/2025\/07\/Uebersicht-Curriculum-9.pdf\" target=\"_blank\" rel=\"noreferrer noopener\">Klasse 9<\/a><\/p>\n\n\n\n<p class=\"has-text-align-center\"><a href=\"https:\/\/gymnasium-eckhorst.de\/homepage\/wp-content\/uploads\/2025\/07\/Uebersicht-Curriculum-10.pdf\" target=\"_blank\" rel=\"noreferrer noopener\">Klasse 10<\/a><\/p>\n","protected":false},"excerpt":{"rendered":"<p>Bienvenue chez nous ! Am Gymnasium Eckhorst versuchen wir die Lebendigkeit und Vielfalt der franz\u00f6sischen Sprache an die Sch\u00fcler*innen weiterzugeben. Das Sprechen in alltagsnahen Situationen steht dabei im Fokus. Die hervorragende mediale Ausstattung unserer Schule erm\u00f6glicht eine methodisch vielf\u00e4ltige Sprachvermittlung. So k\u00f6nnen wir auf ein Radiostudio mit professionellem Sendeequipment und f\u00fcnf Audioschnittpl\u00e4tzen zur\u00fcckgreifen, um franz\u00f6sische [&hellip;]<\/p>\n","protected":false},"author":17,"featured_media":0,"parent":0,"menu_order":0,"comment_status":"closed","ping_status":"closed","template":"","meta":{"footnotes":""},"class_list":["post-1276","page","type-page","status-publish","hentry"],"_links":{"self":[{"href":"https:\/\/gymnasium-eckhorst.de\/homepage\/wp-json\/wp\/v2\/pages\/1276","targetHints":{"allow":["GET"]}}],"collection":[{"href":"https:\/\/gymnasium-eckhorst.de\/homepage\/wp-json\/wp\/v2\/pages"}],"about":[{"href":"https:\/\/gymnasium-eckhorst.de\/homepage\/wp-json\/wp\/v2\/types\/page"}],"author":[{"embeddable":true,"href":"https:\/\/gymnasium-eckhorst.de\/homepage\/wp-json\/wp\/v2\/users\/17"}],"replies":[{"embeddable":true,"href":"https:\/\/gymnasium-eckhorst.de\/homepage\/wp-json\/wp\/v2\/comments?post=1276"}],"version-history":[{"count":17,"href":"https:\/\/gymnasium-eckhorst.de\/homepage\/wp-json\/wp\/v2\/pages\/1276\/revisions"}],"predecessor-version":[{"id":17199,"href":"https:\/\/gymnasium-eckhorst.de\/homepage\/wp-json\/wp\/v2\/pages\/1276\/revisions\/17199"}],"wp:attachment":[{"href":"https:\/\/gymnasium-eckhorst.de\/homepage\/wp-json\/wp\/v2\/media?parent=1276"}],"curies":[{"name":"wp","href":"https:\/\/api.w.org\/{rel}","templated":true}]}}