{"id":1274,"date":"2020-07-25T13:15:55","date_gmt":"2020-07-25T11:15:55","guid":{"rendered":"https:\/\/gymnasium-eckhorst.de\/homepage\/?page_id=1274"},"modified":"2025-05-07T08:44:43","modified_gmt":"2025-05-07T06:44:43","slug":"englisch","status":"publish","type":"page","link":"https:\/\/gymnasium-eckhorst.de\/homepage\/englisch\/","title":{"rendered":"Englisch"},"content":{"rendered":"\n<div class=\"wp-block-columns alignwide is-layout-flex wp-container-core-columns-is-layout-9d6595d7 wp-block-columns-is-layout-flex\">\n<div class=\"wp-block-column is-layout-flow wp-block-column-is-layout-flow\">\n<h4 class=\"wp-block-heading has-text-align-center\">Welcome to the English Department<\/h4>\n\n\n\n<p>Wir sind eine der gr\u00f6\u00dften Fachschaften am Gymnasium Eckhorst, da alle Sch\u00fcler*innen von der 5. Klasse bis zum Abitur im Fach Englisch unterrichtet werden. Gut Englisch zu sprechen ist heutzutage eine Grundvoraussetzung. Die Verst\u00e4ndigung mit Menschen weltweit \u2013 im realen Leben oder Internet, das Zurechtfinden im Ausland, aber auch bessere Berufschancen auf dem internationalen Arbeitsmarkt gelingen und entstehen am besten mit guten Englischkenntnissen.<\/p>\n\n\n\n<p>Englisch ist Weltsprache Nummer eins und daher auch Fremdsprache Nummer eins.<\/p>\n\n\n\n<p>Die Englischlehrer*innen an der Europaschule Gymnasium Eckhorst bereiten die Sch\u00fcler*innen mit ihrem Unterricht auf diese vielf\u00e4ltigen Anforderungen vor. Es werden authentische Sprechanl\u00e4sse geschaffen, in denen die Sch\u00fcler*innen durch das Nachstellen lebensnaher Situationen, ihre F\u00e4higkeiten einsetzen und verbessern k\u00f6nnen. So kann zum Beispiel ein Besuch auf einem englischen Wochenmarkt im Klassenraum simuliert werden, auf der B\u00fchne unserer \u201eKuhle\u201c oder auch in unserem sehr gut ausgestatteten Medienzentrum mit Greenscreen im Hintergrund, in den sp\u00e4ter das Bild eines echten Marktes eingef\u00fcgt werden kann. In unserem Medienzentrum entstehen englischsprachige Dialoge, Trailer, Filme, Lernvideos, f\u00e4cher\u00fcbergreifende bilinguale Projekte und noch vieles mehr.<\/p>\n\n\n\n<p>Die erforderlichen kommunikativen Kompetenzen werden kontinuierlich im Unterricht angewendet und gef\u00f6rdert, dazu geh\u00f6ren neben dem Sprechen auch das Schreiben, die Sprachmittlung, das Leseverstehen, das H\u00f6rverstehen und das H\u00f6rsehverstehen. Die Sch\u00fcler*innen werden somit progressiv auf die Anforderungen des Abiturs vorbereitet, die derzeit das Schreiben, die Sprachmittlung und das Sprechen umfassen.<\/p>\n\n\n\n<p>Als gemeinsame Grundlage arbeiten wir mit dem aktuellen Lehrwerk ACCESS, das auf die Bed\u00fcrfnisse des G9-Unterrichts abgestimmt ist.<\/p>\n\n\n\n<p>Zus\u00e4tzliche Angebote, wie zum Beispiel Englisches Theater, Profiltage im Sprachprofil, die Cambridge-AG oder auch English in Action (<a href=\"http:\/\/www.englishinaction.com\" target=\"_blank\" rel=\"noreferrer noopener\">englishinaction.com<\/a>), das seit 2013 in der letzten Woche der Sommerferien f\u00fcr die 5. und 6. Klassen angeboten wird, bereichern und erg\u00e4nzen unseren Fachunterricht. In der Oberstufe k\u00f6nnen Studienfahrten nach Gro\u00dfbritannien oder Irland angeboten werden.<\/p>\n\n\n\n<p>See you soon!<\/p>\n<\/div>\n\n\n\n<div class=\"wp-block-column is-layout-flow wp-block-column-is-layout-flow\">\n<figure class=\"wp-block-gallery aligncenter has-nested-images columns-2 is-cropped wp-block-gallery-1 is-layout-flex wp-block-gallery-is-layout-flex\">\n<figure class=\"wp-block-image size-large\"><img fetchpriority=\"high\" decoding=\"async\" width=\"523\" height=\"291\" data-id=\"2309\" src=\"https:\/\/gymnasium-eckhorst.de\/homepage\/wp-content\/uploads\/2020\/11\/Bild3.jpg\" alt=\"\" class=\"wp-image-2309\" srcset=\"https:\/\/gymnasium-eckhorst.de\/homepage\/wp-content\/uploads\/2020\/11\/Bild3.jpg 523w, https:\/\/gymnasium-eckhorst.de\/homepage\/wp-content\/uploads\/2020\/11\/Bild3-300x167.jpg 300w\" sizes=\"(max-width: 523px) 100vw, 523px\" \/><\/figure>\n\n\n\n<figure class=\"wp-block-image size-large\"><img decoding=\"async\" width=\"521\" height=\"290\" data-id=\"2310\" src=\"https:\/\/gymnasium-eckhorst.de\/homepage\/wp-content\/uploads\/2020\/11\/Bild4.jpg\" alt=\"\" class=\"wp-image-2310\" srcset=\"https:\/\/gymnasium-eckhorst.de\/homepage\/wp-content\/uploads\/2020\/11\/Bild4.jpg 521w, https:\/\/gymnasium-eckhorst.de\/homepage\/wp-content\/uploads\/2020\/11\/Bild4-300x167.jpg 300w\" sizes=\"(max-width: 521px) 100vw, 521px\" \/><\/figure>\n\n\n\n<figure class=\"wp-block-image size-large\"><img decoding=\"async\" width=\"520\" height=\"264\" data-id=\"2308\" src=\"https:\/\/gymnasium-eckhorst.de\/homepage\/wp-content\/uploads\/2020\/11\/Bild2.jpg\" alt=\"\" class=\"wp-image-2308\" srcset=\"https:\/\/gymnasium-eckhorst.de\/homepage\/wp-content\/uploads\/2020\/11\/Bild2.jpg 520w, https:\/\/gymnasium-eckhorst.de\/homepage\/wp-content\/uploads\/2020\/11\/Bild2-300x152.jpg 300w\" sizes=\"(max-width: 520px) 100vw, 520px\" \/><\/figure>\n<figcaption class=\"blocks-gallery-caption wp-element-caption\">Englischsprachige Klassenprojekte mit Greenscreen im Medienzentrum<\/figcaption><\/figure>\n<\/div>\n<\/div>\n\n\n\n<div class=\"wp-block-columns alignwide is-layout-flex wp-container-core-columns-is-layout-9d6595d7 wp-block-columns-is-layout-flex\">\n<div class=\"wp-block-column is-layout-flow wp-block-column-is-layout-flow\">\n<figure class=\"wp-block-gallery aligncenter has-nested-images columns-2 is-cropped wp-block-gallery-2 is-layout-flex wp-block-gallery-is-layout-flex\">\n<figure class=\"wp-block-image size-large\"><img loading=\"lazy\" decoding=\"async\" width=\"345\" height=\"203\" data-id=\"2311\" src=\"https:\/\/gymnasium-eckhorst.de\/homepage\/wp-content\/uploads\/2020\/11\/Bild5.jpg\" alt=\"\" class=\"wp-image-2311\" srcset=\"https:\/\/gymnasium-eckhorst.de\/homepage\/wp-content\/uploads\/2020\/11\/Bild5.jpg 345w, https:\/\/gymnasium-eckhorst.de\/homepage\/wp-content\/uploads\/2020\/11\/Bild5-300x177.jpg 300w\" sizes=\"(max-width: 345px) 100vw, 345px\" \/><\/figure>\n\n\n\n<figure class=\"wp-block-image size-large\"><img loading=\"lazy\" decoding=\"async\" width=\"332\" height=\"244\" data-id=\"2312\" src=\"https:\/\/gymnasium-eckhorst.de\/homepage\/wp-content\/uploads\/2020\/11\/Bild6.jpg\" alt=\"\" class=\"wp-image-2312\" srcset=\"https:\/\/gymnasium-eckhorst.de\/homepage\/wp-content\/uploads\/2020\/11\/Bild6.jpg 332w, https:\/\/gymnasium-eckhorst.de\/homepage\/wp-content\/uploads\/2020\/11\/Bild6-300x220.jpg 300w\" sizes=\"(max-width: 332px) 100vw, 332px\" \/><\/figure>\n\n\n\n<figure class=\"wp-block-image size-large\"><img loading=\"lazy\" decoding=\"async\" width=\"413\" height=\"310\" data-id=\"2313\" src=\"https:\/\/gymnasium-eckhorst.de\/homepage\/wp-content\/uploads\/2020\/11\/Bild7.jpg\" alt=\"\" class=\"wp-image-2313\" srcset=\"https:\/\/gymnasium-eckhorst.de\/homepage\/wp-content\/uploads\/2020\/11\/Bild7.jpg 413w, https:\/\/gymnasium-eckhorst.de\/homepage\/wp-content\/uploads\/2020\/11\/Bild7-300x225.jpg 300w\" sizes=\"(max-width: 413px) 100vw, 413px\" \/><\/figure>\n\n\n\n<figure class=\"wp-block-image size-large\"><img loading=\"lazy\" decoding=\"async\" width=\"260\" height=\"362\" data-id=\"2316\" src=\"https:\/\/gymnasium-eckhorst.de\/homepage\/wp-content\/uploads\/2020\/11\/Bild10.jpg\" alt=\"\" class=\"wp-image-2316\" srcset=\"https:\/\/gymnasium-eckhorst.de\/homepage\/wp-content\/uploads\/2020\/11\/Bild10.jpg 260w, https:\/\/gymnasium-eckhorst.de\/homepage\/wp-content\/uploads\/2020\/11\/Bild10-215x300.jpg 215w\" sizes=\"(max-width: 260px) 100vw, 260px\" \/><\/figure>\n\n\n\n<figure class=\"wp-block-image size-large\"><img loading=\"lazy\" decoding=\"async\" width=\"200\" height=\"269\" data-id=\"2314\" src=\"https:\/\/gymnasium-eckhorst.de\/homepage\/wp-content\/uploads\/2020\/11\/Bild8.jpg\" alt=\"\" class=\"wp-image-2314\"\/><\/figure>\n\n\n\n<figure class=\"wp-block-image size-large\"><img loading=\"lazy\" decoding=\"async\" width=\"404\" height=\"303\" data-id=\"2315\" src=\"https:\/\/gymnasium-eckhorst.de\/homepage\/wp-content\/uploads\/2020\/11\/Bild9.jpg\" alt=\"\" class=\"wp-image-2315\" srcset=\"https:\/\/gymnasium-eckhorst.de\/homepage\/wp-content\/uploads\/2020\/11\/Bild9.jpg 404w, https:\/\/gymnasium-eckhorst.de\/homepage\/wp-content\/uploads\/2020\/11\/Bild9-300x225.jpg 300w\" sizes=\"(max-width: 404px) 100vw, 404px\" \/><\/figure>\n<figcaption class=\"blocks-gallery-caption wp-element-caption\">Eindr\u00fccke vom \u201eEnglish in Action\u201c Sommerferienkurs<\/figcaption><\/figure>\n<\/div>\n\n\n\n<div class=\"wp-block-column is-layout-flow wp-block-column-is-layout-flow\">\n<figure class=\"wp-block-gallery aligncenter has-nested-images columns-default is-cropped wp-block-gallery-3 is-layout-flex wp-block-gallery-is-layout-flex\">\n<figure class=\"wp-block-image size-large\"><img loading=\"lazy\" decoding=\"async\" width=\"245\" height=\"421\" data-id=\"2317\" src=\"https:\/\/gymnasium-eckhorst.de\/homepage\/wp-content\/uploads\/2020\/11\/Bild11.jpg\" alt=\"\" class=\"wp-image-2317\" srcset=\"https:\/\/gymnasium-eckhorst.de\/homepage\/wp-content\/uploads\/2020\/11\/Bild11.jpg 245w, https:\/\/gymnasium-eckhorst.de\/homepage\/wp-content\/uploads\/2020\/11\/Bild11-175x300.jpg 175w\" sizes=\"(max-width: 245px) 100vw, 245px\" \/><\/figure>\n\n\n\n<figure class=\"wp-block-image size-large\"><img loading=\"lazy\" decoding=\"async\" width=\"255\" height=\"420\" data-id=\"2318\" src=\"https:\/\/gymnasium-eckhorst.de\/homepage\/wp-content\/uploads\/2020\/11\/Bild12.jpg\" alt=\"\" class=\"wp-image-2318\" srcset=\"https:\/\/gymnasium-eckhorst.de\/homepage\/wp-content\/uploads\/2020\/11\/Bild12.jpg 255w, https:\/\/gymnasium-eckhorst.de\/homepage\/wp-content\/uploads\/2020\/11\/Bild12-182x300.jpg 182w\" sizes=\"(max-width: 255px) 100vw, 255px\" \/><\/figure>\n<figcaption class=\"blocks-gallery-caption wp-element-caption\">Studienfahrt nach London &#8211; Original und Nachbau<\/figcaption><\/figure>\n\n\n\n<figure class=\"wp-block-gallery aligncenter has-nested-images columns-default is-cropped wp-block-gallery-4 is-layout-flex wp-block-gallery-is-layout-flex\">\n<figure class=\"wp-block-image size-large\"><img loading=\"lazy\" decoding=\"async\" width=\"604\" height=\"454\" data-id=\"2319\" src=\"https:\/\/gymnasium-eckhorst.de\/homepage\/wp-content\/uploads\/2020\/11\/Bild13.jpg\" alt=\"\" class=\"wp-image-2319\" srcset=\"https:\/\/gymnasium-eckhorst.de\/homepage\/wp-content\/uploads\/2020\/11\/Bild13.jpg 604w, https:\/\/gymnasium-eckhorst.de\/homepage\/wp-content\/uploads\/2020\/11\/Bild13-300x225.jpg 300w\" sizes=\"(max-width: 604px) 100vw, 604px\" \/><\/figure>\n<figcaption class=\"blocks-gallery-caption wp-element-caption\">Besuch im Globe Theatre London<\/figcaption><\/figure>\n<\/div>\n<\/div>\n\n\n\n<figure class=\"wp-block-gallery aligncenter has-nested-images columns-2 is-cropped wp-block-gallery-5 is-layout-flex wp-block-gallery-is-layout-flex\">\n<figure class=\"wp-block-image size-large\"><img loading=\"lazy\" decoding=\"async\" width=\"434\" height=\"234\" data-id=\"2320\" src=\"https:\/\/gymnasium-eckhorst.de\/homepage\/wp-content\/uploads\/2020\/11\/Bild14.jpg\" alt=\"\" class=\"wp-image-2320\" srcset=\"https:\/\/gymnasium-eckhorst.de\/homepage\/wp-content\/uploads\/2020\/11\/Bild14.jpg 434w, https:\/\/gymnasium-eckhorst.de\/homepage\/wp-content\/uploads\/2020\/11\/Bild14-300x162.jpg 300w\" sizes=\"(max-width: 434px) 100vw, 434px\" \/><\/figure>\n\n\n\n<figure class=\"wp-block-image size-large\"><img loading=\"lazy\" decoding=\"async\" width=\"468\" height=\"244\" data-id=\"2321\" src=\"https:\/\/gymnasium-eckhorst.de\/homepage\/wp-content\/uploads\/2020\/11\/Bild15.jpg\" alt=\"\" class=\"wp-image-2321\" srcset=\"https:\/\/gymnasium-eckhorst.de\/homepage\/wp-content\/uploads\/2020\/11\/Bild15.jpg 468w, https:\/\/gymnasium-eckhorst.de\/homepage\/wp-content\/uploads\/2020\/11\/Bild15-300x156.jpg 300w\" sizes=\"(max-width: 468px) 100vw, 468px\" \/><\/figure>\n\n\n\n<figure class=\"wp-block-image size-large\"><img loading=\"lazy\" decoding=\"async\" width=\"496\" height=\"264\" data-id=\"2306\" src=\"https:\/\/gymnasium-eckhorst.de\/homepage\/wp-content\/uploads\/2020\/11\/Bild16.jpg\" alt=\"\" class=\"wp-image-2306\" srcset=\"https:\/\/gymnasium-eckhorst.de\/homepage\/wp-content\/uploads\/2020\/11\/Bild16.jpg 496w, https:\/\/gymnasium-eckhorst.de\/homepage\/wp-content\/uploads\/2020\/11\/Bild16-300x160.jpg 300w\" sizes=\"(max-width: 496px) 100vw, 496px\" \/><\/figure>\n<figcaption class=\"blocks-gallery-caption wp-element-caption\">Bilinguale Projekte Sport\/Englisch<\/figcaption><\/figure>\n\n\n\n<hr class=\"wp-block-separator has-css-opacity\"\/>\n\n\n\n<h4 class=\"wp-block-heading\">Schulinterne Fachcurricula<\/h4>\n\n\n\n<p><em>Die unten aufgef\u00fchrten schulinternen Fachcurricula sind Kurzfassungen, die einen \u00dcberblick \u00fcber die Schwerpunkte, Besonderheiten und zu erbringenden Leistungsnachweise liefern sollen. Einzelheiten k\u00f6nnen bei den jeweiligen Fachlehrkr\u00e4ften erfragt werden.<\/em><\/p>\n\n\n\n<p class=\"has-text-align-center\"><a href=\"https:\/\/gymnasium-eckhorst.de\/homepage\/wp-content\/uploads\/2020\/10\/Uebersicht-Englisch-Curriculum-5.pdf\" target=\"_blank\" rel=\"noreferrer noopener\">Klasse 5<\/a><\/p>\n\n\n\n<p class=\"has-text-align-center\"><a href=\"https:\/\/gymnasium-eckhorst.de\/homepage\/wp-content\/uploads\/2020\/10\/Uebersicht-Englisch-Curriculum-6.pdf\" target=\"_blank\" rel=\"noreferrer noopener\">Klasse 6<\/a><\/p>\n\n\n\n<p class=\"has-text-align-center\"><a href=\"https:\/\/gymnasium-eckhorst.de\/homepage\/wp-content\/uploads\/2020\/10\/Uebersicht-Englisch-Curriculum-7.pdf\" target=\"_blank\" rel=\"noreferrer noopener\">Klasse 7<\/a><\/p>\n\n\n\n<p class=\"has-text-align-center\"><a href=\"https:\/\/gymnasium-eckhorst.de\/homepage\/wp-content\/uploads\/2020\/10\/Uebersicht-Englisch-Curriculum-8.pdf\" target=\"_blank\" rel=\"noreferrer noopener\">Klasse 8<\/a><\/p>\n\n\n\n<p class=\"has-text-align-center\"><a href=\"https:\/\/gymnasium-eckhorst.de\/homepage\/wp-content\/uploads\/2020\/10\/Uebersicht-Englisch-Curriculum-9.pdf\" target=\"_blank\" rel=\"noreferrer noopener\">Klasse 9<\/a><\/p>\n\n\n\n<p class=\"has-text-align-center\"><a href=\"https:\/\/gymnasium-eckhorst.de\/homepage\/wp-content\/uploads\/2020\/10\/Uebersicht-Englisch-Curriculum-10.pdf\" target=\"_blank\" rel=\"noreferrer noopener\">Klasse 10<\/a><\/p>\n","protected":false},"excerpt":{"rendered":"<p>Welcome to the English Department Wir sind eine der gr\u00f6\u00dften Fachschaften am Gymnasium Eckhorst, da alle Sch\u00fcler*innen von der 5. Klasse bis zum Abitur im Fach Englisch unterrichtet werden. Gut Englisch zu sprechen ist heutzutage eine Grundvoraussetzung. Die Verst\u00e4ndigung mit Menschen weltweit \u2013 im realen Leben oder Internet, das Zurechtfinden im Ausland, aber auch bessere [&hellip;]<\/p>\n","protected":false},"author":17,"featured_media":0,"parent":0,"menu_order":0,"comment_status":"closed","ping_status":"closed","template":"","meta":{"footnotes":""},"class_list":["post-1274","page","type-page","status-publish","hentry"],"_links":{"self":[{"href":"https:\/\/gymnasium-eckhorst.de\/homepage\/wp-json\/wp\/v2\/pages\/1274","targetHints":{"allow":["GET"]}}],"collection":[{"href":"https:\/\/gymnasium-eckhorst.de\/homepage\/wp-json\/wp\/v2\/pages"}],"about":[{"href":"https:\/\/gymnasium-eckhorst.de\/homepage\/wp-json\/wp\/v2\/types\/page"}],"author":[{"embeddable":true,"href":"https:\/\/gymnasium-eckhorst.de\/homepage\/wp-json\/wp\/v2\/users\/17"}],"replies":[{"embeddable":true,"href":"https:\/\/gymnasium-eckhorst.de\/homepage\/wp-json\/wp\/v2\/comments?post=1274"}],"version-history":[{"count":7,"href":"https:\/\/gymnasium-eckhorst.de\/homepage\/wp-json\/wp\/v2\/pages\/1274\/revisions"}],"predecessor-version":[{"id":16992,"href":"https:\/\/gymnasium-eckhorst.de\/homepage\/wp-json\/wp\/v2\/pages\/1274\/revisions\/16992"}],"wp:attachment":[{"href":"https:\/\/gymnasium-eckhorst.de\/homepage\/wp-json\/wp\/v2\/media?parent=1274"}],"curies":[{"name":"wp","href":"https:\/\/api.w.org\/{rel}","templated":true}]}}